{"id":8610,"date":"2025-02-21T13:00:12","date_gmt":"2025-02-21T13:00:12","guid":{"rendered":"https:\/\/neuropathyreliefmiami.com\/neuropatia\/"},"modified":"2025-03-10T14:06:01","modified_gmt":"2025-03-10T14:06:01","slug":"neuropatia","status":"publish","type":"page","link":"https:\/\/neuropathyreliefmiami.com\/es\/neuropatia\/","title":{"rendered":"Neuropat\u00eda"},"content":{"rendered":"\n<div id=\"wp-block-themeisle-blocks-advanced-columns-678cc482\" class=\"wp-block-themeisle-blocks-advanced-columns alignfull has-1-columns has-desktop-equal-layout has-tablet-equal-layout has-mobile-collapsedRows-layout has-reverse-columns-mobile has-vertical-bottom ticss-c00aadba has-dark-bg\"><div class=\"wp-block-themeisle-blocks-advanced-columns-overlay\"><\/div><div class=\"innerblocks-wrap\">\n<div id=\"wp-block-themeisle-blocks-advanced-column-4d412c51\" class=\"wp-block-themeisle-blocks-advanced-column\">\n<h2 id=\"wp-block-themeisle-blocks-advanced-heading-fb3c7a39\" class=\"wp-block-themeisle-blocks-advanced-heading wp-block-themeisle-blocks-advanced-heading-fb3c7a39\">Neuropat\u00eda<\/h2>\n<\/div>\n<\/div><\/div>\n\n\n\n<p><\/p>\n\n\n\n<p>La neuropat\u00eda tiene muchas posibles causas, incluyendo enfermedades, lesiones o tratamientos para enfermedades cr\u00f3nicas, pero es insidiosa en el sentido de que la mayor\u00eda de los pacientes no reconocen los primeros s\u00edntomas como un posible problema a largo plazo. Pueden notar una sensaci\u00f3n de ardor en las manos o los pies, o que sus extremidades parecen estar constantemente fr\u00edas. Tambi\u00e9n pueden experimentar debilidad en las manos o falta de sensibilidad en los dedos de los pies. Esto puede indicar que los nervios en estas \u00e1reas est\u00e1n siendo afectados y, en la mayor\u00eda de los casos, la neuropat\u00eda es progresiva, con s\u00edntomas que se intensifican con el tiempo hasta convertirse en entumecimiento, calambres o inestabilidad al caminar. Debido a que los primeros s\u00edntomas parecen leves, la mayor\u00eda de los pacientes no se dan cuenta de lo disruptiva que puede llegar a ser la neuropat\u00eda si no se maneja adecuadamente.<\/p>\n\n\n<div class=\"pt-cv-wrapper\"><div class=\"pt-cv-view pt-cv-blockgrid iscvblock iscvhybrid grid1 layout1\" id=\"pt-cv-view-1dcdc0c7q4\"><div data-id=\"pt-cv-page-1\" class=\"pt-cv-page\" data-cvc=\"2\"><div class=\" pt-cv-content-item pt-cv-1-col\"  data-pid=\"2454\"><div class=\"pt-cv-thumb-wrapper  \"><a href=\"https:\/\/neuropathyreliefmiami.com\/es\/neuropatia-sensorial\/\" class=\"_self pt-cv-href-thumbnail pt-cv-thumb-default cvplbd\" target=\"_self\" ><img decoding=\"async\" width=\"300\" src=\"http:\/\/neuropathyreliefmiami.com\/wp-content\/uploads\/2025\/01\/sensory-neuropathy-1.webp\" class=\"pt-cv-thumbnail img-none cvp-substitute\" alt=\"neuropat\u00eda sensorial\" title=\"\" \/><\/a><\/div>\n<div class=\"pt-cv-taxoterm above_title\"><\/div>\n<h4 class=\"pt-cv-title\"><a href=\"https:\/\/neuropathyreliefmiami.com\/es\/neuropatia-sensorial\/\" class=\"_self cvplbd\" target=\"_self\" >Neuropat\u00eda sensorial<\/a><\/h4>\n<div class=\"pt-cv-content\">Neuropat\u00eda sensorial \u00bfQu\u00e9 es la neuropat\u00eda sensorial? El sistema nervioso perif\u00e9rico (SNP) est\u00e1 compuesto por nervios fuera del cerebro y ...<br \/><div class=\"pt-cv-rmwrap\"><a href=\"https:\/\/neuropathyreliefmiami.com\/es\/neuropatia-sensorial\/\" class=\"_self pt-cv-readmore btn btn-success cvplbd\" target=\"_self\">Leer m\u00e1s<\/a><\/div><\/div><\/div>\n<div class=\" pt-cv-content-item pt-cv-1-col\"  data-pid=\"2358\"><div class=\"pt-cv-thumb-wrapper  \"><a href=\"https:\/\/neuropathyreliefmiami.com\/es\/neuropatia-periferica-diabetica\/\" class=\"_self pt-cv-href-thumbnail pt-cv-thumb-default cvplbd\" target=\"_self\" ><img decoding=\"async\" width=\"300\" src=\"http:\/\/neuropathyreliefmiami.com\/wp-content\/uploads\/2025\/01\/diabetic-neuropathy-1.webp\" class=\"pt-cv-thumbnail img-none cvp-substitute\" alt=\"Neuropat\u00eda Perif\u00e9rica Diab\u00e9tica\" title=\"\" \/><\/a><\/div>\n<div class=\"pt-cv-taxoterm above_title\"><\/div>\n<h4 class=\"pt-cv-title\"><a href=\"https:\/\/neuropathyreliefmiami.com\/es\/neuropatia-periferica-diabetica\/\" class=\"_self cvplbd\" target=\"_self\" >Neuropat\u00eda Perif\u00e9rica Diab\u00e9tica<\/a><\/h4>\n<div class=\"pt-cv-content\">Neuropat\u00eda Perif\u00e9rica Diab\u00e9tica \u00bfQu\u00e9 es la Neuropat\u00eda Perif\u00e9rica Diab\u00e9tica? La neuropat\u00eda perif\u00e9rica diab\u00e9tica (NPD) es una complicaci\u00f3n com\u00fan de la ...<br \/><div class=\"pt-cv-rmwrap\"><a href=\"https:\/\/neuropathyreliefmiami.com\/es\/neuropatia-periferica-diabetica\/\" class=\"_self pt-cv-readmore btn btn-success cvplbd\" target=\"_self\">Leer m\u00e1s<\/a><\/div><\/div><\/div>\n<div class=\" pt-cv-content-item pt-cv-1-col\"  data-pid=\"2405\"><div class=\"pt-cv-thumb-wrapper  \"><a href=\"https:\/\/neuropathyreliefmiami.com\/es\/neuropatia-compresiva\/\" class=\"_self pt-cv-href-thumbnail pt-cv-thumb-default cvplbd\" target=\"_self\" ><img loading=\"lazy\" decoding=\"async\" width=\"300\" height=\"300\" src=\"https:\/\/neuropathyreliefmiami.com\/wp-content\/uploads\/2025\/02\/compression-neuropathy-causes-symptoms-and-advanced-treatment-options-5-300x300.webp\" class=\"pt-cv-thumbnail img-none\" alt=\"Neuropat\u00eda compresiva: causas, s\u00edntomas y opciones avanzadas de tratamiento\" srcset=\"https:\/\/neuropathyreliefmiami.com\/wp-content\/uploads\/2025\/02\/compression-neuropathy-causes-symptoms-and-advanced-treatment-options-5-300x300.webp 300w, https:\/\/neuropathyreliefmiami.com\/wp-content\/uploads\/2025\/02\/compression-neuropathy-causes-symptoms-and-advanced-treatment-options-5-150x150.webp 150w, https:\/\/neuropathyreliefmiami.com\/wp-content\/uploads\/2025\/02\/compression-neuropathy-causes-symptoms-and-advanced-treatment-options-5-768x768.webp 768w, https:\/\/neuropathyreliefmiami.com\/wp-content\/uploads\/2025\/02\/compression-neuropathy-causes-symptoms-and-advanced-treatment-options-5.webp 1000w\" sizes=\"auto, (max-width: 300px) 100vw, 300px\" \/><\/a><\/div>\n<div class=\"pt-cv-taxoterm above_title\"><\/div>\n<h4 class=\"pt-cv-title\"><a href=\"https:\/\/neuropathyreliefmiami.com\/es\/neuropatia-compresiva\/\" class=\"_self cvplbd\" target=\"_self\" >Neuropat\u00eda compresiva: causas, s\u00edntomas y opciones avanzadas de tratamiento<\/a><\/h4>\n<div class=\"pt-cv-content\">Neuropat\u00eda compresiva: causas, s\u00edntomas y opciones avanzadas de tratamiento \u00bfEst\u00e1s en riesgo de neuropat\u00eda compresiva? La neuropat\u00eda compresiva, tambi\u00e9n conocida ...<br \/><div class=\"pt-cv-rmwrap\"><a href=\"https:\/\/neuropathyreliefmiami.com\/es\/neuropatia-compresiva\/\" class=\"_self pt-cv-readmore btn btn-success cvplbd\" target=\"_self\">Leer m\u00e1s<\/a><\/div><\/div><\/div>\n<div class=\" pt-cv-content-item pt-cv-1-col\"  data-pid=\"2458\"><div class=\"pt-cv-thumb-wrapper  \"><a href=\"https:\/\/neuropathyreliefmiami.com\/es\/neuropatia-periferica-inducida-por-quimioterapia-cipn\/\" class=\"_self pt-cv-href-thumbnail pt-cv-thumb-default cvplbd\" target=\"_self\" ><img decoding=\"async\" width=\"300\" src=\"http:\/\/neuropathyreliefmiami.com\/wp-content\/uploads\/2025\/01\/chemotherapy-induced-peripheral-neuropathy-cipn-1.webp\" class=\"pt-cv-thumbnail img-none cvp-substitute\" alt=\"Neuropat\u00eda Perif\u00e9rica Inducida por Quimioterapia CIPN\" title=\"\" \/><\/a><\/div>\n<div class=\"pt-cv-taxoterm above_title\"><\/div>\n<h4 class=\"pt-cv-title\"><a href=\"https:\/\/neuropathyreliefmiami.com\/es\/neuropatia-periferica-inducida-por-quimioterapia-cipn\/\" class=\"_self cvplbd\" target=\"_self\" >Neuropat\u00eda Perif\u00e9rica Inducida por Quimioterapia CIPN<\/a><\/h4>\n<div class=\"pt-cv-content\">Neuropat\u00eda Perif\u00e9rica Inducida por Quimioterapia CIPN La Neuropat\u00eda Perif\u00e9rica Inducida por Quimioterapia CIPN es un efecto secundario adverso de los ...<br \/><div class=\"pt-cv-rmwrap\"><a href=\"https:\/\/neuropathyreliefmiami.com\/es\/neuropatia-periferica-inducida-por-quimioterapia-cipn\/\" class=\"_self pt-cv-readmore btn btn-success cvplbd\" target=\"_self\">Leer m\u00e1s<\/a><\/div><\/div><\/div><\/div><\/div><\/div>\t\t\t<style type=\"text\/css\" id=\"pt-cv-inline-style-1538471zq3\">\n#pt-cv-view-1dcdc0c7q4 .pt-cv-thumb-wrapper:not(.miniwrap) {  }#pt-cv-view-1dcdc0c7q4 .pt-cv-thumbnail:not(.pt-cv-thumbnailsm) { height: 250px; }#pt-cv-view-1dcdc0c7q4 > .pt-cv-page {grid-template-columns: repeat(2, 1fr);grid-gap: 15px;}\n@media all and (max-width: 1024px) { \n#pt-cv-view-1dcdc0c7q4 > .pt-cv-page {grid-template-columns: repeat(1, 1fr);}\n} \n@media all and (max-width: 767px) { \n#pt-cv-view-1dcdc0c7q4 > .pt-cv-page {grid-template-columns: repeat(1, 1fr);}\n} <\/style>\r\n\t\t\t\t\t\t<style type=\"text\/css\" id=\"pt-cv-inline-style-8e9e3a3kf4\">#pt-cv-view-1dcdc0c7q4 .pt-cv-title a, #pt-cv-view-1dcdc0c7q4  .panel-title { font-weight: 600 !important; }\n#pt-cv-view-1dcdc0c7q4 .pt-cv-readmore  { color: #ffffff !important; background-color: #00aeef !important; }\n#pt-cv-view-1dcdc0c7q4 .pt-cv-readmore:hover  { color: #ffffff !important; background-color: #00aeef !important; }<\/style>\r\n\t\t\t\n\n\n\n<section id=\"wp-block-themeisle-blocks-advanced-columns-cb87630d\" class=\"wp-block-themeisle-blocks-advanced-columns alignfull has-1-columns has-desktop-equal-layout has-tablet-equal-layout has-mobile-equal-layout has-vertical-center has-dark-bg\"><div class=\"wp-block-themeisle-blocks-advanced-columns-overlay\"><\/div><div class=\"innerblocks-wrap\">\n<div id=\"wp-block-themeisle-blocks-advanced-column-a521c34e\" class=\"wp-block-themeisle-blocks-advanced-column\">\n<h2 class=\"wp-block-heading has-text-align-center has-text-color\" style=\"color:#fff200\">Ll\u00e1menos para una consulta gratuita<br><mark style=\"background-color:rgba(0, 0, 0, 0);color:#ffd900\" class=\"has-inline-color\"><br><a title=\"\" href=\"tel:\/\/+13052757475\">(305) 275-7475<\/a><\/mark><\/h2>\n\n\n\n<p class=\"has-text-align-center\">Solicita una consulta gratuita con el <strong><a href=\"\/es\/dr-rodolfo-alfonso\/\">Dr. Alfonso<\/a><\/strong> para saber c\u00f3mo puedes tratar de forma natural tus s\u00edntomas de Neuropat\u00eda sin procedimientos invasivos, cirug\u00eda ni medicamentos perjudiciales.<\/p>\n\n\n\n<p>S\u00edguenos en I<a href=\"https:\/\/www.instagram.com\/neuropathyreliefmiami\/\" target=\"_blank\" rel=\"noreferrer noopener\">nstagram<\/a>, <a href=\"https:\/\/www.facebook.com\/NeuropathyReliefMiami\" target=\"_blank\" rel=\"noreferrer noopener\">Facebook<\/a>, Y <a href=\"https:\/\/www.youtube.com\/channel\/UCYPTI-iMVVuO0uUdIIYD-HQ\" target=\"_blank\" rel=\"noreferrer noopener\">YouTube<\/a> para recibir actualizaciones, historias de \u00e9xito de pacientes y conocimientos expertos sobre el tratamiento de la neuropat\u00eda.<\/p>\n\n\n\n<div class=\"wp-block-buttons is-content-justification-center is-layout-flex wp-container-core-buttons-is-layout-1 wp-block-buttons-is-layout-flex\">\n<div class=\"wp-block-button is-style-primary\"><a class=\"wp-block-button__link has-text-color has-background has-link-color wp-element-button\" href=\"\/es\/mis-citas\/\" style=\"color:#080808;background-color:#ffd20a\">RESERVAR MI CONSULTA GRATUITA<\/a><\/div>\n<\/div>\n<\/div>\n<\/div><\/section>\n","protected":false},"excerpt":{"rendered":"<p>La neuropat\u00eda tiene muchas posibles causas, incluyendo enfermedades, lesiones o tratamientos para enfermedades cr\u00f3nicas, pero es insidiosa en el sentido de que la mayor\u00eda de los pacientes no reconocen los primeros s\u00edntomas como un posible problema a largo plazo. Pueden notar una sensaci\u00f3n de ardor en las manos o los pies, o que sus extremidades&hellip;&nbsp;<a href=\"https:\/\/neuropathyreliefmiami.com\/es\/neuropatia\/\" rel=\"bookmark\">Read More &raquo;<span class=\"screen-reader-text\">Neuropat\u00eda<\/span><\/a><\/p>\n","protected":false},"author":3,"featured_media":0,"parent":0,"menu_order":0,"comment_status":"closed","ping_status":"closed","template":"","meta":{"neve_meta_sidebar":"","neve_meta_container":"","neve_meta_enable_content_width":"","neve_meta_content_width":0,"neve_meta_title_alignment":"","neve_meta_author_avatar":"","neve_post_elements_order":"","neve_meta_disable_header":"","neve_meta_disable_footer":"","neve_meta_disable_title":"on","neve_meta_reading_time":"","_themeisle_gutenberg_block_has_review":false,"footnotes":""},"class_list":["post-8610","page","type-page","status-publish","hentry"],"_links":{"self":[{"href":"https:\/\/neuropathyreliefmiami.com\/es\/wp-json\/wp\/v2\/pages\/8610","targetHints":{"allow":["GET"]}}],"collection":[{"href":"https:\/\/neuropathyreliefmiami.com\/es\/wp-json\/wp\/v2\/pages"}],"about":[{"href":"https:\/\/neuropathyreliefmiami.com\/es\/wp-json\/wp\/v2\/types\/page"}],"author":[{"embeddable":true,"href":"https:\/\/neuropathyreliefmiami.com\/es\/wp-json\/wp\/v2\/users\/3"}],"replies":[{"embeddable":true,"href":"https:\/\/neuropathyreliefmiami.com\/es\/wp-json\/wp\/v2\/comments?post=8610"}],"version-history":[{"count":3,"href":"https:\/\/neuropathyreliefmiami.com\/es\/wp-json\/wp\/v2\/pages\/8610\/revisions"}],"predecessor-version":[{"id":8884,"href":"https:\/\/neuropathyreliefmiami.com\/es\/wp-json\/wp\/v2\/pages\/8610\/revisions\/8884"}],"wp:attachment":[{"href":"https:\/\/neuropathyreliefmiami.com\/es\/wp-json\/wp\/v2\/media?parent=8610"}],"curies":[{"name":"wp","href":"https:\/\/api.w.org\/{rel}","templated":true}]}}