{"id":8582,"date":"2025-02-21T12:26:14","date_gmt":"2025-02-21T12:26:14","guid":{"rendered":"https:\/\/neuropathyreliefmiami.com\/?page_id=8582"},"modified":"2025-02-21T13:55:16","modified_gmt":"2025-02-21T13:55:16","slug":"mario-beca","status":"publish","type":"page","link":"https:\/\/neuropathyreliefmiami.com\/es\/mario-beca\/","title":{"rendered":"Mario Beca"},"content":{"rendered":"\n<div class=\"wp-block-cover alignfull is-light\" style=\"min-height:600px;aspect-ratio:unset;\"><span aria-hidden=\"true\" class=\"wp-block-cover__background has-background-dim-10 has-background-dim\" style=\"background-color:#f7f7f9\"><\/span><img decoding=\"async\" class=\"wp-block-cover__image-background wp-image-875\" alt=\"\" src=\"https:\/\/api.themeisle.com\/templates-data\/2024\/04\/ebf0233ced7259cf0838b7ba6d3aee07uvdcvhuva5r9wy4roijq\/images\/neuropathy-53.jpg\" data-object-fit=\"cover\"\/><div class=\"wp-block-cover__inner-container is-layout-flow wp-block-cover-is-layout-flow\">\n<h2 class=\"wp-block-heading has-text-align-center has-neve-link-color-color has-text-color has-link-color has-large-font-size wp-elements-51f40f830636f0ede4fa54840d3712e8\" style=\"font-style:normal;font-weight:600\"><strong><strong>Testimonios<\/strong><\/strong><\/h2>\n\n\n\n<h1 class=\"wp-block-heading has-text-align-center has-neve-link-hover-color-color has-text-color\"><strong><strong><strong><strong><strong><strong><strong>Mario Beca<\/strong> \u2013 Paciente<\/strong><\/strong><\/strong><\/strong><\/strong><\/strong><\/h1>\n\n\n\n<div class=\"wp-block-columns is-layout-flex wp-container-core-columns-is-layout-1 wp-block-columns-is-layout-flex\">\n<div class=\"wp-block-column is-layout-flow wp-block-column-is-layout-flow\" style=\"flex-basis:25%\"><\/div>\n\n\n\n<div class=\"wp-block-column is-layout-flow wp-block-column-is-layout-flow\" style=\"flex-basis:50%\">\n<figure class=\"wp-block-embed is-type-video is-provider-youtube wp-block-embed-youtube wp-embed-aspect-16-9 wp-has-aspect-ratio\"><div class=\"wp-block-embed__wrapper\">\n<div class=\"nv-iframe-embed\"><div class=\"container-lazyload preview-lazyload container-youtube js-lazyload--not-loaded\"><a href=\"https:\/\/www.youtube.com\/watch?v=HzMFsr5NOXE\" class=\"lazy-load-youtube preview-lazyload preview-youtube\" data-video-title=\"Neuropathy Relief Center of Miami - Testimonial - Mario Veca\" title=\"Play video &quot;Neuropathy Relief Center of Miami - Testimonial - Mario Veca&quot;\" target=\"_blank\" rel=\"noopener\">https:\/\/www.youtube.com\/watch?v=HzMFsr5NOXE<\/a><noscript>Video can&#8217;t be loaded because JavaScript is disabled: <a href=\"https:\/\/www.youtube.com\/watch?v=HzMFsr5NOXE\" title=\"Neuropathy Relief Center of Miami - Testimonial - Mario Veca\" target=\"_blank\" rel=\"noopener\">Neuropathy Relief Center of Miami &#8211; Testimonial &#8211; Mario Veca (https:\/\/www.youtube.com\/watch?v=HzMFsr5NOXE)<\/a><\/noscript><\/div><\/div>\n<\/div><\/figure>\n<\/div>\n\n\n\n<div class=\"wp-block-column is-layout-flow wp-block-column-is-layout-flow\" style=\"flex-basis:25%\"><\/div>\n<\/div>\n<\/div><\/div>\n\n\n\n<section id=\"wp-block-themeisle-blocks-advanced-columns-cb87630d\" class=\"wp-block-themeisle-blocks-advanced-columns alignfull has-1-columns has-desktop-equal-layout has-tablet-equal-layout has-mobile-equal-layout has-vertical-center has-dark-bg\"><div class=\"wp-block-themeisle-blocks-advanced-columns-overlay\"><\/div><div class=\"innerblocks-wrap\">\n<div id=\"wp-block-themeisle-blocks-advanced-column-a521c34e\" class=\"wp-block-themeisle-blocks-advanced-column\">\n<h2 class=\"wp-block-heading has-text-align-center has-text-color\" style=\"color:#fff200\">Ll\u00e1menos para una consulta gratuita<br><mark style=\"background-color:rgba(0, 0, 0, 0);color:#ffd900\" class=\"has-inline-color\"><br><a title=\"\" href=\"tel:\/\/+13052757475\">(305) 275-7475<\/a><\/mark><\/h2>\n\n\n\n<p class=\"has-text-align-center\">Solicita una consulta gratuita con el Dr. Alfonso para saber c\u00f3mo puedes tratar de forma natural tus s\u00edntomas de Neuropat\u00eda sin procedimientos invasivos, cirug\u00eda ni medicamentos perjudiciales.<\/p>\n\n\n\n<div class=\"wp-block-buttons is-content-justification-center is-layout-flex wp-container-core-buttons-is-layout-1 wp-block-buttons-is-layout-flex\">\n<div class=\"wp-block-button is-style-primary\"><a class=\"wp-block-button__link has-text-color has-background has-link-color wp-element-button\" href=\"https:\/\/neuropathyreliefmiami.com\/appointment\/\" style=\"color:#080808;background-color:#ffd20a\">RESERVAR MI CONSULTA GRATUITA<\/a><\/div>\n<\/div>\n<\/div>\n<\/div><\/section>\n","protected":false},"excerpt":{"rendered":"","protected":false},"author":3,"featured_media":0,"parent":0,"menu_order":0,"comment_status":"closed","ping_status":"closed","template":"","meta":{"neve_meta_sidebar":"","neve_meta_container":"","neve_meta_enable_content_width":"","neve_meta_content_width":0,"neve_meta_title_alignment":"","neve_meta_author_avatar":"","neve_post_elements_order":"","neve_meta_disable_header":"","neve_meta_disable_footer":"","neve_meta_disable_title":"on","neve_meta_reading_time":"","_themeisle_gutenberg_block_has_review":false,"footnotes":""},"class_list":["post-8582","page","type-page","status-publish","hentry"],"_links":{"self":[{"href":"https:\/\/neuropathyreliefmiami.com\/es\/wp-json\/wp\/v2\/pages\/8582","targetHints":{"allow":["GET"]}}],"collection":[{"href":"https:\/\/neuropathyreliefmiami.com\/es\/wp-json\/wp\/v2\/pages"}],"about":[{"href":"https:\/\/neuropathyreliefmiami.com\/es\/wp-json\/wp\/v2\/types\/page"}],"author":[{"embeddable":true,"href":"https:\/\/neuropathyreliefmiami.com\/es\/wp-json\/wp\/v2\/users\/3"}],"replies":[{"embeddable":true,"href":"https:\/\/neuropathyreliefmiami.com\/es\/wp-json\/wp\/v2\/comments?post=8582"}],"version-history":[{"count":1,"href":"https:\/\/neuropathyreliefmiami.com\/es\/wp-json\/wp\/v2\/pages\/8582\/revisions"}],"predecessor-version":[{"id":8583,"href":"https:\/\/neuropathyreliefmiami.com\/es\/wp-json\/wp\/v2\/pages\/8582\/revisions\/8583"}],"wp:attachment":[{"href":"https:\/\/neuropathyreliefmiami.com\/es\/wp-json\/wp\/v2\/media?parent=8582"}],"curies":[{"name":"wp","href":"https:\/\/api.w.org\/{rel}","templated":true}]}}