{"id":2458,"date":"2024-12-26T12:20:37","date_gmt":"2024-12-26T12:20:37","guid":{"rendered":"https:\/\/neuropathyreliefmiami.com\/what-is-chemotherapy-induced-peripheral-neuropathy-cipn\/"},"modified":"2025-03-07T14:53:55","modified_gmt":"2025-03-07T14:53:55","slug":"neuropatia-periferica-inducida-por-quimioterapia-cipn","status":"publish","type":"page","link":"https:\/\/neuropathyreliefmiami.com\/es\/neuropatia-periferica-inducida-por-quimioterapia-cipn\/","title":{"rendered":"Neuropat\u00eda Perif\u00e9rica Inducida por Quimioterapia CIPN"},"content":{"rendered":"\n<div id=\"wp-block-themeisle-blocks-advanced-columns-7de3087a\" class=\"wp-block-themeisle-blocks-advanced-columns alignfull has-1-columns has-desktop-equal-layout has-tablet-equal-layout has-mobile-collapsedRows-layout has-reverse-columns-mobile has-vertical-bottom ticss-c00aadba has-dark-bg\"><div class=\"wp-block-themeisle-blocks-advanced-columns-overlay\"><\/div><div class=\"innerblocks-wrap\">\n<div id=\"wp-block-themeisle-blocks-advanced-column-da9e4610\" class=\"wp-block-themeisle-blocks-advanced-column\">\n<h1 id=\"wp-block-themeisle-blocks-advanced-heading-69b5a135\" class=\"wp-block-themeisle-blocks-advanced-heading wp-block-themeisle-blocks-advanced-heading-69b5a135\"><mark style=\"background-color:rgba(0, 0, 0, 0)\" class=\"has-inline-color has-nv-site-bg-color\"><strong> Neuropat\u00eda Perif\u00e9rica Inducida por Quimioterapia CIPN<\/strong><\/mark><\/h1>\n<\/div>\n<\/div><\/div>\n\n\n\n<div style=\"height:36px\" aria-hidden=\"true\" class=\"wp-block-spacer\"><\/div>\n\n\n\n<div class=\"wp-block-columns is-layout-flex wp-container-core-columns-is-layout-1 wp-block-columns-is-layout-flex\">\n<div class=\"wp-block-column is-layout-flow wp-block-column-is-layout-flow\">\n<p>La <strong>Neuropat\u00eda Perif\u00e9rica Inducida por Quimioterapia CIPN<\/strong> es un efecto secundario adverso de los medicamentos y tratamientos de quimioterapia. La quimioterapia y otros tipos de tratamientos contra el c\u00e1ncer pueden causar da\u00f1o a los nervios perif\u00e9ricos sanos en el cuerpo, responsables de controlar las funciones sensoriales (sensaciones) y motoras (movimientos) de los pies, piernas, brazos, manos y las funciones de los \u00f3rganos, como el control de la vejiga y los intestinos, lo que resulta en <strong>neuropat\u00eda perif\u00e9rica inducida por quimioterapia (CIPN)<\/strong>.<\/p>\n\n\n\n<p>La <strong>Neuropat\u00eda Perif\u00e9rica Inducida por Quimioterapia CIPN<\/strong> es una neuropat\u00eda principalmente sensorial que puede combinarse con cambios funcionales motores y auton\u00f3micos con varios grados de intensidad y duraci\u00f3n. La quimioterapia puede causar degeneraci\u00f3n de los nervios perif\u00e9ricos sensoriales y motores, lo que provoca una variedad de s\u00edntomas y p\u00e9rdida funcional.<br><br><\/p>\n<\/div>\n\n\n\n<div class=\"wp-block-column is-layout-flow wp-block-column-is-layout-flow\">\n<figure class=\"wp-block-image size-full\"><img loading=\"lazy\" decoding=\"async\" width=\"800\" height=\"600\" src=\"http:\/\/neuropathyreliefmiami.com\/wp-content\/uploads\/2025\/01\/chemotherapy-induced-peripheral-neuropathy-cipn-1.webp\" alt=\"\" class=\"wp-image-1470\" srcset=\"https:\/\/neuropathyreliefmiami.com\/wp-content\/uploads\/2025\/01\/chemotherapy-induced-peripheral-neuropathy-cipn-1.webp 800w, https:\/\/neuropathyreliefmiami.com\/wp-content\/uploads\/2025\/01\/chemotherapy-induced-peripheral-neuropathy-cipn-1-300x225.webp 300w, https:\/\/neuropathyreliefmiami.com\/wp-content\/uploads\/2025\/01\/chemotherapy-induced-peripheral-neuropathy-cipn-1-768x576.webp 768w\" sizes=\"auto, (max-width: 800px) 100vw, 800px\" \/><\/figure>\n<\/div>\n<\/div>\n\n\n\n<p>La <strong>Neuropat\u00eda Perif\u00e9rica Inducida por Quimioterapia CIPN<\/strong> es un problema importante para los pacientes con c\u00e1ncer y los sobrevivientes de c\u00e1ncer debido a su alta prevalencia entre las personas tratadas con <strong>quimioterapia<\/strong>.<br><br><\/p>\n\n\n\n<h2 class=\"wp-block-heading\"><strong>\u00bfCu\u00e1les son los riesgos de desarrollar neuropat\u00eda perif\u00e9rica inducida por quimioterapia CIPN?<\/strong><\/h2>\n\n\n\n<p>Algunos tipos de medicamentos de quimioterapia presentan un mayor riesgo de causar neuropat\u00eda, es decir, <strong>Neuropat\u00eda Perif\u00e9rica Inducida por Quimioterapia CIPN<\/strong>.<br><br><\/p>\n\n\n\n<div class=\"wp-block-columns is-layout-flex wp-container-core-columns-is-layout-2 wp-block-columns-is-layout-flex\">\n<div class=\"wp-block-column is-layout-flow wp-block-column-is-layout-flow\">\n<figure class=\"wp-block-image size-full is-resized\"><img loading=\"lazy\" decoding=\"async\" width=\"500\" height=\"500\" src=\"http:\/\/neuropathyreliefmiami.com\/wp-content\/uploads\/2025\/01\/what-is-chemotherapy-induced-peripheral-neuropathy-cipn-3.webp\" alt=\"neuropat\u00eda perif\u00e9rica inducida por quimioterapia CIPN\" class=\"wp-image-2258\" style=\"width:150px\" srcset=\"https:\/\/neuropathyreliefmiami.com\/wp-content\/uploads\/2025\/01\/what-is-chemotherapy-induced-peripheral-neuropathy-cipn-3.webp 500w, https:\/\/neuropathyreliefmiami.com\/wp-content\/uploads\/2025\/01\/what-is-chemotherapy-induced-peripheral-neuropathy-cipn-3-300x300.webp 300w, https:\/\/neuropathyreliefmiami.com\/wp-content\/uploads\/2025\/01\/what-is-chemotherapy-induced-peripheral-neuropathy-cipn-3-150x150.webp 150w\" sizes=\"auto, (max-width: 500px) 100vw, 500px\" \/><\/figure>\n\n\n\n<div style=\"height:17px\" aria-hidden=\"true\" class=\"wp-block-spacer\"><\/div>\n\n\n\n<p><strong>Los f\u00e1rmacos de quimioterapia m\u00e1s comunes que causan da\u00f1o en los nervios y provocan neuropat\u00eda perif\u00e9rica <\/strong>inducida por quimioterapia (CIPN) son los f\u00e1rmacos a base de platino (oxaliplatino), taxanos (docetaxel), epotilones (ixabepilona), f\u00e1rmacos inmunomoduladores (talidomida), alcaloides de la vinca (vincristina) e inhibidores del proteasoma (bortezomib).<\/p>\n\n\n\n<p><\/p>\n<\/div>\n\n\n\n<div class=\"wp-block-column is-layout-flow wp-block-column-is-layout-flow\">\n<figure class=\"wp-block-image size-full is-resized\"><img loading=\"lazy\" decoding=\"async\" width=\"500\" height=\"500\" src=\"http:\/\/neuropathyreliefmiami.com\/wp-content\/uploads\/2025\/01\/what-is-chemotherapy-induced-peripheral-neuropathy-cipn-4.webp\" alt=\"\" class=\"wp-image-1829\" style=\"width:150px\" srcset=\"https:\/\/neuropathyreliefmiami.com\/wp-content\/uploads\/2025\/01\/what-is-chemotherapy-induced-peripheral-neuropathy-cipn-4.webp 500w, https:\/\/neuropathyreliefmiami.com\/wp-content\/uploads\/2025\/01\/what-is-chemotherapy-induced-peripheral-neuropathy-cipn-4-300x300.webp 300w, https:\/\/neuropathyreliefmiami.com\/wp-content\/uploads\/2025\/01\/what-is-chemotherapy-induced-peripheral-neuropathy-cipn-4-150x150.webp 150w\" sizes=\"auto, (max-width: 500px) 100vw, 500px\" \/><\/figure>\n\n\n\n<div style=\"height:17px\" aria-hidden=\"true\" class=\"wp-block-spacer\"><\/div>\n\n\n\n<p><strong>Otros f\u00e1rmacos de quimioterapia tambi\u00e9n pueden causar<\/strong><\/p>\n\n\n\n<p>Neuropat\u00eda Perif\u00e9rica Inducida por Quimioterapia CIPN<br>El riesgo de desarrollar Neuropat\u00eda Perif\u00e9rica Inducida por Quimioterapia (CIPN) aumenta con dosis m\u00e1s altas, m\u00faltiples ciclos de tratamiento y combinaciones de f\u00e1rmacos utilizados en la quimioterapia.<\/p>\n<\/div>\n<\/div>\n\n\n\n<p>Los pacientes mayores o que padecen diabetes, deficiencias de vitaminas y minerales, o tienen antecedentes de neuropat\u00eda perif\u00e9rica tienen mayor probabilidad de desarrollar Neuropat\u00eda Perif\u00e9rica Inducida por Quimioterapia (CIPN).<\/p>\n\n\n\n<p><\/p>\n\n\n\n<h2 class=\"wp-block-heading\">\u00bfQu\u00e9 tan com\u00fan es la Neuropat\u00eda Perif\u00e9rica Inducida por Quimioterapia CIPN?<\/h2>\n\n\n\n<p>Las tasas de Neuropat\u00eda Perif\u00e9rica Inducida por Quimioterapia CIPN  var\u00edan entre el 19% y m\u00e1s del 85%. Un estudio reciente encontr\u00f3 que el 68% de los pacientes desarrollar\u00e1 Neuropat\u00eda Perif\u00e9rica Inducida por Quimioterapia CIPN .<\/p>\n\n\n\n<p>La prevalencia de la Neuropat\u00eda Perif\u00e9rica Inducida por Quimioterapia CIPN depende del tipo, la cantidad y\/o la combinaci\u00f3n de f\u00e1rmacos de quimioterapia utilizados durante los tratamientos contra el c\u00e1ncer.<\/p>\n\n\n\n<p><\/p>\n\n\n\n<h3 class=\"wp-block-heading\">Tasas de riesgo de Neuropat\u00eda Perif\u00e9rica Inducida por Quimioterapia (CIPN) seg\u00fan el tipo\/clase de f\u00e1rmaco:<\/h3>\n\n\n\n<ul class=\"wp-block-list\">\n<li>Platinados (70\u2013100%)<\/li>\n\n\n\n<li>Taxanos (11\u201387%)<\/li>\n\n\n\n<li>Talidomida (20\u201360%)<\/li>\n\n\n\n<li>Ixabepilona (60\u201365%))<\/li>\n<\/ul>\n\n\n\n<p>La Neuropat\u00eda Perif\u00e9rica Inducida por Quimioterapia (CIPN) puede desarrollarse a partir de un solo tratamiento de quimioterapia o como resultado de m\u00faltiples tratamientos a lo largo del tiempo. Los f\u00e1rmacos de quimioterapia pueden da\u00f1ar las estructuras nerviosas y causar diferentes tipos de neuropat\u00edas. Las m\u00e1s comunes son las neuropat\u00edas de fibras grandes y peque\u00f1as, craneales, aut\u00f3nomas, sensoriales y\/o motoras, desmielinizantes y axonales.<br><\/p>\n\n\n\n<h2 class=\"wp-block-heading\">\u00bfCu\u00e1les son los s\u00edntomas de la Neuropat\u00eda Perif\u00e9rica Inducida por Quimioterapia (CIPN)?<\/h2>\n\n\n\n<p>Los s\u00edntomas de la Neuropat\u00eda Perif\u00e9rica Inducida por Quimioterapia (CIPN) suelen aparecer semanas o meses despu\u00e9s de completar la quimioterapia, y su gravedad depende del tipo de quimioterapia y la cantidad de tratamientos recibidos.<\/p>\n\n\n\n<p>La Neuropat\u00eda Perif\u00e9rica Inducida por Quimioterapia (CIPN) generalmente comienza en los dedos de los pies o de las manos y progresa hacia los pies, las piernas, las manos y los brazos. Los s\u00edntomas de la Neuropat\u00eda Perif\u00e9rica Inducida por Quimioterapia (CIPN) suelen manifestarse en ambos lados del cuerpo. Los s\u00edntomas sensoriales suelen desarrollarse primero en los pies y las manos y com\u00fanmente se presentan con una sensaci\u00f3n de \u201cguante y media\u201d.<\/p>\n\n\n\n<p>Dependiendo de los nervios afectados, los s\u00edntomas m\u00e1s comunes de la Neuropat\u00eda Perif\u00e9rica Inducida por Quimioterapia (CIPN) pueden incluir:<\/p>\n\n\n\n<div class=\"wp-block-columns is-layout-flex wp-container-core-columns-is-layout-3 wp-block-columns-is-layout-flex\">\n<div class=\"wp-block-column is-layout-flow wp-block-column-is-layout-flow\">\n<ul class=\"wp-block-list\">\n<li>Entumecimiento, hormigueo o sensaci\u00f3n de alfileres y agujas<\/li>\n\n\n\n<li>Dolor punzante y agudo<\/li>\n\n\n\n<li>Dolor ardiente<\/li>\n\n\n\n<li>Presi\u00f3n o constricci\u00f3n<\/li>\n\n\n\n<li>Sensaciones el\u00e9ctricas o de descarga<\/li>\n\n\n\n<li>Hipersensibilidad al tacto<\/li>\n<\/ul>\n<\/div>\n\n\n\n<div class=\"wp-block-column is-layout-flow wp-block-column-is-layout-flow\">\n<ul class=\"wp-block-list\">\n<li>Incapacidad para diferenciar temperaturas fr\u00edas o calientes<\/li>\n\n\n\n<li>Dificultades para tragar<\/li>\n\n\n\n<li>Problemas de control de la vejiga y el intestino<\/li>\n\n\n\n<li>Debilidad muscular y atrofia<\/li>\n\n\n\n<li>Dificultades para caminar<\/li>\n\n\n\n<li>Problemas de equilibrio y coordinaci\u00f3n<\/li>\n<\/ul>\n<\/div>\n<\/div>\n\n\n\n<p>Los f\u00e1rmacos de quimioterapia que afectan los nervios sensoriales suelen provocar sensaciones como entumecimiento, hormigueo, dolor agudo o ardiente y problemas de equilibrio.<\/p>\n\n\n\n<p>La quimioterapia que afecta los nervios motores puede causar debilidad en los m\u00fasculos de los pies, piernas, brazos y manos.<\/p>\n\n\n\n<p>Los s\u00edntomas de la Neuropat\u00eda Perif\u00e9rica Inducida por Quimioterapia (CIPN) pueden desarrollarse en cuesti\u00f3n de horas o d\u00edas despu\u00e9s de la quimioterapia y pueden aumentar con tratamientos adicionales.<\/p>\n\n\n\n<h2 class=\"wp-block-heading\"><strong>\u00bfC\u00f3mo afecta la Neuropat\u00eda Perif\u00e9rica Inducida por Quimioterapia (CIPN) la funci\u00f3n?<\/strong><\/h2>\n\n\n\n<h3 class=\"wp-block-heading\"><strong>\u00bfAfecta la funci\u00f3n?<\/strong><\/h3>\n\n\n\n<p>La Neuropat\u00eda Perif\u00e9rica Inducida por Quimioterapia (CIPN) causando da\u00f1o a las funciones sensoriales y motoras de los nervios perif\u00e9ricos resultando en entumecimiento, hormigueo, sensaci\u00f3n de alfileres y agujas, dificultades de equilibrio y debilidad muscular, aumenta el riesgo de ca\u00eddas. Estos s\u00edntomas a menudo conducen a la inactividad, lo que provoca una disminuci\u00f3n de la fuerza y el tama\u00f1o muscular.<\/p>\n\n\n\n<p>La Neuropat\u00eda Perif\u00e9rica Inducida por Quimioterapia (CIPN) puede hacer que actividades de la vida diaria, como cocinar, lavar los platos, dormir e interactuar socialmente, sean dif\u00edciles de realizar debido a la disfunci\u00f3n y el da\u00f1o de los nervios perif\u00e9ricos sensoriales y motores.<br><\/p>\n\n\n\n<h2 class=\"wp-block-heading\"><strong>\u00bfLa Neuropat\u00eda Perif\u00e9rica Inducida por Quimioterapia (CIPN) empeora con el tiempo?<\/strong><\/h2>\n\n\n\n<div class=\"wp-block-columns is-layout-flex wp-container-core-columns-is-layout-4 wp-block-columns-is-layout-flex\">\n<div class=\"wp-block-column is-layout-flow wp-block-column-is-layout-flow\">\n<figure class=\"wp-block-image size-full\"><img loading=\"lazy\" decoding=\"async\" width=\"700\" height=\"525\" src=\"http:\/\/neuropathyreliefmiami.com\/wp-content\/uploads\/2025\/01\/chemotherapy-induced-peripheral-neuropathy-cipn-2.webp\" alt=\"\" class=\"wp-image-1472\" srcset=\"https:\/\/neuropathyreliefmiami.com\/wp-content\/uploads\/2025\/01\/chemotherapy-induced-peripheral-neuropathy-cipn-2.webp 700w, https:\/\/neuropathyreliefmiami.com\/wp-content\/uploads\/2025\/01\/chemotherapy-induced-peripheral-neuropathy-cipn-2-300x225.webp 300w\" sizes=\"auto, (max-width: 700px) 100vw, 700px\" \/><\/figure>\n<\/div>\n\n\n\n<div class=\"wp-block-column is-layout-flow wp-block-column-is-layout-flow\">\n<p>La Neuropat\u00eda Perif\u00e9rica Inducida por Quimioterapia (CIPN) puede ser muy debilitante y afectar la capacidad de funcionar o sentirse bien mental, f\u00edsica y socialmente. En muchos casos, no suele ser permanente y mejora despu\u00e9s de completar el tratamiento de quimioterapia.<\/p>\n\n\n\n<p>La Neuropat\u00eda Perif\u00e9rica Inducida por Quimioterapia (CIPN) puede tardar unos meses en mejorar los s\u00edntomas, pero en algunos casos se vuelve permanente sin el tratamiento adecuado. El dolor y las anomal\u00edas sensoriales pueden continuar durante a\u00f1os despu\u00e9s de finalizar la quimioterapia.<\/p>\n\n\n\n<p>Los pacientes con Neuropat\u00eda Perif\u00e9rica Inducida por Quimioterapia (CIPN) pueden haber superado el c\u00e1ncer, pero seguir sufriendo neuropat\u00eda perif\u00e9rica debilitante causada por los tratamientos contra el c\u00e1ncer.<br><\/p>\n<\/div>\n<\/div>\n\n\n\n<h2 class=\"wp-block-heading\"><strong>\u00bfC\u00f3mo se diagnostica la Neuropat\u00eda Perif\u00e9rica Inducida por Quimioterapia (CIPN)?<\/strong><\/h2>\n\n\n\n<p>Se realizar\u00e1 una consulta para comprender sus s\u00edntomas individuales y su historial m\u00e9dico, junto con un examen f\u00edsico y neurol\u00f3gico completo. Si es necesario, se ordenar\u00e1n pruebas avanzadas adicionales para ayudar a diagnosticar la Neuropat\u00eda Perif\u00e9rica Inducida por Quimioterapia (CIPN).<\/p>\n\n\n\n<h3 class=\"wp-block-heading\">Dr. Alfonso will perform a specialized<\/h3>\n\n\n\n<div class=\"wp-block-columns is-layout-flex wp-container-core-columns-is-layout-5 wp-block-columns-is-layout-flex\">\n<div class=\"wp-block-column is-layout-flow wp-block-column-is-layout-flow\">\n<p>Una evaluaci\u00f3n integral de la Neuropat\u00eda Perif\u00e9rica Inducida por Quimioterapia (CIPN) se realizar\u00e1 para confirmar su diagn\u00f3stico y determinar el tratamiento adecuado para su caso individual. Un m\u00e9dico generalmente puede diagnosticar la Neuropat\u00eda Perif\u00e9rica Inducida por Quimioterapia (CIPN) mediante un examen f\u00edsico y el an\u00e1lisis de los resultados en conjunto con sus s\u00edntomas e historial m\u00e9dico.<\/p>\n\n\n\n<p>Durante su examen f\u00edsico y neurol\u00f3gico de la Neuropat\u00eda Perif\u00e9rica Inducida por Quimioterapia (CIPN), el Dr. Alfonso analizar\u00e1 sus funciones motoras y sensoriales. Utilizar\u00e1 m\u00faltiples pruebas para evaluar la fuerza y el tama\u00f1o muscular, los reflejos, la coordinaci\u00f3n y el equilibrio. Tambi\u00e9n examinar\u00e1 su capacidad para sentir y diferenciar sensaciones como vibraciones, fr\u00edo, calor, est\u00edmulos agudos o romos y el tacto ligero. Se realizar\u00e1n pruebas ortop\u00e9dicas y radiograf\u00edas espec\u00edficas si es necesario para determinar si tiene una neuropat\u00eda por compresi\u00f3n en combinaci\u00f3n con la Neuropat\u00eda Perif\u00e9rica Inducida por Quimioterapia (CIPN).<br><\/p>\n<\/div>\n\n\n\n<div class=\"wp-block-column is-layout-flow wp-block-column-is-layout-flow\">\n<figure class=\"wp-block-image size-full\"><img loading=\"lazy\" decoding=\"async\" width=\"700\" height=\"525\" src=\"http:\/\/neuropathyreliefmiami.com\/wp-content\/uploads\/2025\/01\/chemotherapy-induced-peripheral-neuropathy-cipn-5.webp\" alt=\"\" class=\"wp-image-1480\" srcset=\"https:\/\/neuropathyreliefmiami.com\/wp-content\/uploads\/2025\/01\/chemotherapy-induced-peripheral-neuropathy-cipn-5.webp 700w, https:\/\/neuropathyreliefmiami.com\/wp-content\/uploads\/2025\/01\/chemotherapy-induced-peripheral-neuropathy-cipn-5-300x225.webp 300w\" sizes=\"auto, (max-width: 700px) 100vw, 700px\" \/><\/figure>\n<\/div>\n<\/div>\n\n\n\n<p>Despu\u00e9s de su examen, el Dr. Alfonso estudiar\u00e1 minuciosamente sus resultados, determinar\u00e1 si es un buen candidato para el tratamiento y desarrollar\u00e1 su plan de tratamiento y recomendaciones.<\/p>\n\n\n\n<h2 class=\"wp-block-heading\"><strong>\u00bfC\u00f3mo se trata la Neuropat\u00eda Perif\u00e9rica Inducida por Quimioterapia (CIPN)?<\/strong><\/h2>\n\n\n\n<div class=\"wp-block-columns is-layout-flex wp-container-core-columns-is-layout-6 wp-block-columns-is-layout-flex\">\n<div class=\"wp-block-column is-layout-flow wp-block-column-is-layout-flow\">\n<h4 class=\"wp-block-heading\">Tratamiento de la Neuropat\u00eda Perif\u00e9rica Inducida por Quimioterapia (CIPN)<\/h4>\n\n\n\n<p>Las neuropat\u00edas dependen de su fase actual de tratamiento y pueden incluir que su onc\u00f3logo elimine o reduzca la cantidad de quimioterapia.<\/p>\n\n\n\n<p>Los pacientes con c\u00e1ncer que actualmente reciben quimioterapia y los sobrevivientes consultar\u00e1n con su onc\u00f3logo sobre la posibilidad de recibir el Protocolo de Tratamiento para Neuropat\u00eda del Dr. Alfonso.<\/p>\n\n\n\n<p>El Dr. Alfonso adopta un enfoque interdisciplinario para la Neuropat\u00eda Perif\u00e9rica Inducida por Quimioterapia (CIPN) y trabajar\u00e1 con su onc\u00f3logo actual para brindar la atenci\u00f3n m\u00e1s segura y efectiva posible para mejorar su calidad de vida.<\/p>\n<\/div>\n\n\n\n<div class=\"wp-block-column is-layout-flow wp-block-column-is-layout-flow\">\n<figure class=\"wp-block-embed is-type-video is-provider-youtube wp-block-embed-youtube wp-embed-aspect-16-9 wp-has-aspect-ratio\"><div class=\"wp-block-embed__wrapper\">\n<div class=\"nv-iframe-embed\"><div class=\"container-lazyload preview-lazyload container-youtube js-lazyload--not-loaded\"><a href=\"https:\/\/www.youtube.com\/watch?v=ffViRaQsvMw\" class=\"lazy-load-youtube preview-lazyload preview-youtube\" data-video-title=\"Dr. Alfonso\u2019s Neuropathy Treatment Protocol 2023, Neuropathy Pain Relief!\" title=\"Play video &quot;Dr. Alfonso\u2019s Neuropathy Treatment Protocol 2023, Neuropathy Pain Relief!&quot;\" target=\"_blank\" rel=\"noopener\">https:\/\/www.youtube.com\/watch?v=ffViRaQsvMw<\/a><noscript>Video can&#8217;t be loaded because JavaScript is disabled: <a href=\"https:\/\/www.youtube.com\/watch?v=ffViRaQsvMw\" title=\"Dr. Alfonso\u2019s Neuropathy Treatment Protocol 2023, Neuropathy Pain Relief!\" target=\"_blank\" rel=\"noopener\">Dr. Alfonso\u2019s Neuropathy Treatment Protocol 2023, Neuropathy Pain Relief! (https:\/\/www.youtube.com\/watch?v=ffViRaQsvMw)<\/a><\/noscript><\/div><\/div>\n<\/div><\/figure>\n<\/div>\n<\/div>\n\n\n\n<p>El Protocolo de Tratamiento para Neuropat\u00eda del Dr. Alfonso es un tratamiento altamente exitoso, libre de f\u00e1rmacos, no quir\u00fargico, seguro y efectivo, que ha ayudado con \u00e9xito a muchos pacientes que sufren de Neuropat\u00eda Perif\u00e9rica Inducida por Quimioterapia (CIPN).<\/p>\n\n\n\n<p>Haga clic en el enlace de tratamiento y visite nuestra p\u00e1gina de Tratamiento para obtener m\u00e1s informaci\u00f3n sobre el Protocolo de Tratamiento para Neuropat\u00eda del Dr. Alfonso y nuestras terapias \u00fanicas para la rehabilitaci\u00f3n de los nervios perif\u00e9ricos da\u00f1ados.<br><\/p>\n\n\n\n<section id=\"wp-block-themeisle-blocks-advanced-columns-cb87630d\" class=\"wp-block-themeisle-blocks-advanced-columns alignfull has-1-columns has-desktop-equal-layout has-tablet-equal-layout has-mobile-equal-layout has-vertical-center has-dark-bg\"><div class=\"wp-block-themeisle-blocks-advanced-columns-overlay\"><\/div><div class=\"innerblocks-wrap\">\n<div id=\"wp-block-themeisle-blocks-advanced-column-a521c34e\" class=\"wp-block-themeisle-blocks-advanced-column\">\n<h2 class=\"wp-block-heading has-text-align-center has-text-color\" style=\"color:#fff200\">Ll\u00e1menos para una consulta gratuita<br><mark style=\"background-color:rgba(0, 0, 0, 0);color:#ffd900\" class=\"has-inline-color\"><br><a title=\"\" href=\"tel:\/\/+13052757475\">(305) 275-7475<\/a><\/mark><\/h2>\n\n\n\n<p class=\"has-text-align-center\">Solicita una consulta gratuita con el <strong><a href=\"\/es\/dr-rodolfo-alfonso\/\">Dr. Alfonso<\/a><\/strong> para saber c\u00f3mo puedes tratar de forma natural tus s\u00edntomas de Neuropat\u00eda sin procedimientos invasivos, cirug\u00eda ni medicamentos perjudiciales.<\/p>\n\n\n\n<p>S\u00edguenos en I<a href=\"https:\/\/www.instagram.com\/neuropathyreliefmiami\/\" target=\"_blank\" rel=\"noreferrer noopener\">nstagram<\/a>, <a href=\"https:\/\/www.facebook.com\/NeuropathyReliefMiami\" target=\"_blank\" rel=\"noreferrer noopener\">Facebook<\/a>, Y <a href=\"https:\/\/www.youtube.com\/channel\/UCYPTI-iMVVuO0uUdIIYD-HQ\" target=\"_blank\" rel=\"noreferrer noopener\">YouTube<\/a> para recibir actualizaciones, historias de \u00e9xito de pacientes y conocimientos expertos sobre el tratamiento de la neuropat\u00eda.<\/p>\n\n\n\n<div class=\"wp-block-buttons is-content-justification-center is-layout-flex wp-container-core-buttons-is-layout-1 wp-block-buttons-is-layout-flex\">\n<div class=\"wp-block-button is-style-primary\"><a class=\"wp-block-button__link has-text-color has-background has-link-color wp-element-button\" href=\"\/es\/mis-citas\/\" style=\"color:#080808;background-color:#ffd20a\">RESERVAR MI CONSULTA GRATUITA<\/a><\/div>\n<\/div>\n<\/div>\n<\/div><\/section>\n","protected":false},"excerpt":{"rendered":"<p>La Neuropat\u00eda Perif\u00e9rica Inducida por Quimioterapia CIPN es un efecto secundario adverso de los medicamentos y tratamientos de quimioterapia. La quimioterapia y otros tipos de tratamientos contra el c\u00e1ncer pueden causar da\u00f1o a los nervios perif\u00e9ricos sanos en el cuerpo, responsables de controlar las funciones sensoriales (sensaciones) y motoras (movimientos) de los pies, piernas, brazos,&hellip;&nbsp;<a href=\"https:\/\/neuropathyreliefmiami.com\/es\/neuropatia-periferica-inducida-por-quimioterapia-cipn\/\" rel=\"bookmark\">Read More &raquo;<span class=\"screen-reader-text\">Neuropat\u00eda Perif\u00e9rica Inducida por Quimioterapia CIPN<\/span><\/a><\/p>\n","protected":false},"author":3,"featured_media":0,"parent":0,"menu_order":0,"comment_status":"closed","ping_status":"closed","template":"","meta":{"neve_meta_sidebar":"","neve_meta_container":"","neve_meta_enable_content_width":"","neve_meta_content_width":0,"neve_meta_title_alignment":"","neve_meta_author_avatar":"","neve_post_elements_order":"","neve_meta_disable_header":"","neve_meta_disable_footer":"","neve_meta_disable_title":"on","neve_meta_reading_time":"","_themeisle_gutenberg_block_has_review":false,"footnotes":""},"class_list":["post-2458","page","type-page","status-publish","hentry"],"_links":{"self":[{"href":"https:\/\/neuropathyreliefmiami.com\/es\/wp-json\/wp\/v2\/pages\/2458","targetHints":{"allow":["GET"]}}],"collection":[{"href":"https:\/\/neuropathyreliefmiami.com\/es\/wp-json\/wp\/v2\/pages"}],"about":[{"href":"https:\/\/neuropathyreliefmiami.com\/es\/wp-json\/wp\/v2\/types\/page"}],"author":[{"embeddable":true,"href":"https:\/\/neuropathyreliefmiami.com\/es\/wp-json\/wp\/v2\/users\/3"}],"replies":[{"embeddable":true,"href":"https:\/\/neuropathyreliefmiami.com\/es\/wp-json\/wp\/v2\/comments?post=2458"}],"version-history":[{"count":5,"href":"https:\/\/neuropathyreliefmiami.com\/es\/wp-json\/wp\/v2\/pages\/2458\/revisions"}],"predecessor-version":[{"id":8832,"href":"https:\/\/neuropathyreliefmiami.com\/es\/wp-json\/wp\/v2\/pages\/2458\/revisions\/8832"}],"wp:attachment":[{"href":"https:\/\/neuropathyreliefmiami.com\/es\/wp-json\/wp\/v2\/media?parent=2458"}],"curies":[{"name":"wp","href":"https:\/\/api.w.org\/{rel}","templated":true}]}}