{"id":2454,"date":"2024-12-26T12:14:50","date_gmt":"2024-12-26T12:14:50","guid":{"rendered":"https:\/\/neuropathyreliefmiami.com\/sensory-neuropathy\/"},"modified":"2025-03-07T14:33:12","modified_gmt":"2025-03-07T14:33:12","slug":"neuropatia-sensorial","status":"publish","type":"page","link":"https:\/\/neuropathyreliefmiami.com\/es\/neuropatia-sensorial\/","title":{"rendered":"Neuropat\u00eda sensorial"},"content":{"rendered":"\n<div id=\"wp-block-themeisle-blocks-advanced-columns-7de3087a\" class=\"wp-block-themeisle-blocks-advanced-columns alignfull has-1-columns has-desktop-equal-layout has-tablet-equal-layout has-mobile-collapsedRows-layout has-reverse-columns-mobile has-vertical-bottom ticss-c00aadba has-dark-bg\"><div class=\"wp-block-themeisle-blocks-advanced-columns-overlay\"><\/div><div class=\"innerblocks-wrap\">\n<div id=\"wp-block-themeisle-blocks-advanced-column-da9e4610\" class=\"wp-block-themeisle-blocks-advanced-column\">\n<h1 id=\"wp-block-themeisle-blocks-advanced-heading-69b5a135\" class=\"wp-block-themeisle-blocks-advanced-heading wp-block-themeisle-blocks-advanced-heading-69b5a135\"><mark style=\"background-color:rgba(0, 0, 0, 0)\" class=\"has-inline-color has-nv-site-bg-color\">Neuropat\u00eda sensorial<\/mark><\/h1>\n<\/div>\n<\/div><\/div>\n\n\n\n<div style=\"height:45px\" aria-hidden=\"true\" class=\"wp-block-spacer\"><\/div>\n\n\n\n<div class=\"wp-block-columns is-layout-flex wp-container-core-columns-is-layout-1 wp-block-columns-is-layout-flex\">\n<div class=\"wp-block-column is-layout-flow wp-block-column-is-layout-flow\">\n<h2 class=\"wp-block-heading\"><strong>\u00bfQu\u00e9 es la neuropat\u00eda sensorial?<\/strong><\/h2>\n\n\n\n<p>El sistema nervioso perif\u00e9rico (SNP) est\u00e1 compuesto por nervios fuera del cerebro y la m\u00e9dula espinal (SNC) que env\u00edan se\u00f1ales de ida y vuelta entre el SNC y otras partes del cuerpo.<\/p>\n\n\n\n<p>La neuropat\u00eda sensorial es el da\u00f1o o la enfermedad de los nervios perif\u00e9ricos responsables de la transmisi\u00f3n de se\u00f1ales sensoriales para el tacto, la temperatura, la vibraci\u00f3n, el dolor y otras sensaciones hacia la m\u00e9dula espinal y el cerebro.<\/p>\n\n\n\n<h2 class=\"wp-block-heading\"><strong>\u00bfCu\u00e1les son los s\u00edntomas m\u00e1s comunes de la neuropat\u00eda sensorial?<\/strong><\/h2>\n\n\n\n<p>Dependiendo del tipo de fibra nerviosa afectada, los s\u00edntomas de la neuropat\u00eda sensorial variar\u00e1n entre los pacientes.<\/p>\n\n\n\n<p>Los s\u00edntomas de la neuropat\u00eda sensorial de fibras peque\u00f1as son principalmente sensoriales e incluyen sensaciones anormales como hormigueo, adormecimiento, sensaci\u00f3n de agujas, dolores agudos, dolor ardiente, frialdad y choques el\u00e9ctricos.<\/p>\n<\/div>\n\n\n\n<div class=\"wp-block-column is-layout-flow wp-block-column-is-layout-flow\">\n<div style=\"height:12px\" aria-hidden=\"true\" class=\"wp-block-spacer\"><\/div>\n\n\n\n<figure class=\"wp-block-image size-full\"><img loading=\"lazy\" decoding=\"async\" width=\"1000\" height=\"1000\" src=\"http:\/\/neuropathyreliefmiami.com\/wp-content\/uploads\/2025\/01\/sensory-neuropathy-1.webp\" alt=\"neuropat\u00eda sensorial\" class=\"wp-image-2143\" srcset=\"https:\/\/neuropathyreliefmiami.com\/wp-content\/uploads\/2025\/01\/sensory-neuropathy-1.webp 1000w, https:\/\/neuropathyreliefmiami.com\/wp-content\/uploads\/2025\/01\/sensory-neuropathy-1-300x300.webp 300w, https:\/\/neuropathyreliefmiami.com\/wp-content\/uploads\/2025\/01\/sensory-neuropathy-1-150x150.webp 150w, https:\/\/neuropathyreliefmiami.com\/wp-content\/uploads\/2025\/01\/sensory-neuropathy-1-768x768.webp 768w\" sizes=\"auto, (max-width: 1000px) 100vw, 1000px\" \/><\/figure>\n<\/div>\n<\/div>\n\n\n\n<p>Los s\u00edntomas de la neuropat\u00eda sensorial de fibras grandes afectan las funciones motoras para el movimiento, el equilibrio, la coordinaci\u00f3n, la propriocepci\u00f3n y la fuerza.<br><br><\/p>\n\n\n\n<h2 class=\"wp-block-heading\">S\u00edntomas m\u00e1s comunes de la neuropat\u00eda sensorial de fibras peque\u00f1as y grandes:<\/h2>\n\n\n\n<div class=\"wp-block-columns is-layout-flex wp-container-core-columns-is-layout-2 wp-block-columns-is-layout-flex\">\n<div class=\"wp-block-column is-layout-flow wp-block-column-is-layout-flow\">\n<ul class=\"wp-block-list\">\n<li>Hormigueo<\/li>\n\n\n\n<li>Adormecimiento<\/li>\n\n\n\n<li>Sensaci\u00f3n de hormigueo<\/li>\n\n\n\n<li>Adormecimiento y hormigueo progresivos y graduales en los pies, seguidos por las piernas o las manos, luego los brazos<\/li>\n\n\n\n<li>Incapacidad para sentir cambios de temperatura (ej: agua caliente o fr\u00eda)<\/li>\n\n\n\n<li>Dolores ardientes<\/li>\n\n\n\n<li>Dolores agudos<\/li>\n\n\n\n<li>Hipersensibilidad: dolor extremo por las s\u00e1banas o un toque ligero<\/li>\n\n\n\n<li>Problemas de equilibrio<\/li>\n<\/ul>\n<\/div>\n\n\n\n<div class=\"wp-block-column is-layout-flow wp-block-column-is-layout-flow\">\n<ul class=\"wp-block-list\">\n<li>Problemas de coordinaci\u00f3n<\/li>\n\n\n\n<li>Torpeza<\/li>\n\n\n\n<li>Dificultad para caminar debido a la disminuci\u00f3n de las sensaciones en los pies<\/li>\n\n\n\n<li>Incapacidad para sentir vibraci\u00f3n<\/li>\n\n\n\n<li>Falta de conciencia de cortes o heridas en los pies o manos<\/li>\n\n\n\n<li>Incapacidad para percibir la ubicaci\u00f3n de los miembros<\/li>\n\n\n\n<li>Sensaci\u00f3n de estar usando guantes o medias<\/li>\n<\/ul>\n<\/div>\n<\/div>\n\n\n\n<p>Los pacientes diab\u00e9ticos tienen un riesgo muy alto de desarrollar neuropat\u00eda sensorial como resultado del da\u00f1o a los nervios perif\u00e9ricos debido a per\u00edodos prolongados de altos niveles de glucosa\/az\u00facar en la sangre.<\/p>\n\n\n\n<p>La mayor\u00eda de los pacientes con neuropat\u00eda sensorial experimentan alteraciones sensoriales que comienzan en los pies\/manos y progresan hacia arriba por las piernas\/brazos.<\/p>\n\n\n\n<h2 class=\"wp-block-heading\"><strong>\u00bfCual es la Causa?<\/strong><\/h2>\n\n\n\n<p>Aproximadamente un tercio de los casos de neuropat\u00eda sensorial son consecuencia de la diabetes. El trauma f\u00edsico o las lesiones, como accidentes de tr\u00e1fico, ca\u00eddas, lesiones deportivas y s\u00edndromes de estr\u00e9s repetitivo, representan un tercio de los casos de neuropat\u00eda sensorial. El \u00faltimo tercio se considera idiop\u00e1tico o desconocido.<br><\/p>\n\n\n\n<div class=\"wp-block-columns is-layout-flex wp-container-core-columns-is-layout-3 wp-block-columns-is-layout-flex\">\n<div class=\"wp-block-column is-layout-flow wp-block-column-is-layout-flow\">\n<figure class=\"wp-block-image size-full is-resized\"><img loading=\"lazy\" decoding=\"async\" width=\"500\" height=\"500\" src=\"http:\/\/neuropathyreliefmiami.com\/wp-content\/uploads\/2025\/01\/sensory-neuropathy-5.webp\" alt=\"\" class=\"wp-image-1821\" style=\"width:150px\" srcset=\"https:\/\/neuropathyreliefmiami.com\/wp-content\/uploads\/2025\/01\/sensory-neuropathy-5.webp 500w, https:\/\/neuropathyreliefmiami.com\/wp-content\/uploads\/2025\/01\/sensory-neuropathy-5-300x300.webp 300w, https:\/\/neuropathyreliefmiami.com\/wp-content\/uploads\/2025\/01\/sensory-neuropathy-5-150x150.webp 150w\" sizes=\"auto, (max-width: 500px) 100vw, 500px\" \/><\/figure>\n\n\n\n<p><\/p>\n\n\n\n<p><strong>Causas t\u00f3xicas de la neuropat\u00eda sensorial:<\/strong><\/p>\n\n\n\n<ul class=\"wp-block-list\">\n<li> alcohol<\/li>\n\n\n\n<li>Quimioterapia<\/li>\n\n\n\n<li>Qu\u00edmicos industriales<\/li>\n<\/ul>\n<\/div>\n\n\n\n<div class=\"wp-block-column is-layout-flow wp-block-column-is-layout-flow\">\n<figure class=\"wp-block-image size-full is-resized\"><img loading=\"lazy\" decoding=\"async\" width=\"500\" height=\"500\" src=\"http:\/\/neuropathyreliefmiami.com\/wp-content\/uploads\/2025\/01\/sensory-neuropathy-6.webp\" alt=\"\" class=\"wp-image-1822\" style=\"width:150px\" srcset=\"https:\/\/neuropathyreliefmiami.com\/wp-content\/uploads\/2025\/01\/sensory-neuropathy-6.webp 500w, https:\/\/neuropathyreliefmiami.com\/wp-content\/uploads\/2025\/01\/sensory-neuropathy-6-300x300.webp 300w, https:\/\/neuropathyreliefmiami.com\/wp-content\/uploads\/2025\/01\/sensory-neuropathy-6-150x150.webp 150w\" sizes=\"auto, (max-width: 500px) 100vw, 500px\" \/><\/figure>\n\n\n\n<p><\/p>\n\n\n\n<p><strong>Causas metab\u00f3licas de la neuropat\u00eda sensorial:<\/strong><\/p>\n\n\n\n<ul class=\"wp-block-list\">\n<li>Diabetes<\/li>\n\n\n\n<li>Desbalances hormonales<\/li>\n\n\n\n<li>Deficiencia nutricional<\/li>\n\n\n\n<li>Tumores<\/li>\n\n\n\n<li>Enfermedades autoinmunes<\/li>\n<\/ul>\n<\/div>\n\n\n\n<div class=\"wp-block-column is-layout-flow wp-block-column-is-layout-flow\">\n<figure class=\"wp-block-image size-full is-resized\"><img loading=\"lazy\" decoding=\"async\" width=\"500\" height=\"500\" src=\"http:\/\/neuropathyreliefmiami.com\/wp-content\/uploads\/2025\/01\/sensory-neuropathy-7.webp\" alt=\"\" class=\"wp-image-1823\" style=\"width:150px\" srcset=\"https:\/\/neuropathyreliefmiami.com\/wp-content\/uploads\/2025\/01\/sensory-neuropathy-7.webp 500w, https:\/\/neuropathyreliefmiami.com\/wp-content\/uploads\/2025\/01\/sensory-neuropathy-7-300x300.webp 300w, https:\/\/neuropathyreliefmiami.com\/wp-content\/uploads\/2025\/01\/sensory-neuropathy-7-150x150.webp 150w\" sizes=\"auto, (max-width: 500px) 100vw, 500px\" \/><\/figure>\n\n\n\n<p><\/p>\n\n\n\n<p><strong>Causas hereditarias de la neuropat\u00eda sensorial:<\/strong><\/p>\n\n\n\n<p>Enfermedad de Charcot-Marie-Tooth<\/p>\n<\/div>\n<\/div>\n\n\n\n<div class=\"wp-block-columns is-layout-flex wp-container-core-columns-is-layout-4 wp-block-columns-is-layout-flex\">\n<div class=\"wp-block-column is-layout-flow wp-block-column-is-layout-flow\">\n<figure class=\"wp-block-image size-full is-resized\"><img loading=\"lazy\" decoding=\"async\" width=\"1000\" height=\"1000\" src=\"http:\/\/neuropathyreliefmiami.com\/wp-content\/uploads\/2025\/01\/sensory-neuropathy-2.webp\" alt=\"\" class=\"wp-image-1297\" style=\"width:392px;height:auto\" srcset=\"https:\/\/neuropathyreliefmiami.com\/wp-content\/uploads\/2025\/01\/sensory-neuropathy-2.webp 1000w, https:\/\/neuropathyreliefmiami.com\/wp-content\/uploads\/2025\/01\/sensory-neuropathy-2-300x300.webp 300w, https:\/\/neuropathyreliefmiami.com\/wp-content\/uploads\/2025\/01\/sensory-neuropathy-2-150x150.webp 150w, https:\/\/neuropathyreliefmiami.com\/wp-content\/uploads\/2025\/01\/sensory-neuropathy-2-768x768.webp 768w\" sizes=\"auto, (max-width: 1000px) 100vw, 1000px\" \/><\/figure>\n<\/div>\n\n\n\n<div class=\"wp-block-column is-layout-flow wp-block-column-is-layout-flow\">\n<h2 class=\"wp-block-heading\"><strong><strong>\u00bfC\u00f3mo se diagnostica?<\/strong><\/strong><\/h2>\n\n\n\n<p>(la forma hereditaria m\u00e1s com\u00fan de neuropat\u00eda sensorial)<\/p>\n\n\n\n<p>El <strong>Dr. Alfonso<\/strong> primero discutir\u00e1 sus s\u00edntomas, antecedentes m\u00e9dicos y quejas antes de realizar un examen de neuropat\u00eda sensorial. Durante el examen f\u00edsico y neurol\u00f3gico, evaluar\u00e1 la capacidad de sentir diferentes sensaciones, reflejos, equilibrio y coordinaci\u00f3n. Si es necesario, se pueden ordenar diagn\u00f3sticos adicionales y an\u00e1lisis de laboratorio para confirmar el diagn\u00f3stico de neuropat\u00eda sensorial.<\/p>\n<\/div>\n<\/div>\n\n\n\n<h2 class=\"wp-block-heading\"><strong><strong>\u00bfSe puede curar?<\/strong><\/strong><\/h2>\n\n\n\n<p>La <strong>neuropat\u00eda sensorial<\/strong> puede mejorar e incluso ser superada con un <strong>diagn\u00f3stico temprano<\/strong> y un <strong>plan de tratamiento adecuado<\/strong>. La <strong>detecci\u00f3n temprana<\/strong> de la neuropat\u00eda sensorial es clave para el \u00e9xito del tratamiento. Algunas fibras, con las terapias adecuadas, tratamientos, apoyo nutricional y cambios en el estilo de vida, pueden regenerarse lentamente.<\/p>\n\n\n\n<p>Las terapias y tratamientos para la neuropat\u00eda sensorial especializados en la rehabilitaci\u00f3n de los nervios, como los utilizados en el <strong>Protocolo de Tratamiento para la Neuropat\u00eda del Dr. Alfonso<\/strong>, son altamente exitosos en el tratamiento de la neuropat\u00eda sensorial.<\/p>\n\n\n\n<p>Las terapias y tratamientos deben producir los efectos fisiol\u00f3gicos necesarios para ayudar a sanar los <strong>nervios perif\u00e9ricos da\u00f1ados<\/strong>.<\/p>\n\n\n\n<p>1) <strong>Mejora de la circulaci\u00f3n<\/strong> que proporciona ox\u00edgeno y nutrientes a los nervios da\u00f1ados.<\/p>\n\n\n\n<p>2) <strong>Estimulaci\u00f3n de c\u00e9lulas y enzimas<\/strong> para el crecimiento de c\u00e9lulas nerviosas..<\/p>\n\n\n\n<p><\/p>\n\n\n\n<div class=\"wp-block-columns is-layout-flex wp-container-core-columns-is-layout-5 wp-block-columns-is-layout-flex\">\n<div class=\"wp-block-column is-layout-flow wp-block-column-is-layout-flow\">\n<h2 class=\"wp-block-heading\"><strong>\u00bfCu\u00e1l es el tratamiento <\/strong><\/h2>\n\n\n\n<p>El <strong>Protocolo de Tratamiento para la Neuropat\u00eda del Dr. Alfonso<\/strong> es un tratamiento altamente efectivo que ha ayudado con \u00e9xito a muchos pacientes que sufren de <strong>neuropat\u00eda sensorial<\/strong> sin necesidad de medicamentos ni cirug\u00eda.<\/p>\n\n\n\n<p>El <strong>Protocolo de Tratamiento para la Neuropat\u00eda del Dr. Alfonso<\/strong> combina m\u00faltiples <strong>tratamientos especializados<\/strong> desarrollados para mejorar el suministro de nutrientes y ox\u00edgeno a los tejidos y c\u00e9lulas nerviosas perif\u00e9ricas da\u00f1adas, aumentando la circulaci\u00f3n hacia los nervios, combinado con tratamientos para <strong>estimular la sanaci\u00f3n y reparaci\u00f3n<\/strong> de las c\u00e9lulas nerviosas perif\u00e9ricas.<br><\/p>\n<\/div>\n\n\n\n<div class=\"wp-block-column is-layout-flow wp-block-column-is-layout-flow\">\n<figure class=\"wp-block-embed is-type-video is-provider-youtube wp-block-embed-youtube wp-embed-aspect-16-9 wp-has-aspect-ratio\"><div class=\"wp-block-embed__wrapper\">\n<div class=\"nv-iframe-embed\"><div class=\"container-lazyload preview-lazyload container-youtube js-lazyload--not-loaded\"><a href=\"https:\/\/www.youtube.com\/watch?v=ffViRaQsvMw\" class=\"lazy-load-youtube preview-lazyload preview-youtube\" data-video-title=\"Dr. Alfonso\u2019s Neuropathy Treatment Protocol 2023, Neuropathy Pain Relief!\" title=\"Play video &quot;Dr. Alfonso\u2019s Neuropathy Treatment Protocol 2023, Neuropathy Pain Relief!&quot;\" target=\"_blank\" rel=\"noopener\">https:\/\/www.youtube.com\/watch?v=ffViRaQsvMw<\/a><noscript>Video can&#8217;t be loaded because JavaScript is disabled: <a href=\"https:\/\/www.youtube.com\/watch?v=ffViRaQsvMw\" title=\"Dr. Alfonso\u2019s Neuropathy Treatment Protocol 2023, Neuropathy Pain Relief!\" target=\"_blank\" rel=\"noopener\">Dr. Alfonso\u2019s Neuropathy Treatment Protocol 2023, Neuropathy Pain Relief! (https:\/\/www.youtube.com\/watch?v=ffViRaQsvMw)<\/a><\/noscript><\/div><\/div>\n<\/div><\/figure>\n<\/div>\n<\/div>\n\n\n\n<p>Por favor, lea m\u00e1s sobre el <strong>Protocolo de Tratamiento para la Neuropat\u00eda del Dr. Alfonso<\/strong> y las terapias \u00fanicas para la <strong>rehabilitaci\u00f3n de los nervios perif\u00e9ricos da\u00f1ados<\/strong>.<\/p>\n\n\n\n<p>El <strong>Protocolo de Tratamiento para la Neuropat\u00eda del Dr. Alfonso<\/strong> combina terapias innovadoras para la <strong>rehabilitaci\u00f3n de los nervios perif\u00e9ricos da\u00f1ados<\/strong> a causa de la <strong>neuropat\u00eda sensorial<\/strong>.<\/p>\n\n\n\n<p>Las terapias y tratamientos especializados en la rehabilitaci\u00f3n de los nervios, como los utilizados en el <strong>Protocolo de Tratamiento para la Neuropat\u00eda del Dr. Alfonso<\/strong>, son altamente exitosos en el tratamiento.<\/p>\n\n\n\n<p><\/p>\n\n\n\n<h2 class=\"wp-block-heading\"><strong>\u00bfQu\u00e9 tan exitoso es el Protocolo de Tratamiento para la Neuropat\u00eda del Dr. Alfonso en la Neuropat\u00eda Sensorial?<\/strong><\/h2>\n\n\n\n<p>Vemos una tasa de mejora estimada del <strong>85%<\/strong> en nuestros pacientes con neuropat\u00eda sensorial. Cada paciente es \u00fanico, con factores complicantes espec\u00edficos, y los resultados var\u00edan seg\u00fan la <strong>adherencia a la frecuencia de cuidados, las instrucciones en casa, la cronicidad<\/strong> y otros problemas de salud cr\u00f3nicos complicantes. <\/p>\n\n\n\n<p>Los pacientes tratados con el <strong>Protocolo de Tratamiento para la Neuropat\u00eda del Dr. Alfonso<\/strong> reportan mejoras en los s\u00edntomas de la <strong>neuropat\u00eda sensorial<\/strong> y en su funci\u00f3n.<\/p>\n\n\n\n<p> Muchos pacientes experimentan mejoras en los s\u00edntomas como el <strong>entumecimiento, hormigueo, ardor, sensaci\u00f3n de alfileres y agujas, constricci\u00f3n y dolor punzante<\/strong>. Los pacientes tambi\u00e9n reportan mejoras funcionales, como <strong>equilibrio, coordinaci\u00f3n y caminar, mejor sue\u00f1o<\/strong> y <strong>mejora en la calidad de vida<\/strong> con amigos y familiares.<\/p>\n\n\n\n<p>Actualmente, la medicina tradicional no tiene una cura. A los pacientes se les recetan medicamentos potentes (analg\u00e9sicos, anticonvulsivos, antidepresivos) que no tratan la causa de los nervios perif\u00e9ricos da\u00f1ados<\/p>\n\n\n\n<p>. Estos medicamentos solo enmascaran el dolor y los s\u00edntomas. La mayor\u00eda de los pacientes no pueden vivir con los efectos secundarios del uso prolongado de medicamentos. Muchos pacientes sienten que no tienen otra opci\u00f3n para la <strong>neuropat\u00eda sensorial<\/strong> hasta que descubren el tratamiento que cambia la vida en <strong>Neuropathy Relief Miami<\/strong>.<\/p>\n\n\n\n<h2 class=\"wp-block-heading\"><strong><strong>\u00bfCu\u00e1nto cuesta el Protocolo de Tratamiento para la Neuropat\u00eda del Dr. Alfonso para la neuropat\u00eda sensorial?<\/strong><\/strong><\/h2>\n\n\n\n<p>En <strong>Neuropathy Relief Miami<\/strong>, las recomendaciones de tratamiento para cada paciente son <strong>individualizadas<\/strong> y desarrolladas a partir del <strong>examen diagn\u00f3stico de la neuropat\u00eda sensorial<\/strong>, la <strong>gravedad<\/strong>, la <strong>cronicidad<\/strong>, la <strong>p\u00e9rdida de funci\u00f3n<\/strong> y el da\u00f1o de los nervios perif\u00e9ricos. Las recomendaciones de tratamiento y el costo de la atenci\u00f3n no son iguales para todos los pacientes. <\/p>\n\n\n\n<p>La inversi\u00f3n financiera de cada paciente debe determinarse a partir de la consulta individualizada y la evaluaci\u00f3n. Despu\u00e9s de completar el examen y estudiarlo, el paciente recibir\u00e1 un <strong>informe de hallazgos<\/strong> y una notificaci\u00f3n de aceptaci\u00f3n en nuestro <strong>programa de tratamiento <\/strong>. <\/p>\n\n\n\n<p>Durante esta reuni\u00f3n, recibir\u00e1 una <strong>revisi\u00f3n financiera<\/strong> y un desglose del costo del tratamiento y su plan de tratamiento personalizado. Esta informaci\u00f3n del examen y el informe de hallazgos le ayudar\u00e1 a tomar una decisi\u00f3n informada y l\u00f3gica sobre c\u00f3mo avanzar con su <strong>plan de tratamiento <\/strong>. Tenemos muchos <strong>planes financieros y opciones<\/strong>.<\/p>\n\n\n\n<p> Si es necesario, nos hemos asociado con compa\u00f1\u00edas de financiamiento de atenci\u00f3n m\u00e9dica, algunas con <strong>0% de inter\u00e9s o tasas de inter\u00e9s muy bajas<\/strong>, dise\u00f1adas para ayudar a los pacientes a obtener la atenci\u00f3n que necesitan y merecen.<br><br><\/p>\n\n\n\n<section id=\"wp-block-themeisle-blocks-advanced-columns-cb87630d\" class=\"wp-block-themeisle-blocks-advanced-columns alignfull has-1-columns has-desktop-equal-layout has-tablet-equal-layout has-mobile-equal-layout has-vertical-center has-dark-bg\"><div class=\"wp-block-themeisle-blocks-advanced-columns-overlay\"><\/div><div class=\"innerblocks-wrap\">\n<div id=\"wp-block-themeisle-blocks-advanced-column-a521c34e\" class=\"wp-block-themeisle-blocks-advanced-column\">\n<h2 class=\"wp-block-heading has-text-align-center has-text-color\" style=\"color:#fff200\">Ll\u00e1menos para una consulta gratuita<br><mark style=\"background-color:rgba(0, 0, 0, 0);color:#ffd900\" class=\"has-inline-color\"><br><a title=\"\" href=\"tel:\/\/+13052757475\">(305) 275-7475<\/a><\/mark><\/h2>\n\n\n\n<p class=\"has-text-align-center\">Solicita una consulta gratuita con el <strong><a href=\"\/es\/dr-rodolfo-alfonso\/\">Dr. Alfonso<\/a><\/strong> para saber c\u00f3mo puedes tratar de forma natural tus s\u00edntomas de Neuropat\u00eda sin procedimientos invasivos, cirug\u00eda ni medicamentos perjudiciales.<\/p>\n\n\n\n<p>S\u00edguenos en I<a href=\"https:\/\/www.instagram.com\/neuropathyreliefmiami\/\" target=\"_blank\" rel=\"noreferrer noopener\">nstagram<\/a>, <a href=\"https:\/\/www.facebook.com\/NeuropathyReliefMiami\" target=\"_blank\" rel=\"noreferrer noopener\">Facebook<\/a>, Y <a href=\"https:\/\/www.youtube.com\/channel\/UCYPTI-iMVVuO0uUdIIYD-HQ\" target=\"_blank\" rel=\"noreferrer noopener\">YouTube<\/a> para recibir actualizaciones, historias de \u00e9xito de pacientes y conocimientos expertos sobre el tratamiento de la neuropat\u00eda.<\/p>\n\n\n\n<div class=\"wp-block-buttons is-content-justification-center is-layout-flex wp-container-core-buttons-is-layout-1 wp-block-buttons-is-layout-flex\">\n<div class=\"wp-block-button is-style-primary\"><a class=\"wp-block-button__link has-text-color has-background has-link-color wp-element-button\" href=\"\/es\/citas\/\" style=\"color:#080808;background-color:#ffd20a\">RESERVAR MI CONSULTA GRATUITA<\/a><\/div>\n<\/div>\n<\/div>\n<\/div><\/section>\n","protected":false},"excerpt":{"rendered":"<p>\u00bfQu\u00e9 es la neuropat\u00eda sensorial? El sistema nervioso perif\u00e9rico (SNP) est\u00e1 compuesto por nervios fuera del cerebro y la m\u00e9dula espinal (SNC) que env\u00edan se\u00f1ales de ida y vuelta entre el SNC y otras partes del cuerpo. La neuropat\u00eda sensorial es el da\u00f1o o la enfermedad de los nervios perif\u00e9ricos responsables de la transmisi\u00f3n de&hellip;&nbsp;<a href=\"https:\/\/neuropathyreliefmiami.com\/es\/neuropatia-sensorial\/\" rel=\"bookmark\">Read More &raquo;<span class=\"screen-reader-text\">Neuropat\u00eda sensorial<\/span><\/a><\/p>\n","protected":false},"author":3,"featured_media":0,"parent":0,"menu_order":0,"comment_status":"closed","ping_status":"closed","template":"","meta":{"neve_meta_sidebar":"","neve_meta_container":"","neve_meta_enable_content_width":"","neve_meta_content_width":0,"neve_meta_title_alignment":"","neve_meta_author_avatar":"","neve_post_elements_order":"","neve_meta_disable_header":"","neve_meta_disable_footer":"","neve_meta_disable_title":"on","neve_meta_reading_time":"","_themeisle_gutenberg_block_has_review":false,"footnotes":""},"class_list":["post-2454","page","type-page","status-publish","hentry"],"_links":{"self":[{"href":"https:\/\/neuropathyreliefmiami.com\/es\/wp-json\/wp\/v2\/pages\/2454","targetHints":{"allow":["GET"]}}],"collection":[{"href":"https:\/\/neuropathyreliefmiami.com\/es\/wp-json\/wp\/v2\/pages"}],"about":[{"href":"https:\/\/neuropathyreliefmiami.com\/es\/wp-json\/wp\/v2\/types\/page"}],"author":[{"embeddable":true,"href":"https:\/\/neuropathyreliefmiami.com\/es\/wp-json\/wp\/v2\/users\/3"}],"replies":[{"embeddable":true,"href":"https:\/\/neuropathyreliefmiami.com\/es\/wp-json\/wp\/v2\/comments?post=2454"}],"version-history":[{"count":6,"href":"https:\/\/neuropathyreliefmiami.com\/es\/wp-json\/wp\/v2\/pages\/2454\/revisions"}],"predecessor-version":[{"id":8831,"href":"https:\/\/neuropathyreliefmiami.com\/es\/wp-json\/wp\/v2\/pages\/2454\/revisions\/8831"}],"wp:attachment":[{"href":"https:\/\/neuropathyreliefmiami.com\/es\/wp-json\/wp\/v2\/media?parent=2454"}],"curies":[{"name":"wp","href":"https:\/\/api.w.org\/{rel}","templated":true}]}}