{"id":2449,"date":"2024-12-26T12:13:46","date_gmt":"2024-12-26T12:13:46","guid":{"rendered":"https:\/\/neuropathyreliefmiami.com\/peripheral-neuropathy-causes-symptoms-and-treatment\/"},"modified":"2025-03-10T13:30:05","modified_gmt":"2025-03-10T13:30:05","slug":"que-es-la-neuropatia-periferica","status":"publish","type":"page","link":"https:\/\/neuropathyreliefmiami.com\/es\/que-es-la-neuropatia-periferica\/","title":{"rendered":"Neuropat\u00eda Perif\u00e9rica: Causas, S\u00edntomas y Tratamiento"},"content":{"rendered":"\n<div id=\"wp-block-themeisle-blocks-advanced-columns-678cc482\" class=\"wp-block-themeisle-blocks-advanced-columns alignfull has-1-columns has-desktop-equal-layout has-tablet-equal-layout has-mobile-collapsedRows-layout has-reverse-columns-mobile has-vertical-bottom ticss-c00aadba has-dark-bg\"><div class=\"wp-block-themeisle-blocks-advanced-columns-overlay\"><\/div><div class=\"innerblocks-wrap\">\n<div id=\"wp-block-themeisle-blocks-advanced-column-4d412c51\" class=\"wp-block-themeisle-blocks-advanced-column\">\n<h2 id=\"wp-block-themeisle-blocks-advanced-heading-fb3c7a39\" class=\"wp-block-themeisle-blocks-advanced-heading wp-block-themeisle-blocks-advanced-heading-fb3c7a39\">Neuropat\u00eda Perif\u00e9rica: Causas, S\u00edntomas y Tratamiento<\/h2>\n<\/div>\n<\/div><\/div>\n\n\n\n<div style=\"height:36px\" aria-hidden=\"true\" class=\"wp-block-spacer\"><\/div>\n\n\n\n<p>La neuropat\u00eda perif\u00e9rica es una condici\u00f3n que resulta del da\u00f1o o disfunci\u00f3n de los nervios perif\u00e9ricos, aquellos ubicados fuera del cerebro y la m\u00e9dula espinal. Esta condici\u00f3n afecta a m\u00e1s de 20 millones de personas en los EE. UU., siendo m\u00e1s com\u00fan en individuos mayores de 45 a\u00f1os, impactando significativamente su calidad de vida al interferir con las actividades diarias y causar dolor o malestar cr\u00f3nico.<\/p>\n\n\n\n<div style=\"height:36px\" aria-hidden=\"true\" class=\"wp-block-spacer\"><\/div>\n\n\n\n<h1 class=\"wp-block-heading\"><strong><strong>\u00bfQu\u00e9 es la neuropat\u00eda perif\u00e9rica?<\/strong><\/strong><\/h1>\n\n\n\n<div class=\"wp-block-columns is-layout-flex wp-container-core-columns-is-layout-1 wp-block-columns-is-layout-flex\">\n<div class=\"wp-block-column is-layout-flow wp-block-column-is-layout-flow\">\n<p><\/p>\n\n\n\n<p><strong>La neuropat\u00eda perif\u00e9rica<\/strong> ocurre cuando los nervios responsables de enviar se\u00f1ales sensoriales, motoras o auton\u00f3micas entre el cerebro, la m\u00e9dula espinal y el cuerpo se da\u00f1an o enferman. Esto puede resultar en s\u00edntomas que van desde molestias leves hasta dolor debilitante e impedimentos funcionales.<\/p>\n\n\n\n<p><\/p>\n\n\n\n<ul class=\"wp-block-list\">\n<li>Dolor ardiente en las manos o los pies<\/li>\n\n\n\n<li>Sensaciones de hormigueo<\/li>\n\n\n\n<li>Adormecimiento y hormigueo<\/li>\n\n\n\n<li>Dificultad para caminar o problemas de equilibrio<\/li>\n\n\n\n<li>Piernas inquietas o calambres por la noche<\/li>\n\n\n\n<li>Dolor por toques leves o s\u00e1banas por la noche<\/li>\n<\/ul>\n<\/div>\n\n\n\n<div class=\"wp-block-column is-layout-flow wp-block-column-is-layout-flow\"><div class=\"wp-block-image\">\n<figure class=\"aligncenter size-full\"><img loading=\"lazy\" decoding=\"async\" width=\"399\" height=\"476\" src=\"http:\/\/neuropathyreliefmiami.com\/wp-content\/uploads\/2025\/01\/Neuropathy-relief-center-of-miami-1.webp\" alt=\"\" class=\"wp-image-1358\" srcset=\"https:\/\/neuropathyreliefmiami.com\/wp-content\/uploads\/2025\/01\/Neuropathy-relief-center-of-miami-1.webp 399w, https:\/\/neuropathyreliefmiami.com\/wp-content\/uploads\/2025\/01\/Neuropathy-relief-center-of-miami-1-251x300.webp 251w\" sizes=\"auto, (max-width: 399px) 100vw, 399px\" \/><\/figure><\/div><\/div>\n<\/div>\n\n\n\n<h3 class=\"wp-block-heading has-text-align-left has-nv-dark-bg-color has-text-color has-link-color wp-elements-779b561498fa1e860937a3a93f7fd54f\">Los s\u00edntomas pueden desarrollarse de forma repentina o progresar gradualmente, y su severidad puede fluctuar.<\/h3>\n\n\n\n<div style=\"height:36px\" aria-hidden=\"true\" class=\"wp-block-spacer\"><\/div>\n\n\n\n<h2 class=\"wp-block-heading\"><strong>Tipos de neuropat\u00eda perif\u00e9rica<\/strong><\/h2>\n\n\n\n<p>Hay cuatro tipos principales de neuropat\u00eda perif\u00e9rica:<\/p>\n\n\n\n<div class=\"wp-block-columns is-layout-flex wp-container-core-columns-is-layout-2 wp-block-columns-is-layout-flex\">\n<div class=\"wp-block-column is-layout-flow wp-block-column-is-layout-flow\">\n<figure class=\"wp-block-image size-full is-resized\"><img loading=\"lazy\" decoding=\"async\" width=\"500\" height=\"500\" src=\"http:\/\/neuropathyreliefmiami.com\/wp-content\/uploads\/2025\/01\/peripheral-neuropathy-causes-symptoms-and-treatment-1-1.webp\" alt=\"Peripheral Neuropathy\" class=\"wp-image-2169\" style=\"width:187px;height:auto\" srcset=\"https:\/\/neuropathyreliefmiami.com\/wp-content\/uploads\/2025\/01\/peripheral-neuropathy-causes-symptoms-and-treatment-1-1.webp 500w, https:\/\/neuropathyreliefmiami.com\/wp-content\/uploads\/2025\/01\/peripheral-neuropathy-causes-symptoms-and-treatment-1-1-300x300.webp 300w, https:\/\/neuropathyreliefmiami.com\/wp-content\/uploads\/2025\/01\/peripheral-neuropathy-causes-symptoms-and-treatment-1-1-150x150.webp 150w\" sizes=\"auto, (max-width: 500px) 100vw, 500px\" \/><\/figure>\n\n\n\n<p><\/p>\n\n\n\n<h3 class=\"wp-block-heading\"><strong>Neuropat\u00eda perif\u00e9rica sensorial<\/strong><\/h3>\n\n\n\n<p>Da\u00f1o a los nervios que env\u00edan informaci\u00f3n sensorial, como el tacto y la temperatura, al cerebro.<br><br><strong>Los s\u00edntomas comunes incluyen:<\/strong><\/p>\n\n\n\n<ul class=\"wp-block-list\">\n<li>Hormigueo<\/li>\n\n\n\n<li>Dolor ardiente o punzante<\/li>\n\n\n\n<li>Disminuci\u00f3n de la sensibilidad a los cambios de temperatura<\/li>\n\n\n\n<li>Dificultad con la coordinaci\u00f3n<\/li>\n<\/ul>\n<\/div>\n\n\n\n<div class=\"wp-block-column is-layout-flow wp-block-column-is-layout-flow\">\n<figure class=\"wp-block-image size-full is-resized\"><img loading=\"lazy\" decoding=\"async\" width=\"500\" height=\"500\" src=\"http:\/\/neuropathyreliefmiami.com\/wp-content\/uploads\/2025\/01\/peripheral-neuropathy-causes-symptoms-and-treatment-2-1.webp\" alt=\"Tratamiento de Neuropat\u00eda en Miami\n - Motor Peripheral Neuropathy\" class=\"wp-image-2170\" style=\"width:187px;height:auto\" srcset=\"https:\/\/neuropathyreliefmiami.com\/wp-content\/uploads\/2025\/01\/peripheral-neuropathy-causes-symptoms-and-treatment-2-1.webp 500w, https:\/\/neuropathyreliefmiami.com\/wp-content\/uploads\/2025\/01\/peripheral-neuropathy-causes-symptoms-and-treatment-2-1-300x300.webp 300w, https:\/\/neuropathyreliefmiami.com\/wp-content\/uploads\/2025\/01\/peripheral-neuropathy-causes-symptoms-and-treatment-2-1-150x150.webp 150w\" sizes=\"auto, (max-width: 500px) 100vw, 500px\" \/><\/figure>\n\n\n\n<p><\/p>\n\n\n\n<h3 class=\"wp-block-heading\"><strong>Neuropat\u00eda perif\u00e9rica motora<\/strong><\/h3>\n\n\n\n<p>Afecta los nervios que controlan los movimientos musculares.<\/p>\n\n\n\n<p><strong>Los s\u00edntomas comunes incluyen:<\/strong><\/p>\n\n\n\n<ul class=\"wp-block-list\">\n<li>Debilidad muscular y atrofia<\/li>\n\n\n\n<li>Calambres o espasmos<\/li>\n\n\n\n<li>Dificultad para caminar debido a la p\u00e9rdida de control motor<\/li>\n<\/ul>\n<\/div>\n\n\n\n<div class=\"wp-block-column is-layout-flow wp-block-column-is-layout-flow\">\n<figure class=\"wp-block-image size-full is-resized\"><img loading=\"lazy\" decoding=\"async\" width=\"500\" height=\"500\" src=\"http:\/\/neuropathyreliefmiami.com\/wp-content\/uploads\/2025\/01\/peripheral-neuropathy-causes-symptoms-and-treatment-3.webp\" alt=\"\" class=\"wp-image-1579\" style=\"width:187px;height:auto\" srcset=\"https:\/\/neuropathyreliefmiami.com\/wp-content\/uploads\/2025\/01\/peripheral-neuropathy-causes-symptoms-and-treatment-3.webp 500w, https:\/\/neuropathyreliefmiami.com\/wp-content\/uploads\/2025\/01\/peripheral-neuropathy-causes-symptoms-and-treatment-3-300x300.webp 300w, https:\/\/neuropathyreliefmiami.com\/wp-content\/uploads\/2025\/01\/peripheral-neuropathy-causes-symptoms-and-treatment-3-150x150.webp 150w\" sizes=\"auto, (max-width: 500px) 100vw, 500px\" \/><\/figure>\n\n\n\n<p><\/p>\n\n\n\n<h3 class=\"wp-block-heading\"><strong>Neuropat\u00eda perif\u00e9rica auton\u00f3mica<\/strong><\/h3>\n\n\n\n<p>Afecta los nervios que controlan las funciones involuntarias del cuerpo, como la frecuencia card\u00edaca y la digesti\u00f3n.<br><br> <strong>Los s\u00edntomas comunes incluyen:<\/strong><\/p>\n\n\n\n<ul class=\"wp-block-list\">\n<li>Mareos al estar de pie<\/li>\n\n\n\n<li>Disfunci\u00f3n intestinal y de la vejiga<\/li>\n\n\n\n<li>Disfunci\u00f3n sexual<\/li>\n<\/ul>\n<\/div>\n\n\n\n<div class=\"wp-block-column is-layout-flow wp-block-column-is-layout-flow\">\n<figure class=\"wp-block-image size-full is-resized\"><img loading=\"lazy\" decoding=\"async\" width=\"500\" height=\"500\" src=\"http:\/\/neuropathyreliefmiami.com\/wp-content\/uploads\/2025\/01\/peripheral-neuropathy-causes-symptoms-and-treatment-4.webp\" alt=\"\" class=\"wp-image-1580\" style=\"width:187px;height:auto\" srcset=\"https:\/\/neuropathyreliefmiami.com\/wp-content\/uploads\/2025\/01\/peripheral-neuropathy-causes-symptoms-and-treatment-4.webp 500w, https:\/\/neuropathyreliefmiami.com\/wp-content\/uploads\/2025\/01\/peripheral-neuropathy-causes-symptoms-and-treatment-4-300x300.webp 300w, https:\/\/neuropathyreliefmiami.com\/wp-content\/uploads\/2025\/01\/peripheral-neuropathy-causes-symptoms-and-treatment-4-150x150.webp 150w\" sizes=\"auto, (max-width: 500px) 100vw, 500px\" \/><\/figure>\n\n\n\n<p><\/p>\n\n\n\n<h3 class=\"wp-block-heading\"><strong>Mononeuropat\u00eda<\/strong><\/h3>\n\n\n\n<p>Involucra el da\u00f1o a un solo nervio, como en el s\u00edndrome del t\u00fanel carpiano.<br><br><strong>Los s\u00edntomas comunes incluyen:<\/strong><\/p>\n\n\n\n<ul class=\"wp-block-list\">\n<li>Debilidad o adormecimiento en \u00e1reas espec\u00edficas<\/li>\n<\/ul>\n\n\n\n<ul class=\"wp-block-list\">\n<li>Ca\u00edda facial (por ejemplo, par\u00e1lisis de Bell)<\/li>\n\n\n\n<li>Dolor ocular o problemas de visi\u00f3n<\/li>\n<\/ul>\n<\/div>\n<\/div>\n\n\n\n<div style=\"height:36px\" aria-hidden=\"true\" class=\"wp-block-spacer\"><\/div>\n\n\n\n<h2 class=\"wp-block-heading\"><strong>Factores de riesgo y causas de la neuropat\u00eda perif\u00e9rica<\/strong><\/h2>\n\n\n\n<p>La neuropat\u00eda perif\u00e9rica puede ser el resultado de diversas causas que se clasifican en<strong> metab\u00f3licas, mec\u00e1nicas o gen\u00e9ticas:<\/strong><\/p>\n\n\n\n<div style=\"height:36px\" aria-hidden=\"true\" class=\"wp-block-spacer\"><\/div>\n\n\n\n<div class=\"wp-block-columns is-layout-flex wp-container-core-columns-is-layout-3 wp-block-columns-is-layout-flex\">\n<div class=\"wp-block-column is-layout-flow wp-block-column-is-layout-flow\">\n<figure class=\"wp-block-image size-full is-resized\"><img loading=\"lazy\" decoding=\"async\" width=\"500\" height=\"500\" src=\"http:\/\/neuropathyreliefmiami.com\/wp-content\/uploads\/2025\/01\/peripheral-neuropathy-causes-symptoms-and-treatment-20.webp\" alt=\"\" class=\"wp-image-1795\" style=\"width:187px;height:auto\" srcset=\"https:\/\/neuropathyreliefmiami.com\/wp-content\/uploads\/2025\/01\/peripheral-neuropathy-causes-symptoms-and-treatment-20.webp 500w, https:\/\/neuropathyreliefmiami.com\/wp-content\/uploads\/2025\/01\/peripheral-neuropathy-causes-symptoms-and-treatment-20-300x300.webp 300w, https:\/\/neuropathyreliefmiami.com\/wp-content\/uploads\/2025\/01\/peripheral-neuropathy-causes-symptoms-and-treatment-20-150x150.webp 150w\" sizes=\"auto, (max-width: 500px) 100vw, 500px\" \/><\/figure>\n\n\n\n<div style=\"height:36px\" aria-hidden=\"true\" class=\"wp-block-spacer\"><\/div>\n\n\n\n<h3 class=\"wp-block-heading\">Causas metab\u00f3licas<\/h3>\n\n\n\n<ul class=\"wp-block-list\">\n<li><strong>Diabetes<\/strong>: La principal causa debido al da\u00f1o capilar inducido por los niveles altos de az\u00facar en sangre.<\/li>\n\n\n\n<li><strong>Quimioterapia u otras toxinas<\/strong><\/li>\n\n\n\n<li><strong><strong>Alcoholismo<\/strong><\/strong><\/li>\n\n\n\n<li><strong><strong>Deficiencias nutricionales<\/strong><\/strong><\/li>\n<\/ul>\n<\/div>\n\n\n\n<div class=\"wp-block-column is-layout-flow wp-block-column-is-layout-flow\">\n<figure class=\"wp-block-image size-full is-resized\"><img loading=\"lazy\" decoding=\"async\" width=\"500\" height=\"500\" src=\"http:\/\/neuropathyreliefmiami.com\/wp-content\/uploads\/2025\/01\/peripheral-neuropathy-causes-symptoms-and-treatment-21.webp\" alt=\"neuropat\u00eda perif\u00e9rica\" class=\"wp-image-2241\" style=\"width:187px;height:auto\" srcset=\"https:\/\/neuropathyreliefmiami.com\/wp-content\/uploads\/2025\/01\/peripheral-neuropathy-causes-symptoms-and-treatment-21.webp 500w, https:\/\/neuropathyreliefmiami.com\/wp-content\/uploads\/2025\/01\/peripheral-neuropathy-causes-symptoms-and-treatment-21-300x300.webp 300w, https:\/\/neuropathyreliefmiami.com\/wp-content\/uploads\/2025\/01\/peripheral-neuropathy-causes-symptoms-and-treatment-21-150x150.webp 150w\" sizes=\"auto, (max-width: 500px) 100vw, 500px\" \/><\/figure>\n\n\n\n<div style=\"height:36px\" aria-hidden=\"true\" class=\"wp-block-spacer\"><\/div>\n\n\n\n<h3 class=\"wp-block-heading\"><strong>Causas mec\u00e1nicas<\/strong><\/h3>\n\n\n\n<p>Compresi\u00f3n nerviosa, como la causada por discos herniados o movimientos repetitivos.<\/p>\n<\/div>\n\n\n\n<div class=\"wp-block-column is-layout-flow wp-block-column-is-layout-flow\">\n<figure class=\"wp-block-image size-full is-resized\"><img loading=\"lazy\" decoding=\"async\" width=\"500\" height=\"500\" src=\"http:\/\/neuropathyreliefmiami.com\/wp-content\/uploads\/2025\/01\/peripheral-neuropathy-causes-symptoms-and-treatment-22.webp\" alt=\"\" class=\"wp-image-1797\" style=\"width:187px;height:auto\" srcset=\"https:\/\/neuropathyreliefmiami.com\/wp-content\/uploads\/2025\/01\/peripheral-neuropathy-causes-symptoms-and-treatment-22.webp 500w, https:\/\/neuropathyreliefmiami.com\/wp-content\/uploads\/2025\/01\/peripheral-neuropathy-causes-symptoms-and-treatment-22-300x300.webp 300w, https:\/\/neuropathyreliefmiami.com\/wp-content\/uploads\/2025\/01\/peripheral-neuropathy-causes-symptoms-and-treatment-22-150x150.webp 150w\" sizes=\"auto, (max-width: 500px) 100vw, 500px\" \/><\/figure>\n\n\n\n<div style=\"height:36px\" aria-hidden=\"true\" class=\"wp-block-spacer\"><\/div>\n\n\n\n<p><strong>Causas gen\u00e9ticas<\/strong><\/p>\n\n\n\n<p>Trastornos hereditarios que afectan la funci\u00f3n nerviosa.<br><\/p>\n<\/div>\n<\/div>\n\n\n\n<div style=\"height:28px\" aria-hidden=\"true\" class=\"wp-block-spacer\"><\/div>\n\n\n\n<p>Estas terapias activan los mecanismos naturales de reparaci\u00f3n del cuerpo para aliviar el dolor, restaurar la funci\u00f3n y sanar los nervios da\u00f1ados. Los planes de tratamiento personalizados incluyen la frecuencia de la terapia, orientaci\u00f3n nutricional y apoyo en casa para maximizar la recuperaci\u00f3n.<\/p>\n\n\n\n<div id=\"wp-block-themeisle-blocks-advanced-columns-c332a9fd\" class=\"wp-block-themeisle-blocks-advanced-columns alignfull has-1-columns has-desktop-equal-layout has-tablet-equal-layout has-mobile-collapsedRows-layout has-reverse-columns-mobile has-vertical-bottom ticss-c00aadba has-dark-bg\"><div class=\"wp-block-themeisle-blocks-advanced-columns-overlay\"><\/div><div class=\"innerblocks-wrap\">\n<div id=\"wp-block-themeisle-blocks-advanced-column-8fd238f3\" class=\"wp-block-themeisle-blocks-advanced-column\">\n<h2 id=\"wp-block-themeisle-blocks-advanced-heading-14325f73\" class=\"wp-block-themeisle-blocks-advanced-heading wp-block-themeisle-blocks-advanced-heading-14325f73\"><strong><strong>La neuropat\u00eda perif\u00e9rica diab\u00e9tica es particularmente com\u00fan, afectando hasta el 80% de las personas con diabetes, lo que a menudo lleva a complicaciones relacionadas con los pies.<\/strong><\/strong><\/h2>\n<\/div>\n<\/div><\/div>\n\n\n\n<div style=\"height:36px\" aria-hidden=\"true\" class=\"wp-block-spacer\"><\/div>\n\n\n\n<div class=\"wp-block-columns is-layout-flex wp-container-core-columns-is-layout-4 wp-block-columns-is-layout-flex\">\n<div class=\"wp-block-column is-layout-flow wp-block-column-is-layout-flow\" style=\"flex-basis:66.66%\">\n<div style=\"height:36px\" aria-hidden=\"true\" class=\"wp-block-spacer\"><\/div>\n\n\n\n<h2 class=\"wp-block-heading\"><strong><strong><strong>Protocolo de Tratamiento de Neuropat\u00eda del Dr. Alfonso<\/strong><\/strong><\/strong><\/h2>\n\n\n\n<p>El enfoque del Dr. Alfonso combina terapias avanzadas dise\u00f1adas para abordar el da\u00f1o nervioso y restaurar la funci\u00f3n. Los elementos clave del protocolo incluyen:<br><br><\/p>\n<\/div>\n\n\n\n<div class=\"wp-block-column is-layout-flow wp-block-column-is-layout-flow\" style=\"flex-basis:33.33%\">\n<figure class=\"wp-block-embed is-type-video is-provider-youtube wp-block-embed-youtube wp-embed-aspect-16-9 wp-has-aspect-ratio\"><div class=\"wp-block-embed__wrapper\">\n<div class=\"nv-iframe-embed\"><div class=\"container-lazyload preview-lazyload container-youtube js-lazyload--not-loaded\"><a href=\"https:\/\/www.youtube.com\/watch?v=ffViRaQsvMw\" class=\"lazy-load-youtube preview-lazyload preview-youtube\" data-video-title=\"Dr. Alfonso\u2019s Neuropathy Treatment Protocol 2023, Neuropathy Pain Relief!\" title=\"Play video &quot;Dr. Alfonso\u2019s Neuropathy Treatment Protocol 2023, Neuropathy Pain Relief!&quot;\" target=\"_blank\" rel=\"noopener\">https:\/\/www.youtube.com\/watch?v=ffViRaQsvMw<\/a><noscript>Video can&#8217;t be loaded because JavaScript is disabled: <a href=\"https:\/\/www.youtube.com\/watch?v=ffViRaQsvMw\" title=\"Dr. Alfonso\u2019s Neuropathy Treatment Protocol 2023, Neuropathy Pain Relief!\" target=\"_blank\" rel=\"noopener\">Dr. Alfonso\u2019s Neuropathy Treatment Protocol 2023, Neuropathy Pain Relief! (https:\/\/www.youtube.com\/watch?v=ffViRaQsvMw)<\/a><\/noscript><\/div><\/div>\n<\/div><\/figure>\n<\/div>\n<\/div>\n\n\n\n<div class=\"wp-block-columns is-layout-flex wp-container-core-columns-is-layout-5 wp-block-columns-is-layout-flex\">\n<div class=\"wp-block-column is-layout-flow wp-block-column-is-layout-flow\"><div class=\"wp-block-image\">\n<figure class=\"aligncenter size-full is-resized\"><img loading=\"lazy\" decoding=\"async\" width=\"500\" height=\"500\" src=\"http:\/\/neuropathyreliefmiami.com\/wp-content\/uploads\/2025\/01\/peripheral-neuropathy-causes-symptoms-and-treatment-27.webp\" alt=\"\" class=\"wp-image-1991\" style=\"width:150px\" srcset=\"https:\/\/neuropathyreliefmiami.com\/wp-content\/uploads\/2025\/01\/peripheral-neuropathy-causes-symptoms-and-treatment-27.webp 500w, https:\/\/neuropathyreliefmiami.com\/wp-content\/uploads\/2025\/01\/peripheral-neuropathy-causes-symptoms-and-treatment-27-300x300.webp 300w, https:\/\/neuropathyreliefmiami.com\/wp-content\/uploads\/2025\/01\/peripheral-neuropathy-causes-symptoms-and-treatment-27-150x150.webp 150w\" sizes=\"auto, (max-width: 500px) 100vw, 500px\" \/><\/figure><\/div>\n\n\n<div style=\"height:36px\" aria-hidden=\"true\" class=\"wp-block-spacer\"><\/div>\n\n\n\n<p class=\"has-text-align-center\"><strong>Mejora de la circulaci\u00f3n:<\/strong> Mejorando la entrega de ox\u00edgeno y nutrientes a los nervios da\u00f1ados.<\/p>\n<\/div>\n\n\n\n<div class=\"wp-block-column is-layout-flow wp-block-column-is-layout-flow\"><div class=\"wp-block-image\">\n<figure class=\"aligncenter size-full is-resized\"><img loading=\"lazy\" decoding=\"async\" width=\"500\" height=\"500\" src=\"http:\/\/neuropathyreliefmiami.com\/wp-content\/uploads\/2025\/01\/compression-neuropathy-causes-symptoms-and-advanced-treatment-options-28.webp\" alt=\"\" class=\"wp-image-1992\" style=\"width:150px\" srcset=\"https:\/\/neuropathyreliefmiami.com\/wp-content\/uploads\/2025\/01\/compression-neuropathy-causes-symptoms-and-advanced-treatment-options-28.webp 500w, https:\/\/neuropathyreliefmiami.com\/wp-content\/uploads\/2025\/01\/compression-neuropathy-causes-symptoms-and-advanced-treatment-options-28-300x300.webp 300w, https:\/\/neuropathyreliefmiami.com\/wp-content\/uploads\/2025\/01\/compression-neuropathy-causes-symptoms-and-advanced-treatment-options-28-150x150.webp 150w\" sizes=\"auto, (max-width: 500px) 100vw, 500px\" \/><\/figure><\/div>\n\n\n<div style=\"height:36px\" aria-hidden=\"true\" class=\"wp-block-spacer\"><\/div>\n\n\n\n<p class=\"has-text-align-center\"><strong>Estimulaci\u00f3n regenerativa:<\/strong> Fomentando el crecimiento de nuevas c\u00e9lulas nerviosas.<br><\/p>\n<\/div>\n\n\n\n<div class=\"wp-block-column is-layout-flow wp-block-column-is-layout-flow\"><div class=\"wp-block-image\">\n<figure class=\"aligncenter size-full is-resized\"><img loading=\"lazy\" decoding=\"async\" width=\"500\" height=\"500\" src=\"http:\/\/neuropathyreliefmiami.com\/wp-content\/uploads\/2025\/01\/compression-neuropathy-causes-symptoms-and-advanced-treatment-options-29.webp\" alt=\"\" class=\"wp-image-1993\" style=\"width:150px\" srcset=\"https:\/\/neuropathyreliefmiami.com\/wp-content\/uploads\/2025\/01\/compression-neuropathy-causes-symptoms-and-advanced-treatment-options-29.webp 500w, https:\/\/neuropathyreliefmiami.com\/wp-content\/uploads\/2025\/01\/compression-neuropathy-causes-symptoms-and-advanced-treatment-options-29-300x300.webp 300w, https:\/\/neuropathyreliefmiami.com\/wp-content\/uploads\/2025\/01\/compression-neuropathy-causes-symptoms-and-advanced-treatment-options-29-150x150.webp 150w\" sizes=\"auto, (max-width: 500px) 100vw, 500px\" \/><\/figure><\/div>\n\n\n<div style=\"height:36px\" aria-hidden=\"true\" class=\"wp-block-spacer\"><\/div>\n\n\n\n<p class=\"has-text-align-center\"><strong>Alivio mec\u00e1nico:<\/strong> Eliminando las compresiones nerviosas en la columna y las extremidades.<\/p>\n<\/div>\n<\/div>\n\n\n\n<p class=\"has-text-align-center\">Estas terapias activan los mecanismos naturales de reparaci\u00f3n del cuerpo para aliviar el dolor, restaurar la funci\u00f3n y sanar los nervios da\u00f1ados. Los planes de tratamiento personalizados incluyen la frecuencia de la terapia, orientaci\u00f3n nutricional y apoyo en casa para maximizar la recuperaci\u00f3n.<\/p>\n\n\n\n<p><\/p>\n\n\n\n<section id=\"wp-block-themeisle-blocks-advanced-columns-cb87630d\" class=\"wp-block-themeisle-blocks-advanced-columns alignfull has-1-columns has-desktop-equal-layout has-tablet-equal-layout has-mobile-equal-layout has-vertical-center has-dark-bg\"><div class=\"wp-block-themeisle-blocks-advanced-columns-overlay\"><\/div><div class=\"innerblocks-wrap\">\n<div id=\"wp-block-themeisle-blocks-advanced-column-a521c34e\" class=\"wp-block-themeisle-blocks-advanced-column\">\n<h2 class=\"wp-block-heading has-text-align-center has-text-color\" style=\"color:#fff200\">Ll\u00e1menos para una consulta gratuita<br><mark style=\"background-color:rgba(0, 0, 0, 0);color:#ffd900\" class=\"has-inline-color\"><br><a title=\"\" href=\"tel:\/\/+13052757475\">(305) 275-7475<\/a><\/mark><\/h2>\n\n\n\n<p class=\"has-text-align-center\">Solicita una consulta gratuita con el <strong><a href=\"\/es\/dr-rodolfo-alfonso\/\">Dr. Alfonso<\/a><\/strong> para saber c\u00f3mo puedes tratar de forma natural tus s\u00edntomas de Neuropat\u00eda sin procedimientos invasivos, cirug\u00eda ni medicamentos perjudiciales.<\/p>\n\n\n\n<p>S\u00edguenos en I<a href=\"https:\/\/www.instagram.com\/neuropathyreliefmiami\/\" target=\"_blank\" rel=\"noreferrer noopener\">nstagram<\/a>, <a href=\"https:\/\/www.facebook.com\/NeuropathyReliefMiami\" target=\"_blank\" rel=\"noreferrer noopener\">Facebook<\/a>, Y <a href=\"https:\/\/www.youtube.com\/channel\/UCYPTI-iMVVuO0uUdIIYD-HQ\" target=\"_blank\" rel=\"noreferrer noopener\">YouTube<\/a> para recibir actualizaciones, historias de \u00e9xito de pacientes y conocimientos expertos sobre el tratamiento de la neuropat\u00eda.<\/p>\n\n\n\n<div class=\"wp-block-buttons is-content-justification-center is-layout-flex wp-container-core-buttons-is-layout-1 wp-block-buttons-is-layout-flex\">\n<div class=\"wp-block-button is-style-primary\"><a class=\"wp-block-button__link has-text-color has-background has-link-color wp-element-button\" href=\"\/es\/mis-citas\/\" style=\"color:#080808;background-color:#ffd20a\">RESERVAR MI CONSULTA GRATUITA<\/a><\/div>\n<\/div>\n<\/div>\n<\/div><\/section>\n","protected":false},"excerpt":{"rendered":"<p>La neuropat\u00eda perif\u00e9rica es una condici\u00f3n que resulta del da\u00f1o o disfunci\u00f3n de los nervios perif\u00e9ricos, aquellos ubicados fuera del cerebro y la m\u00e9dula espinal. Esta condici\u00f3n afecta a m\u00e1s de 20 millones de personas en los EE. UU., siendo m\u00e1s com\u00fan en individuos mayores de 45 a\u00f1os, impactando significativamente su calidad de vida al&hellip;&nbsp;<a href=\"https:\/\/neuropathyreliefmiami.com\/es\/que-es-la-neuropatia-periferica\/\" rel=\"bookmark\">Read More &raquo;<span class=\"screen-reader-text\">Neuropat\u00eda Perif\u00e9rica: Causas, S\u00edntomas y Tratamiento<\/span><\/a><\/p>\n","protected":false},"author":3,"featured_media":0,"parent":0,"menu_order":0,"comment_status":"closed","ping_status":"closed","template":"","meta":{"neve_meta_sidebar":"","neve_meta_container":"","neve_meta_enable_content_width":"","neve_meta_content_width":0,"neve_meta_title_alignment":"","neve_meta_author_avatar":"","neve_post_elements_order":"","neve_meta_disable_header":"","neve_meta_disable_footer":"","neve_meta_disable_title":"on","neve_meta_reading_time":"","_themeisle_gutenberg_block_has_review":false,"footnotes":""},"class_list":["post-2449","page","type-page","status-publish","hentry"],"_links":{"self":[{"href":"https:\/\/neuropathyreliefmiami.com\/es\/wp-json\/wp\/v2\/pages\/2449","targetHints":{"allow":["GET"]}}],"collection":[{"href":"https:\/\/neuropathyreliefmiami.com\/es\/wp-json\/wp\/v2\/pages"}],"about":[{"href":"https:\/\/neuropathyreliefmiami.com\/es\/wp-json\/wp\/v2\/types\/page"}],"author":[{"embeddable":true,"href":"https:\/\/neuropathyreliefmiami.com\/es\/wp-json\/wp\/v2\/users\/3"}],"replies":[{"embeddable":true,"href":"https:\/\/neuropathyreliefmiami.com\/es\/wp-json\/wp\/v2\/comments?post=2449"}],"version-history":[{"count":6,"href":"https:\/\/neuropathyreliefmiami.com\/es\/wp-json\/wp\/v2\/pages\/2449\/revisions"}],"predecessor-version":[{"id":8867,"href":"https:\/\/neuropathyreliefmiami.com\/es\/wp-json\/wp\/v2\/pages\/2449\/revisions\/8867"}],"wp:attachment":[{"href":"https:\/\/neuropathyreliefmiami.com\/es\/wp-json\/wp\/v2\/media?parent=2449"}],"curies":[{"name":"wp","href":"https:\/\/api.w.org\/{rel}","templated":true}]}}