{"id":2446,"date":"2025-01-13T18:55:01","date_gmt":"2025-01-13T18:55:01","guid":{"rendered":"https:\/\/neuropathyreliefmiami.com\/michelle-adams-neuropathy-patient\/"},"modified":"2025-02-20T15:43:52","modified_gmt":"2025-02-20T15:43:52","slug":"michelle-adams-neuropathy-patient","status":"publish","type":"page","link":"https:\/\/neuropathyreliefmiami.com\/es\/michelle-adams-neuropathy-patient\/","title":{"rendered":"Michelle Adams \u2013 Neuropathy Patient"},"content":{"rendered":"\n<div class=\"wp-block-cover alignfull is-light\" style=\"min-height:600px;aspect-ratio:unset;\"><span aria-hidden=\"true\" class=\"wp-block-cover__background has-background-dim-10 has-background-dim\" style=\"background-color:#f7f7f9\"><\/span><img decoding=\"async\" class=\"wp-block-cover__image-background wp-image-875\" alt=\"\" src=\"https:\/\/api.themeisle.com\/templates-data\/2024\/04\/ebf0233ced7259cf0838b7ba6d3aee07uvdcvhuva5r9wy4roijq\/images\/neuropathy-53.jpg\" data-object-fit=\"cover\"\/><div class=\"wp-block-cover__inner-container is-layout-flow wp-block-cover-is-layout-flow\">\n<h2 class=\"wp-block-heading has-text-align-center has-neve-link-color-color has-text-color has-link-color has-large-font-size wp-elements-3fd7555261af6582f2899f3393ab77e3\" style=\"font-style:normal;font-weight:600\"><strong>Testimonios<\/strong><\/h2>\n\n\n\n<h1 class=\"wp-block-heading has-text-align-center has-neve-link-hover-color-color has-text-color\">Michelle Adams \u2013 Paciente de Neuropat\u00eda<\/h1>\n\n\n\n<div class=\"wp-block-columns is-layout-flex wp-container-core-columns-is-layout-1 wp-block-columns-is-layout-flex\">\n<div class=\"wp-block-column is-layout-flow wp-block-column-is-layout-flow\" style=\"flex-basis:25%\"><\/div>\n\n\n\n<div class=\"wp-block-column is-layout-flow wp-block-column-is-layout-flow\" style=\"flex-basis:50%\">\n<figure class=\"wp-block-embed is-type-video is-provider-youtube wp-block-embed-youtube wp-embed-aspect-16-9 wp-has-aspect-ratio\"><div class=\"wp-block-embed__wrapper\">\n<div class=\"nv-iframe-embed\"><div class=\"container-lazyload preview-lazyload container-youtube js-lazyload--not-loaded\"><a href=\"https:\/\/www.youtube.com\/watch?v=dtac_UBfX8Q\" class=\"lazy-load-youtube preview-lazyload preview-youtube\" data-video-title=\"Neuropathy Relief Miami -  Michelle Adams (Testimonial)\" title=\"Play video &quot;Neuropathy Relief Miami -  Michelle Adams (Testimonial)&quot;\" target=\"_blank\" rel=\"noopener\">https:\/\/www.youtube.com\/watch?v=dtac_UBfX8Q<\/a><noscript>Video can&#8217;t be loaded because JavaScript is disabled: <a href=\"https:\/\/www.youtube.com\/watch?v=dtac_UBfX8Q\" title=\"Neuropathy Relief Miami -  Michelle Adams (Testimonial)\" target=\"_blank\" rel=\"noopener\">Neuropathy Relief Miami &#8211;  Michelle Adams (Testimonial) (https:\/\/www.youtube.com\/watch?v=dtac_UBfX8Q)<\/a><\/noscript><\/div><\/div>\n<\/div><\/figure>\n<\/div>\n\n\n\n<div class=\"wp-block-column is-layout-flow wp-block-column-is-layout-flow\" style=\"flex-basis:25%\"><\/div>\n<\/div>\n<\/div><\/div>\n\n\n\n<div style=\"height:31px\" aria-hidden=\"true\" class=\"wp-block-spacer\"><\/div>\n\n\n\n<p>Mi nombre es Michelle Adams. He estado viniendo aqu\u00ed durante 13 semanas. Estaba con mucho dolor y sufr\u00eda de un dolor que afectaba mis nervios espinales, mis discos herniados, y un dolor que bajaba por mi espalda y piernas. Ten\u00eda debilidad muscular, y hab\u00eda muchas cosas que no pod\u00eda hacer. Durante unos cuatro a\u00f1os, estaba pasando por el peor momento. Hace un par de semanas, sent\u00ed como si pudiera simplemente levantarme y caminar como no lo hab\u00eda hecho en a\u00f1os. Estoy tan contenta de haberme inscrito y espero con ansias venir cada semana. El Dr. Alfonso y su equipo son muy serviciales porque me preguntan d\u00f3nde est\u00e1n los problemas y d\u00f3nde me siento mal. Ten\u00eda temblores y he mejorado enormemente en todas las \u00e1reas, en solo las 13 semanas que he estado aqu\u00ed. Me siento c\u00f3moda viniendo aqu\u00ed y espero ayudar a las personas a entender que \u00a1el equipo es tan efectivo!<br><br><\/p>\n\n\n\n<section id=\"wp-block-themeisle-blocks-advanced-columns-cb87630d\" class=\"wp-block-themeisle-blocks-advanced-columns alignfull has-1-columns has-desktop-equal-layout has-tablet-equal-layout has-mobile-equal-layout has-vertical-center has-dark-bg\"><div class=\"wp-block-themeisle-blocks-advanced-columns-overlay\"><\/div><div class=\"innerblocks-wrap\">\n<div id=\"wp-block-themeisle-blocks-advanced-column-a521c34e\" class=\"wp-block-themeisle-blocks-advanced-column\">\n<h2 class=\"wp-block-heading has-text-align-center has-text-color\" style=\"color:#fff200\">Ll\u00e1menos para una consulta gratuita<br><mark style=\"background-color:rgba(0, 0, 0, 0);color:#ffd900\" class=\"has-inline-color\"><br><a title=\"\" href=\"tel:\/\/+13052757475\">(305) 275-7475<\/a><\/mark><\/h2>\n\n\n\n<p class=\"has-text-align-center\">Solicita una consulta gratuita con el Dr. Alfonso para saber c\u00f3mo puedes tratar de forma natural tus s\u00edntomas de Neuropat\u00eda sin procedimientos invasivos, cirug\u00eda ni medicamentos perjudiciales.<\/p>\n\n\n\n<div class=\"wp-block-buttons is-content-justification-center is-layout-flex wp-container-core-buttons-is-layout-1 wp-block-buttons-is-layout-flex\">\n<div class=\"wp-block-button is-style-primary\"><a class=\"wp-block-button__link has-text-color has-background has-link-color wp-element-button\" href=\"https:\/\/neuropathyreliefmiami.com\/appointment\/\" style=\"color:#080808;background-color:#ffd20a\">RESERVAR MI CONSULTA GRATUITA<\/a><\/div>\n<\/div>\n<\/div>\n<\/div><\/section>\n","protected":false},"excerpt":{"rendered":"<p>Mi nombre es Michelle Adams. He estado viniendo aqu\u00ed durante 13 semanas. Estaba con mucho dolor y sufr\u00eda de un dolor que afectaba mis nervios espinales, mis discos herniados, y un dolor que bajaba por mi espalda y piernas. Ten\u00eda debilidad muscular, y hab\u00eda muchas cosas que no pod\u00eda hacer. Durante unos cuatro a\u00f1os, estaba&hellip;&nbsp;<a href=\"https:\/\/neuropathyreliefmiami.com\/es\/michelle-adams-neuropathy-patient\/\" rel=\"bookmark\">Read More &raquo;<span class=\"screen-reader-text\">Michelle Adams \u2013 Neuropathy Patient<\/span><\/a><\/p>\n","protected":false},"author":3,"featured_media":0,"parent":0,"menu_order":0,"comment_status":"closed","ping_status":"closed","template":"","meta":{"neve_meta_sidebar":"","neve_meta_container":"","neve_meta_enable_content_width":"on","neve_meta_content_width":83,"neve_meta_title_alignment":"","neve_meta_author_avatar":"","neve_post_elements_order":"","neve_meta_disable_header":"","neve_meta_disable_footer":"","neve_meta_disable_title":"on","neve_meta_reading_time":"","_themeisle_gutenberg_block_has_review":false,"footnotes":""},"class_list":["post-2446","page","type-page","status-publish","hentry"],"_links":{"self":[{"href":"https:\/\/neuropathyreliefmiami.com\/es\/wp-json\/wp\/v2\/pages\/2446","targetHints":{"allow":["GET"]}}],"collection":[{"href":"https:\/\/neuropathyreliefmiami.com\/es\/wp-json\/wp\/v2\/pages"}],"about":[{"href":"https:\/\/neuropathyreliefmiami.com\/es\/wp-json\/wp\/v2\/types\/page"}],"author":[{"embeddable":true,"href":"https:\/\/neuropathyreliefmiami.com\/es\/wp-json\/wp\/v2\/users\/3"}],"replies":[{"embeddable":true,"href":"https:\/\/neuropathyreliefmiami.com\/es\/wp-json\/wp\/v2\/comments?post=2446"}],"version-history":[{"count":2,"href":"https:\/\/neuropathyreliefmiami.com\/es\/wp-json\/wp\/v2\/pages\/2446\/revisions"}],"predecessor-version":[{"id":2448,"href":"https:\/\/neuropathyreliefmiami.com\/es\/wp-json\/wp\/v2\/pages\/2446\/revisions\/2448"}],"wp:attachment":[{"href":"https:\/\/neuropathyreliefmiami.com\/es\/wp-json\/wp\/v2\/media?parent=2446"}],"curies":[{"name":"wp","href":"https:\/\/api.w.org\/{rel}","templated":true}]}}