{"id":2435,"date":"2025-01-13T18:54:10","date_gmt":"2025-01-13T18:54:10","guid":{"rendered":"https:\/\/neuropathyreliefmiami.com\/martha-espinosa\/"},"modified":"2025-02-20T15:43:52","modified_gmt":"2025-02-20T15:43:52","slug":"martha-espinosa","status":"publish","type":"page","link":"https:\/\/neuropathyreliefmiami.com\/es\/martha-espinosa\/","title":{"rendered":"Martha Espinosa"},"content":{"rendered":"\n<div class=\"wp-block-cover alignfull is-light\" style=\"min-height:600px;aspect-ratio:unset;\"><span aria-hidden=\"true\" class=\"wp-block-cover__background has-background-dim-10 has-background-dim\" style=\"background-color:#f7f7f9\"><\/span><img decoding=\"async\" class=\"wp-block-cover__image-background wp-image-875\" alt=\"\" src=\"https:\/\/mycustomerdemo.com\/NRM2024\/wp-content\/uploads\/2024\/04\/neuropathy-53.jpg\" data-object-fit=\"cover\"\/><div class=\"wp-block-cover__inner-container is-layout-flow wp-block-cover-is-layout-flow\">\n<h2 class=\"wp-block-heading has-text-align-center has-neve-link-color-color has-text-color has-link-color has-large-font-size wp-elements-88a9a057abf81a21c2b6574b030b7ade\" style=\"font-style:normal;font-weight:600\"><strong>Testimonials<\/strong><\/h2>\n\n\n\n<h1 class=\"wp-block-heading has-text-align-center has-neve-link-hover-color-color has-text-color\"><strong>Martha Espinosa \u2013 Neuropathy<\/strong> <strong>Patient<\/strong><\/h1>\n\n\n\n<div class=\"wp-block-columns is-layout-flex wp-container-core-columns-is-layout-1 wp-block-columns-is-layout-flex\">\n<div class=\"wp-block-column is-layout-flow wp-block-column-is-layout-flow\" style=\"flex-basis:25%\"><\/div>\n\n\n\n<div class=\"wp-block-column is-layout-flow wp-block-column-is-layout-flow\" style=\"flex-basis:50%\">\n<figure class=\"wp-block-embed is-type-video is-provider-youtube wp-block-embed-youtube wp-embed-aspect-16-9 wp-has-aspect-ratio\"><div class=\"wp-block-embed__wrapper\">\n<div class=\"nv-iframe-embed\"><div class=\"container-lazyload preview-lazyload container-youtube js-lazyload--not-loaded\"><a href=\"https:\/\/www.youtube.com\/watch?v=aKM5exJbMj8\" class=\"lazy-load-youtube preview-lazyload preview-youtube\" data-video-title=\"My Journey to Relief and Well-being: Regaining Quality of Life I Once Lost - NRM\" title=\"Play video &quot;My Journey to Relief and Well-being: Regaining Quality of Life I Once Lost - NRM&quot;\" target=\"_blank\" rel=\"noopener\">https:\/\/www.youtube.com\/watch?v=aKM5exJbMj8<\/a><noscript>Video can&#8217;t be loaded because JavaScript is disabled: <a href=\"https:\/\/www.youtube.com\/watch?v=aKM5exJbMj8\" title=\"My Journey to Relief and Well-being: Regaining Quality of Life I Once Lost - NRM\" target=\"_blank\" rel=\"noopener\">My Journey to Relief and Well-being: Regaining Quality of Life I Once Lost &#8211; NRM (https:\/\/www.youtube.com\/watch?v=aKM5exJbMj8)<\/a><\/noscript><\/div><\/div>\n<\/div><\/figure>\n<\/div>\n\n\n\n<div class=\"wp-block-column is-layout-flow wp-block-column-is-layout-flow\" style=\"flex-basis:25%\"><\/div>\n<\/div>\n<\/div><\/div>\n\n\n\n<div style=\"height:31px\" aria-hidden=\"true\" class=\"wp-block-spacer\"><\/div>\n\n\n\n<p><\/p>\n\n\n\n<p>El Dr. Afonzo, del Centro de Alivio de Neuropat\u00eda en Miami, presenta a su paciente, Martha, quien hab\u00eda estado sufriendo de s\u00edntomas de neuropat\u00eda perif\u00e9rica durante tres a\u00f1os. A pesar de haber visitado varios m\u00e9dicos, incluidos neur\u00f3logos, ortopedistas y m\u00e9dicos vasculares, a Martha solo se le recomend\u00f3 tomar Tylenol y le dijeron que su dolor se deb\u00eda al envejecimiento. Sus s\u00edntomas se volvieron tan graves que tuvo que usar un andador para moverse. Sin embargo, despu\u00e9s de solo una sesi\u00f3n con el Dr. Afonzo y su equipo, Martha sinti\u00f3 una mejora significativa y pudo realizar actividades que no pod\u00eda hacer antes, como limpiar su casa y llevar a sus nietos al zool\u00f3gico. Ella recomienda encarecidamente los servicios del Dr. Afonzo a quienes est\u00e1n cansados de los medicamentos y quieren sentirse m\u00e1s j\u00f3venes y activos.<br><br><\/p>\n\n\n\n<div style=\"height:31px\" aria-hidden=\"true\" class=\"wp-block-spacer\"><\/div>\n\n\n\n<section id=\"wp-block-themeisle-blocks-advanced-columns-cb87630d\" class=\"wp-block-themeisle-blocks-advanced-columns alignfull has-1-columns has-desktop-equal-layout has-tablet-equal-layout has-mobile-equal-layout has-vertical-center has-dark-bg\"><div class=\"wp-block-themeisle-blocks-advanced-columns-overlay\"><\/div><div class=\"innerblocks-wrap\">\n<div id=\"wp-block-themeisle-blocks-advanced-column-a521c34e\" class=\"wp-block-themeisle-blocks-advanced-column\">\n<h2 class=\"wp-block-heading has-text-align-center has-text-color\" style=\"color:#fff200\">Ll\u00e1menos para una consulta gratuita<br><mark style=\"background-color:rgba(0, 0, 0, 0);color:#ffd900\" class=\"has-inline-color\"><br><a title=\"\" href=\"tel:\/\/+13052757475\">(305) 275-7475<\/a><\/mark><\/h2>\n\n\n\n<p class=\"has-text-align-center\">Solicita una consulta gratuita con el Dr. Alfonso para saber c\u00f3mo puedes tratar de forma natural tus s\u00edntomas de Neuropat\u00eda sin procedimientos invasivos, cirug\u00eda ni medicamentos perjudiciales.<\/p>\n\n\n\n<div class=\"wp-block-buttons is-content-justification-center is-layout-flex wp-container-core-buttons-is-layout-1 wp-block-buttons-is-layout-flex\">\n<div class=\"wp-block-button is-style-primary\"><a class=\"wp-block-button__link has-text-color has-background has-link-color wp-element-button\" href=\"https:\/\/neuropathyreliefmiami.com\/appointment\/\" style=\"color:#080808;background-color:#ffd20a\">RESERVAR MI CONSULTA GRATUITA<\/a><\/div>\n<\/div>\n<\/div>\n<\/div><\/section>\n","protected":false},"excerpt":{"rendered":"<p>El Dr. Afonzo, del Centro de Alivio de Neuropat\u00eda en Miami, presenta a su paciente, Martha, quien hab\u00eda estado sufriendo de s\u00edntomas de neuropat\u00eda perif\u00e9rica durante tres a\u00f1os. A pesar de haber visitado varios m\u00e9dicos, incluidos neur\u00f3logos, ortopedistas y m\u00e9dicos vasculares, a Martha solo se le recomend\u00f3 tomar Tylenol y le dijeron que su dolor&hellip;&nbsp;<a href=\"https:\/\/neuropathyreliefmiami.com\/es\/martha-espinosa\/\" rel=\"bookmark\">Read More &raquo;<span class=\"screen-reader-text\">Martha Espinosa<\/span><\/a><\/p>\n","protected":false},"author":3,"featured_media":0,"parent":0,"menu_order":0,"comment_status":"closed","ping_status":"closed","template":"","meta":{"neve_meta_sidebar":"","neve_meta_container":"","neve_meta_enable_content_width":"on","neve_meta_content_width":83,"neve_meta_title_alignment":"","neve_meta_author_avatar":"","neve_post_elements_order":"","neve_meta_disable_header":"","neve_meta_disable_footer":"","neve_meta_disable_title":"on","neve_meta_reading_time":"","_themeisle_gutenberg_block_has_review":false,"footnotes":""},"class_list":["post-2435","page","type-page","status-publish","hentry"],"_links":{"self":[{"href":"https:\/\/neuropathyreliefmiami.com\/es\/wp-json\/wp\/v2\/pages\/2435","targetHints":{"allow":["GET"]}}],"collection":[{"href":"https:\/\/neuropathyreliefmiami.com\/es\/wp-json\/wp\/v2\/pages"}],"about":[{"href":"https:\/\/neuropathyreliefmiami.com\/es\/wp-json\/wp\/v2\/types\/page"}],"author":[{"embeddable":true,"href":"https:\/\/neuropathyreliefmiami.com\/es\/wp-json\/wp\/v2\/users\/3"}],"replies":[{"embeddable":true,"href":"https:\/\/neuropathyreliefmiami.com\/es\/wp-json\/wp\/v2\/comments?post=2435"}],"version-history":[{"count":5,"href":"https:\/\/neuropathyreliefmiami.com\/es\/wp-json\/wp\/v2\/pages\/2435\/revisions"}],"predecessor-version":[{"id":2444,"href":"https:\/\/neuropathyreliefmiami.com\/es\/wp-json\/wp\/v2\/pages\/2435\/revisions\/2444"}],"wp:attachment":[{"href":"https:\/\/neuropathyreliefmiami.com\/es\/wp-json\/wp\/v2\/media?parent=2435"}],"curies":[{"name":"wp","href":"https:\/\/api.w.org\/{rel}","templated":true}]}}