{"id":2428,"date":"2025-01-13T18:46:36","date_gmt":"2025-01-13T18:46:36","guid":{"rendered":"https:\/\/neuropathyreliefmiami.com\/david-arbetter\/"},"modified":"2025-02-21T13:54:47","modified_gmt":"2025-02-21T13:54:47","slug":"david-arbetter","status":"publish","type":"page","link":"https:\/\/neuropathyreliefmiami.com\/es\/david-arbetter\/","title":{"rendered":"David Arbetter"},"content":{"rendered":"\n<div class=\"wp-block-cover alignfull is-light\" style=\"min-height:600px;aspect-ratio:unset;\"><span aria-hidden=\"true\" class=\"wp-block-cover__background has-background-dim-10 has-background-dim\" style=\"background-color:#f7f7f9\"><\/span><img decoding=\"async\" class=\"wp-block-cover__image-background wp-image-875\" alt=\"\" src=\"https:\/\/api.themeisle.com\/templates-data\/2024\/04\/ebf0233ced7259cf0838b7ba6d3aee07uvdcvhuva5r9wy4roijq\/images\/neuropathy-53.jpg\" data-object-fit=\"cover\"\/><div class=\"wp-block-cover__inner-container is-layout-flow wp-block-cover-is-layout-flow\">\n<h2 class=\"wp-block-heading has-text-align-center has-neve-link-color-color has-text-color has-link-color has-large-font-size wp-elements-3fd7555261af6582f2899f3393ab77e3\" style=\"font-style:normal;font-weight:600\"><strong>Testimonios<\/strong><\/h2>\n\n\n\n<h1 class=\"wp-block-heading has-text-align-center has-neve-link-hover-color-color has-text-color\"><strong><strong>D<\/strong>avid \u2013 Paciente de Neuropat\u00eda<\/strong><\/h1>\n\n\n\n<div class=\"wp-block-columns is-layout-flex wp-container-core-columns-is-layout-1 wp-block-columns-is-layout-flex\">\n<div class=\"wp-block-column is-layout-flow wp-block-column-is-layout-flow\" style=\"flex-basis:25%\"><\/div>\n\n\n\n<div class=\"wp-block-column is-layout-flow wp-block-column-is-layout-flow\" style=\"flex-basis:50%\">\n<figure class=\"wp-block-embed is-type-video is-provider-youtube wp-block-embed-youtube wp-embed-aspect-16-9 wp-has-aspect-ratio\"><div class=\"wp-block-embed__wrapper\">\n<div class=\"nv-iframe-embed\"><div class=\"container-lazyload preview-lazyload container-youtube js-lazyload--not-loaded\"><a href=\"https:\/\/www.youtube.com\/watch?v=kLsiLiXji2w\" class=\"lazy-load-youtube preview-lazyload preview-youtube\" data-video-title=\"Neuropathy Relief Center of Miami - David Arbetter (Patient)\" title=\"Play video &quot;Neuropathy Relief Center of Miami - David Arbetter (Patient)&quot;\" target=\"_blank\" rel=\"noopener\">https:\/\/www.youtube.com\/watch?v=kLsiLiXji2w<\/a><noscript>Video can&#8217;t be loaded because JavaScript is disabled: <a href=\"https:\/\/www.youtube.com\/watch?v=kLsiLiXji2w\" title=\"Neuropathy Relief Center of Miami - David Arbetter (Patient)\" target=\"_blank\" rel=\"noopener\">Neuropathy Relief Center of Miami &#8211; David Arbetter (Patient) (https:\/\/www.youtube.com\/watch?v=kLsiLiXji2w)<\/a><\/noscript><\/div><\/div>\n<\/div><\/figure>\n<\/div>\n\n\n\n<div class=\"wp-block-column is-layout-flow wp-block-column-is-layout-flow\" style=\"flex-basis:25%\"><\/div>\n<\/div>\n<\/div><\/div>\n\n\n\n<div style=\"height:31px\" aria-hidden=\"true\" class=\"wp-block-spacer\"><\/div>\n\n\n\n<p>Estaba en mal estado cuando llegu\u00e9 y ten\u00eda hormigueo en los pies. Las plantas de mis pies estaban completamente adormecidas y con mi experiencia de neuropat\u00eda, sientes dolores agudos, casi como si alguien te estuviera apu\u00f1alando en el pie. El adormecimiento, como dije, te da la sensaci\u00f3n de ardor en la parte inferior e incluso en la parte superior tambi\u00e9n. Es un desastre, un problema real. Llegu\u00e9 al punto en que no pod\u00eda dormir m\u00e1s de una hora por la noche. Por la noche, ten\u00eda que moverme de la cama al sof\u00e1 porque pod\u00eda poner mis pies en un \u00e1ngulo determinado y dormir una o dos horas aqu\u00ed y all\u00e1. Fue horrible. No era una broma. El dolor sub\u00eda por mis piernas hasta que mis pantorrillas estaban adormecidas. Es una sensaci\u00f3n incre\u00edblemente extra\u00f1a y es una de las peores cosas que he experimentado en mi vida. Mis niveles de energ\u00eda eran catastr\u00f3ficos. Soy una persona de mucha energ\u00eda y ahora puedes notar mientras hablo que he recuperado mi energ\u00eda. Estaba realmente deprimido y estaba en una mala situaci\u00f3n. Llegu\u00e9 aqu\u00ed esperando y rezando para que esto funcionara, y la verdad es que ha funcionado para m\u00ed.<\/p>\n\n\n\n<p>Mis niveles de energ\u00eda son como si volviera a ser el viejo Dave. Puedo trabajar, puedo funcionar nuevamente y, lo m\u00e1s importante, puedo dormir toda la noche sin tener que moverme de la cama al sof\u00e1. Si tienes alg\u00fan tipo de neuropat\u00eda, incluso si es leve, no lo ignores. Tienes que venir aqu\u00ed y empezar a cuidarlo de la manera correcta. Las pastillas que te dan otros m\u00e9dicos no son necesariamente la manera correcta. No te ayudan, solo enmascaran los problemas. Tienes equipos de alta tecnolog\u00eda que la mayor\u00eda de los m\u00e9dicos ni siquiera entienden. El proceso que tienes es incre\u00edble y lo agradezco. Tambi\u00e9n me gustar\u00eda mencionar que el personal que tienes apoy\u00e1ndote es incre\u00edble y realmente se siente como una familia estar aqu\u00ed.<\/p>\n\n\n\n<p><\/p>\n\n\n\n<section id=\"wp-block-themeisle-blocks-advanced-columns-cb87630d\" class=\"wp-block-themeisle-blocks-advanced-columns alignfull has-1-columns has-desktop-equal-layout has-tablet-equal-layout has-mobile-equal-layout has-vertical-center has-dark-bg\"><div class=\"wp-block-themeisle-blocks-advanced-columns-overlay\"><\/div><div class=\"innerblocks-wrap\">\n<div id=\"wp-block-themeisle-blocks-advanced-column-a521c34e\" class=\"wp-block-themeisle-blocks-advanced-column\">\n<h2 class=\"wp-block-heading has-text-align-center has-text-color\" style=\"color:#fff200\">Ll\u00e1menos para una consulta gratuita<br><mark style=\"background-color:rgba(0, 0, 0, 0);color:#ffd900\" class=\"has-inline-color\"><br><a title=\"\" href=\"tel:\/\/+13052757475\">(305) 275-7475<\/a><\/mark><\/h2>\n\n\n\n<p class=\"has-text-align-center\">Solicita una consulta gratuita con el Dr. Alfonso para saber c\u00f3mo puedes tratar de forma natural tus s\u00edntomas de Neuropat\u00eda sin procedimientos invasivos, cirug\u00eda ni medicamentos perjudiciales.<\/p>\n\n\n\n<div class=\"wp-block-buttons is-content-justification-center is-layout-flex wp-container-core-buttons-is-layout-1 wp-block-buttons-is-layout-flex\">\n<div class=\"wp-block-button is-style-primary\"><a class=\"wp-block-button__link has-text-color has-background has-link-color wp-element-button\" href=\"https:\/\/neuropathyreliefmiami.com\/appointment\/\" style=\"color:#080808;background-color:#ffd20a\">RESERVAR MI CONSULTA GRATUITA<\/a><\/div>\n<\/div>\n<\/div>\n<\/div><\/section>\n","protected":false},"excerpt":{"rendered":"<p>Estaba en mal estado cuando llegu\u00e9 y ten\u00eda hormigueo en los pies. Las plantas de mis pies estaban completamente adormecidas y con mi experiencia de neuropat\u00eda, sientes dolores agudos, casi como si alguien te estuviera apu\u00f1alando en el pie. El adormecimiento, como dije, te da la sensaci\u00f3n de ardor en la parte inferior e incluso&hellip;&nbsp;<a href=\"https:\/\/neuropathyreliefmiami.com\/es\/david-arbetter\/\" rel=\"bookmark\">Read More &raquo;<span class=\"screen-reader-text\">David Arbetter<\/span><\/a><\/p>\n","protected":false},"author":3,"featured_media":0,"parent":0,"menu_order":0,"comment_status":"closed","ping_status":"closed","template":"","meta":{"neve_meta_sidebar":"","neve_meta_container":"","neve_meta_enable_content_width":"on","neve_meta_content_width":83,"neve_meta_title_alignment":"","neve_meta_author_avatar":"","neve_post_elements_order":"","neve_meta_disable_header":"","neve_meta_disable_footer":"","neve_meta_disable_title":"on","neve_meta_reading_time":"","_themeisle_gutenberg_block_has_review":false,"footnotes":""},"class_list":["post-2428","page","type-page","status-publish","hentry"],"_links":{"self":[{"href":"https:\/\/neuropathyreliefmiami.com\/es\/wp-json\/wp\/v2\/pages\/2428","targetHints":{"allow":["GET"]}}],"collection":[{"href":"https:\/\/neuropathyreliefmiami.com\/es\/wp-json\/wp\/v2\/pages"}],"about":[{"href":"https:\/\/neuropathyreliefmiami.com\/es\/wp-json\/wp\/v2\/types\/page"}],"author":[{"embeddable":true,"href":"https:\/\/neuropathyreliefmiami.com\/es\/wp-json\/wp\/v2\/users\/3"}],"replies":[{"embeddable":true,"href":"https:\/\/neuropathyreliefmiami.com\/es\/wp-json\/wp\/v2\/comments?post=2428"}],"version-history":[{"count":2,"href":"https:\/\/neuropathyreliefmiami.com\/es\/wp-json\/wp\/v2\/pages\/2428\/revisions"}],"predecessor-version":[{"id":2431,"href":"https:\/\/neuropathyreliefmiami.com\/es\/wp-json\/wp\/v2\/pages\/2428\/revisions\/2431"}],"wp:attachment":[{"href":"https:\/\/neuropathyreliefmiami.com\/es\/wp-json\/wp\/v2\/media?parent=2428"}],"curies":[{"name":"wp","href":"https:\/\/api.w.org\/{rel}","templated":true}]}}