{"id":2421,"date":"2025-01-09T15:10:37","date_gmt":"2025-01-09T15:10:37","guid":{"rendered":"https:\/\/neuropathyreliefmiami.com\/staff\/"},"modified":"2025-03-10T15:14:10","modified_gmt":"2025-03-10T15:14:10","slug":"personal","status":"publish","type":"page","link":"https:\/\/neuropathyreliefmiami.com\/es\/personal\/","title":{"rendered":"Personal"},"content":{"rendered":"\n<div id=\"wp-block-themeisle-blocks-advanced-columns-678cc482\" class=\"wp-block-themeisle-blocks-advanced-columns alignfull has-1-columns has-desktop-equal-layout has-tablet-equal-layout has-mobile-collapsedRows-layout has-reverse-columns-mobile has-vertical-bottom ticss-c00aadba has-dark-bg\"><div class=\"wp-block-themeisle-blocks-advanced-columns-overlay\"><\/div><div class=\"innerblocks-wrap\">\n<div id=\"wp-block-themeisle-blocks-advanced-column-4d412c51\" class=\"wp-block-themeisle-blocks-advanced-column\">\n<h1 id=\"wp-block-themeisle-blocks-advanced-heading-fb3c7a39\" class=\"wp-block-themeisle-blocks-advanced-heading wp-block-themeisle-blocks-advanced-heading-fb3c7a39\"><mark style=\"background-color:rgba(0, 0, 0, 0)\" class=\"has-inline-color has-nv-site-bg-color\">Personal<\/mark><\/h1>\n<\/div>\n<\/div><\/div>\n\n\n\n<h2 class=\"wp-block-heading\"><mark style=\"background-color:rgba(0, 0, 0, 0)\" class=\"has-inline-color has-nv-site-bg-color\">Personal<\/mark><\/h2>\n\n\n\n<h2 class=\"wp-block-heading has-text-align-left\"><mark style=\"background-color:rgba(0, 0, 0, 0)\" class=\"has-inline-color has-neve-link-color-color\">Cuidado compasivo y experiencia profesional<\/mark><\/h2>\n\n\n\n<p>En <strong>Neuropathy Relief Miami<\/strong>, nuestros miembros del equipo est\u00e1n comprometidos a ofrecerte atenci\u00f3n de primera clase y tratamientos innovadores que te ayuden a obtener los mejores resultados posibles. Nuestro equipo multidisciplinario de especialistas pone a disposici\u00f3n su vasta experiencia y conocimiento para tratar la neuropat\u00eda de manera efectiva y compasiva.<br><\/p>\n\n\n\n<div class=\"wp-block-columns is-layout-flex wp-container-core-columns-is-layout-1 wp-block-columns-is-layout-flex\">\n<div class=\"wp-block-column is-layout-flow wp-block-column-is-layout-flow\"><div class=\"wp-block-image\">\n<figure class=\"aligncenter size-full\"><img decoding=\"async\" src=\"https:\/\/mycustomerdemo.com\/NRM2024\/wp-content\/uploads\/2024\/06\/our-team-2.webp\" alt=\"\" class=\"wp-image-1389\"\/><\/figure><\/div>\n\n\n<p class=\"has-text-align-center\">Dr. Rodolfo Alfonso, D.C.<\/p>\n<\/div>\n\n\n\n<div class=\"wp-block-column is-layout-flow wp-block-column-is-layout-flow\"><div class=\"wp-block-image\">\n<figure class=\"aligncenter size-full\"><img decoding=\"async\" src=\"https:\/\/mycustomerdemo.com\/NRM2024\/wp-content\/uploads\/2024\/06\/our-team-3.webp\" alt=\"\" class=\"wp-image-1390\"\/><\/figure><\/div>\n\n\n<p class=\"has-text-align-center\">Dr. Mark Berry, D.C<\/p>\n<\/div>\n\n\n\n<div class=\"wp-block-column is-layout-flow wp-block-column-is-layout-flow\"><div class=\"wp-block-image\">\n<figure class=\"aligncenter size-full\"><img decoding=\"async\" src=\"https:\/\/mycustomerdemo.com\/NRM2024\/wp-content\/uploads\/2024\/06\/our-team-4.webp\" alt=\"\" class=\"wp-image-1391\"\/><\/figure><\/div>\n\n\n<p class=\"has-text-align-center\">Jennifer Almedia<br>(Gerente de Oficina)<\/p>\n<\/div>\n<\/div>\n\n\n\n<div class=\"wp-block-columns is-layout-flex wp-container-core-columns-is-layout-2 wp-block-columns-is-layout-flex\">\n<div class=\"wp-block-column is-layout-flow wp-block-column-is-layout-flow\"><div class=\"wp-block-image\">\n<figure class=\"aligncenter size-full\"><img decoding=\"async\" src=\"https:\/\/mycustomerdemo.com\/NRM2024\/wp-content\/uploads\/2024\/06\/our-team-5.webp\" alt=\"\" class=\"wp-image-1396\"\/><\/figure><\/div>\n\n\n<p class=\"has-text-align-center\">Monica Saggio<br>Gerente de Recepci\u00f3n<br>Especialista en Nuevos Pacientes<\/p>\n<\/div>\n\n\n\n<div class=\"wp-block-column is-layout-flow wp-block-column-is-layout-flow\"><div class=\"wp-block-image\">\n<figure class=\"aligncenter size-full\"><img decoding=\"async\" src=\"https:\/\/mycustomerdemo.com\/NRM2024\/wp-content\/uploads\/2024\/06\/our-team-6.webp\" alt=\"Personal\" class=\"wp-image-1399\"\/><\/figure><\/div>\n\n\n<p class=\"has-text-align-center\">Manuel Sendin<br>(Terapeuta de Masajes)<\/p>\n<\/div>\n\n\n\n<div class=\"wp-block-column is-layout-flow wp-block-column-is-layout-flow\"><div class=\"wp-block-image\">\n<figure class=\"aligncenter size-full\"><img decoding=\"async\" src=\"https:\/\/mycustomerdemo.com\/NRM2024\/wp-content\/uploads\/2024\/06\/our-team-7.webp\" alt=\"\" class=\"wp-image-1401\"\/><\/figure><\/div>\n\n\n<p class=\"has-text-align-center\">Saoris Toirac<br>(Terapeuta de Masajes)<\/p>\n<\/div>\n<\/div>\n\n\n\n<div class=\"wp-block-columns is-layout-flex wp-container-core-columns-is-layout-3 wp-block-columns-is-layout-flex\">\n<div class=\"wp-block-column is-layout-flow wp-block-column-is-layout-flow\"><div class=\"wp-block-image\">\n<figure class=\"aligncenter size-full\"><img decoding=\"async\" src=\"https:\/\/mycustomerdemo.com\/NRM2024\/wp-content\/uploads\/2024\/06\/our-team-8.webp\" alt=\"\" class=\"wp-image-1404\"\/><\/figure><\/div>\n\n\n<p class=\"has-text-align-center\">Anay Gonzalez<br>(Terapeuta de Masajes)<\/p>\n<\/div>\n\n\n\n<div class=\"wp-block-column is-layout-flow wp-block-column-is-layout-flow\"><\/div>\n\n\n\n<div class=\"wp-block-column is-layout-flow wp-block-column-is-layout-flow\"><\/div>\n<\/div>\n\n\n\n<section id=\"wp-block-themeisle-blocks-advanced-columns-cb87630d\" class=\"wp-block-themeisle-blocks-advanced-columns alignfull has-1-columns has-desktop-equal-layout has-tablet-equal-layout has-mobile-equal-layout has-vertical-center has-dark-bg\"><div class=\"wp-block-themeisle-blocks-advanced-columns-overlay\"><\/div><div class=\"innerblocks-wrap\">\n<div id=\"wp-block-themeisle-blocks-advanced-column-a521c34e\" class=\"wp-block-themeisle-blocks-advanced-column\">\n<h2 class=\"wp-block-heading has-text-align-center has-text-color\" style=\"color:#fff200\">Ll\u00e1menos para una consulta gratuita<br><mark style=\"background-color:rgba(0, 0, 0, 0);color:#ffd900\" class=\"has-inline-color\"><br><a title=\"\" href=\"tel:\/\/+13052757475\">(305) 275-7475<\/a><\/mark><\/h2>\n\n\n\n<p class=\"has-text-align-center\">Solicita una consulta gratuita con el <strong><a href=\"\/es\/dr-rodolfo-alfonso\/\">Dr. Alfonso<\/a><\/strong> para saber c\u00f3mo puedes tratar de forma natural tus s\u00edntomas de Neuropat\u00eda sin procedimientos invasivos, cirug\u00eda ni medicamentos perjudiciales.<\/p>\n\n\n\n<p>S\u00edguenos en I<a href=\"https:\/\/www.instagram.com\/neuropathyreliefmiami\/\" target=\"_blank\" rel=\"noreferrer noopener\">nstagram<\/a>, <a href=\"https:\/\/www.facebook.com\/NeuropathyReliefMiami\" target=\"_blank\" rel=\"noreferrer noopener\">Facebook<\/a>, Y <a href=\"https:\/\/www.youtube.com\/channel\/UCYPTI-iMVVuO0uUdIIYD-HQ\" target=\"_blank\" rel=\"noreferrer noopener\">YouTube<\/a> para recibir actualizaciones, historias de \u00e9xito de pacientes y conocimientos expertos sobre el tratamiento de la neuropat\u00eda.<\/p>\n\n\n\n<div class=\"wp-block-buttons is-content-justification-center is-layout-flex wp-container-core-buttons-is-layout-1 wp-block-buttons-is-layout-flex\">\n<div class=\"wp-block-button is-style-primary\"><a class=\"wp-block-button__link has-text-color has-background has-link-color wp-element-button\" href=\"\/es\/mis-citas\/\" style=\"color:#080808;background-color:#ffd20a\">RESERVAR MI CONSULTA GRATUITA<\/a><\/div>\n<\/div>\n<\/div>\n<\/div><\/section>\n","protected":false},"excerpt":{"rendered":"<p>Personal Cuidado compasivo y experiencia profesional En Neuropathy Relief Miami, nuestros miembros del equipo est\u00e1n comprometidos a ofrecerte atenci\u00f3n de primera clase y tratamientos innovadores que te ayuden a obtener los mejores resultados posibles. Nuestro equipo multidisciplinario de especialistas pone a disposici\u00f3n su vasta experiencia y conocimiento para tratar la neuropat\u00eda de manera efectiva y&hellip;&nbsp;<a href=\"https:\/\/neuropathyreliefmiami.com\/es\/personal\/\" rel=\"bookmark\">Read More &raquo;<span class=\"screen-reader-text\">Personal<\/span><\/a><\/p>\n","protected":false},"author":3,"featured_media":0,"parent":0,"menu_order":0,"comment_status":"closed","ping_status":"closed","template":"","meta":{"neve_meta_sidebar":"","neve_meta_container":"","neve_meta_enable_content_width":"","neve_meta_content_width":0,"neve_meta_title_alignment":"","neve_meta_author_avatar":"","neve_post_elements_order":"","neve_meta_disable_header":"","neve_meta_disable_footer":"","neve_meta_disable_title":"on","neve_meta_reading_time":"","_themeisle_gutenberg_block_has_review":false,"footnotes":""},"class_list":["post-2421","page","type-page","status-publish","hentry"],"_links":{"self":[{"href":"https:\/\/neuropathyreliefmiami.com\/es\/wp-json\/wp\/v2\/pages\/2421","targetHints":{"allow":["GET"]}}],"collection":[{"href":"https:\/\/neuropathyreliefmiami.com\/es\/wp-json\/wp\/v2\/pages"}],"about":[{"href":"https:\/\/neuropathyreliefmiami.com\/es\/wp-json\/wp\/v2\/types\/page"}],"author":[{"embeddable":true,"href":"https:\/\/neuropathyreliefmiami.com\/es\/wp-json\/wp\/v2\/users\/3"}],"replies":[{"embeddable":true,"href":"https:\/\/neuropathyreliefmiami.com\/es\/wp-json\/wp\/v2\/comments?post=2421"}],"version-history":[{"count":5,"href":"https:\/\/neuropathyreliefmiami.com\/es\/wp-json\/wp\/v2\/pages\/2421\/revisions"}],"predecessor-version":[{"id":8888,"href":"https:\/\/neuropathyreliefmiami.com\/es\/wp-json\/wp\/v2\/pages\/2421\/revisions\/8888"}],"wp:attachment":[{"href":"https:\/\/neuropathyreliefmiami.com\/es\/wp-json\/wp\/v2\/media?parent=2421"}],"curies":[{"name":"wp","href":"https:\/\/api.w.org\/{rel}","templated":true}]}}