{"id":2416,"date":"2024-12-26T12:37:52","date_gmt":"2024-12-26T12:37:52","guid":{"rendered":"https:\/\/neuropathyreliefmiami.com\/dr-alfonso-neuropathy-treatment-protocol-health-light-therapy-for-peripheral-neuropathy\/"},"modified":"2025-03-10T14:00:53","modified_gmt":"2025-03-10T14:00:53","slug":"terapia-health-light","status":"publish","type":"page","link":"https:\/\/neuropathyreliefmiami.com\/es\/terapia-health-light\/","title":{"rendered":"Protocolo de Tratamiento para la Neuropat\u00eda del Dr. Alfonso: Terapia Health Light para la Neuropat\u00eda Perif\u00e9rica."},"content":{"rendered":"\n<p><\/p>\n\n\n\n<section id=\"wp-block-themeisle-blocks-advanced-columns-03d78f51\" class=\"wp-block-themeisle-blocks-advanced-columns alignfull has-1-columns has-desktop-equal-layout has-tablet-equal-layout has-mobile-equal-layout has-vertical-flex-start has-dark-bg\"><div class=\"wp-block-themeisle-blocks-advanced-columns-overlay\"><\/div><div class=\"innerblocks-wrap\">\n<div id=\"wp-block-themeisle-blocks-advanced-column-f5ef6035\" class=\"wp-block-themeisle-blocks-advanced-column\">\n<section id=\"wp-block-themeisle-blocks-advanced-columns-5822b2d4\" class=\"wp-block-themeisle-blocks-advanced-columns has-2-columns has-desktop-equal-layout has-tablet-equal-layout has-mobile-collapsedRows-layout has-vertical-flex-start\"><div class=\"wp-block-themeisle-blocks-advanced-columns-overlay\"><\/div><div class=\"innerblocks-wrap\">\n<div id=\"wp-block-themeisle-blocks-advanced-column-0cf7416b\" class=\"wp-block-themeisle-blocks-advanced-column\">\n<p><\/p>\n\n\n\n<h1 id=\"wp-block-themeisle-blocks-advanced-heading-72351d75\" class=\"wp-block-themeisle-blocks-advanced-heading wp-block-themeisle-blocks-advanced-heading-72351d75\">Protocolo de Tratamiento para la Neuropat\u00eda del Dr. Alfonso: Terapia Health Light para la Neuropat\u00eda Perif\u00e9rica.<\/h1>\n\n\n\n<p class=\"has-text-color\" style=\"color:#ffffff\"><\/p>\n<\/div>\n\n\n\n<div id=\"wp-block-themeisle-blocks-advanced-column-5e5524c8\" class=\"wp-block-themeisle-blocks-advanced-column\">\n<figure class=\"wp-block-embed is-type-video is-provider-youtube wp-block-embed-youtube wp-embed-aspect-16-9 wp-has-aspect-ratio\"><div class=\"wp-block-embed__wrapper\">\n<div class=\"nv-iframe-embed\"><div class=\"container-lazyload preview-lazyload container-youtube js-lazyload--not-loaded\"><a href=\"https:\/\/www.youtube.com\/watch?v=ffViRaQsvMw\" class=\"lazy-load-youtube preview-lazyload preview-youtube\" data-video-title=\"Dr. Alfonso\u2019s Neuropathy Treatment Protocol 2023, Neuropathy Pain Relief!\" title=\"Play video &quot;Dr. Alfonso\u2019s Neuropathy Treatment Protocol 2023, Neuropathy Pain Relief!&quot;\" target=\"_blank\" rel=\"noopener\">https:\/\/www.youtube.com\/watch?v=ffViRaQsvMw<\/a><noscript>Video can&#8217;t be loaded because JavaScript is disabled: <a href=\"https:\/\/www.youtube.com\/watch?v=ffViRaQsvMw\" title=\"Dr. Alfonso\u2019s Neuropathy Treatment Protocol 2023, Neuropathy Pain Relief!\" target=\"_blank\" rel=\"noopener\">Dr. Alfonso\u2019s Neuropathy Treatment Protocol 2023, Neuropathy Pain Relief! (https:\/\/www.youtube.com\/watch?v=ffViRaQsvMw)<\/a><\/noscript><\/div><\/div>\n<\/div><\/figure>\n\n\n\n<p class=\"has-white-color has-text-color\"><\/p>\n<\/div>\n<\/div><\/section>\n<\/div>\n<\/div><\/section>\n\n\n\n<div style=\"height:34px\" aria-hidden=\"true\" class=\"wp-block-spacer\"><\/div>\n\n\n\n<div class=\"wp-block-columns is-layout-flex wp-container-core-columns-is-layout-1 wp-block-columns-is-layout-flex\">\n<div class=\"wp-block-column is-layout-flow wp-block-column-is-layout-flow\">\n<figure class=\"wp-block-embed is-type-video is-provider-youtube wp-block-embed-youtube wp-embed-aspect-16-9 wp-has-aspect-ratio\"><div class=\"wp-block-embed__wrapper\">\n<div class=\"nv-iframe-embed\"><div class=\"container-lazyload preview-lazyload container-youtube js-lazyload--not-loaded\"><a href=\"https:\/\/www.youtube.com\/watch?v=SgzF4hs_qpk\" class=\"lazy-load-youtube preview-lazyload preview-youtube\" data-video-title=\"Health Light Neuropathy Therapy - Neuropathy Relief Miami\" title=\"Play video &quot;Health Light Neuropathy Therapy - Neuropathy Relief Miami&quot;\" target=\"_blank\" rel=\"noopener\">https:\/\/www.youtube.com\/watch?v=SgzF4hs_qpk<\/a><noscript>Video can&#8217;t be loaded because JavaScript is disabled: <a href=\"https:\/\/www.youtube.com\/watch?v=SgzF4hs_qpk\" title=\"Health Light Neuropathy Therapy - Neuropathy Relief Miami\" target=\"_blank\" rel=\"noopener\">Health Light Neuropathy Therapy &#8211; Neuropathy Relief Miami (https:\/\/www.youtube.com\/watch?v=SgzF4hs_qpk)<\/a><\/noscript><\/div><\/div>\n<\/div><\/figure>\n<\/div>\n\n\n\n<div class=\"wp-block-column is-layout-flow wp-block-column-is-layout-flow\">\n<p><\/p>\n\n\n\n<h2 class=\"wp-block-heading\"><strong><strong>\u00bfQu\u00e9 es la Terapia Health Light?<\/strong><br><\/strong><\/h2>\n\n\n\n<p>La <strong>Terapia Health Light<\/strong>, utilizada en el Protocolo de Tratamiento para la Neuropat\u00eda del Dr. Alfonso, tambi\u00e9n conocida como <strong>fotobiomodulaci\u00f3n<\/strong> o <strong>terapia de luz roja<\/strong>, emplea longitudes de onda espec\u00edficas de luz para penetrar la piel y estimular la actividad celular. Estas longitudes de onda, generalmente en el espectro rojo e infrarrojo cercano, han demostrado ser prometedoras para promover la curaci\u00f3n y aliviar los s\u00edntomas de la neuropat\u00eda.<\/p>\n<\/div>\n<\/div>\n\n\n\n<p>La <strong>Terapia Health Light<\/strong> se aplica en longitudes de onda espec\u00edficas de luz para pacientes con neuropat\u00eda aguda y cr\u00f3nica, generando la mayor respuesta celular para promover la curaci\u00f3n.<br><\/p>\n\n\n\n<p>Los diodos rojos e infrarrojos de <strong>HealthLight<\/strong> aumentan la circulaci\u00f3n local. La terapia infrarroja est\u00e1 aprobada por la FDA para mejorar la circulaci\u00f3n local y aliviar el dolor y la inflamaci\u00f3n.<br><\/p>\n\n\n\n<p>Miles de pacientes han experimentado un alivio significativo del dolor, hormigueo, entumecimiento, inflamaci\u00f3n e hinchaz\u00f3n que suelen presentarse junto con la neuropat\u00eda perif\u00e9rica relacionada con la diabetes, las estatinas y la quimioterapia.<\/p>\n\n\n\n<p><\/p>\n\n\n\n<h2 class=\"wp-block-heading\"><strong><strong>\u00bfC\u00f3mo funciona la terapia de luz?<\/strong><\/strong><\/h2>\n\n\n\n<p>La terapia de luz act\u00faa al suministrar fotones a las c\u00e9lulas del cuerpo, lo que:<\/p>\n\n\n\n<ul class=\"wp-block-list\">\n<li>Estimula la actividad mitocondrial, mejorando la producci\u00f3n de energ\u00eda (<strong>s\u00edntesis de ATP<\/strong>).<\/li>\n\n\n\n<li>Reduce la inflamaci\u00f3n al modular la respuesta inmunol\u00f3gica.<\/li>\n\n\n\n<li>Mejora el flujo sangu\u00edneo en las \u00e1reas con da\u00f1o nervioso.<\/li>\n\n\n\n<li>Favorece la reparaci\u00f3n y regeneraci\u00f3n celular.<\/li>\n<\/ul>\n\n\n\n<h2 class=\"wp-block-heading\"><strong><strong><strong>Los Beneficios de la Terapia Health Light para el Tratamiento de la Neuropat\u00eda<\/strong><\/strong><\/strong><\/h2>\n\n\n\n<p>La terapia Health Light ofrece numerosos beneficios para quienes padecen neuropat\u00eda. A continuaci\u00f3n, se presentan sus principales ventajas:<\/p>\n\n\n\n<p><\/p>\n\n\n\n<div class=\"wp-block-columns is-layout-flex wp-container-core-columns-is-layout-2 wp-block-columns-is-layout-flex\">\n<div class=\"wp-block-column is-layout-flow wp-block-column-is-layout-flow\">\n<figure class=\"wp-block-image size-full is-resized\"><img loading=\"lazy\" decoding=\"async\" width=\"500\" height=\"500\" src=\"http:\/\/neuropathyreliefmiami.com\/wp-content\/uploads\/2025\/01\/dr-alfonso-neuropathy-treatment-protocol-health-light-therapy-for-peripheral-neuropathy-3.webp\" alt=\"\" class=\"wp-image-1720\" style=\"width:150px\" srcset=\"https:\/\/neuropathyreliefmiami.com\/wp-content\/uploads\/2025\/01\/dr-alfonso-neuropathy-treatment-protocol-health-light-therapy-for-peripheral-neuropathy-3.webp 500w, https:\/\/neuropathyreliefmiami.com\/wp-content\/uploads\/2025\/01\/dr-alfonso-neuropathy-treatment-protocol-health-light-therapy-for-peripheral-neuropathy-3-300x300.webp 300w, https:\/\/neuropathyreliefmiami.com\/wp-content\/uploads\/2025\/01\/dr-alfonso-neuropathy-treatment-protocol-health-light-therapy-for-peripheral-neuropathy-3-150x150.webp 150w\" sizes=\"auto, (max-width: 500px) 100vw, 500px\" \/><\/figure>\n\n\n\n<div style=\"height:15px\" aria-hidden=\"true\" class=\"wp-block-spacer\"><\/div>\n\n\n\n<h3 class=\"wp-block-heading\"><strong>1. <strong>Reducci\u00f3n del Dolor<\/strong><\/strong><\/h3>\n\n\n\n<p>La terapia de luz ayuda a aliviar el dolor cr\u00f3nico al modular las v\u00edas de se\u00f1alizaci\u00f3n nerviosa y reducir la inflamaci\u00f3n. Es una alternativa sin f\u00e1rmacos a los analg\u00e9sicos tradicionales.<\/p>\n\n\n\n<p><\/p>\n<\/div>\n\n\n\n<div class=\"wp-block-column is-layout-flow wp-block-column-is-layout-flow\">\n<figure class=\"wp-block-image size-full is-resized\"><img loading=\"lazy\" decoding=\"async\" width=\"500\" height=\"500\" src=\"http:\/\/neuropathyreliefmiami.com\/wp-content\/uploads\/2025\/01\/dr-alfonso-neuropathy-treatment-protocol-health-light-therapy-for-peripheral-neuropathy-4.webp\" alt=\"\" class=\"wp-image-1722\" style=\"width:150px\" srcset=\"https:\/\/neuropathyreliefmiami.com\/wp-content\/uploads\/2025\/01\/dr-alfonso-neuropathy-treatment-protocol-health-light-therapy-for-peripheral-neuropathy-4.webp 500w, https:\/\/neuropathyreliefmiami.com\/wp-content\/uploads\/2025\/01\/dr-alfonso-neuropathy-treatment-protocol-health-light-therapy-for-peripheral-neuropathy-4-300x300.webp 300w, https:\/\/neuropathyreliefmiami.com\/wp-content\/uploads\/2025\/01\/dr-alfonso-neuropathy-treatment-protocol-health-light-therapy-for-peripheral-neuropathy-4-150x150.webp 150w\" sizes=\"auto, (max-width: 500px) 100vw, 500px\" \/><\/figure>\n\n\n\n<div style=\"height:15px\" aria-hidden=\"true\" class=\"wp-block-spacer\"><\/div>\n\n\n\n<h3 class=\"wp-block-heading\"><strong>2. <strong>Mejora en la Reparaci\u00f3n Nerviosa<\/strong><\/strong><\/h3>\n\n\n\n<p>Las propiedades regenerativas de la terapia de luz estimulan la reparaci\u00f3n de las fibras nerviosas da\u00f1adas, favoreciendo la recuperaci\u00f3n de la funci\u00f3n nerviosa normal.<\/p>\n\n\n\n<p><\/p>\n<\/div>\n\n\n\n<div class=\"wp-block-column is-layout-flow wp-block-column-is-layout-flow\">\n<figure class=\"wp-block-image size-full is-resized\"><img loading=\"lazy\" decoding=\"async\" width=\"500\" height=\"500\" src=\"http:\/\/neuropathyreliefmiami.com\/wp-content\/uploads\/2025\/01\/dr-alfonso-neuropathy-treatment-protocol-health-light-therapy-for-peripheral-neuropathy-5.webp\" alt=\"\" class=\"wp-image-1723\" style=\"width:150px\" srcset=\"https:\/\/neuropathyreliefmiami.com\/wp-content\/uploads\/2025\/01\/dr-alfonso-neuropathy-treatment-protocol-health-light-therapy-for-peripheral-neuropathy-5.webp 500w, https:\/\/neuropathyreliefmiami.com\/wp-content\/uploads\/2025\/01\/dr-alfonso-neuropathy-treatment-protocol-health-light-therapy-for-peripheral-neuropathy-5-300x300.webp 300w, https:\/\/neuropathyreliefmiami.com\/wp-content\/uploads\/2025\/01\/dr-alfonso-neuropathy-treatment-protocol-health-light-therapy-for-peripheral-neuropathy-5-150x150.webp 150w\" sizes=\"auto, (max-width: 500px) 100vw, 500px\" \/><\/figure>\n\n\n\n<div style=\"height:15px\" aria-hidden=\"true\" class=\"wp-block-spacer\"><\/div>\n\n\n\n<h3 class=\"wp-block-heading\"><strong>3. <strong>Circulaci\u00f3n Mejorada<\/strong><\/strong><\/h3>\n\n\n\n<p>El aumento del flujo sangu\u00edneo generado por la terapia de luz garantiza una mejor entrega de ox\u00edgeno y nutrientes a las c\u00e9lulas nerviosas, acelerando la recuperaci\u00f3n y reduciendo los s\u00edntomas.<\/p>\n<\/div>\n<\/div>\n\n\n\n<div class=\"wp-block-columns is-layout-flex wp-container-core-columns-is-layout-3 wp-block-columns-is-layout-flex\">\n<div class=\"wp-block-column is-layout-flow wp-block-column-is-layout-flow\">\n<figure class=\"wp-block-image size-full is-resized\"><img loading=\"lazy\" decoding=\"async\" width=\"500\" height=\"500\" src=\"http:\/\/neuropathyreliefmiami.com\/wp-content\/uploads\/2025\/01\/dr-alfonso-neuropathy-treatment-protocol-health-light-therapy-for-peripheral-neuropathy-6.webp\" alt=\"\" class=\"wp-image-1724\" style=\"width:150px\" srcset=\"https:\/\/neuropathyreliefmiami.com\/wp-content\/uploads\/2025\/01\/dr-alfonso-neuropathy-treatment-protocol-health-light-therapy-for-peripheral-neuropathy-6.webp 500w, https:\/\/neuropathyreliefmiami.com\/wp-content\/uploads\/2025\/01\/dr-alfonso-neuropathy-treatment-protocol-health-light-therapy-for-peripheral-neuropathy-6-300x300.webp 300w, https:\/\/neuropathyreliefmiami.com\/wp-content\/uploads\/2025\/01\/dr-alfonso-neuropathy-treatment-protocol-health-light-therapy-for-peripheral-neuropathy-6-150x150.webp 150w\" sizes=\"auto, (max-width: 500px) 100vw, 500px\" \/><\/figure>\n\n\n\n<div style=\"height:15px\" aria-hidden=\"true\" class=\"wp-block-spacer\"><\/div>\n\n\n\n<h3 class=\"wp-block-heading\"><strong><strong>4. <strong>Efectos Antiinflamatorios<\/strong><\/strong><\/strong><\/h3>\n\n\n\n<p>La inflamaci\u00f3n es un factor clave en los s\u00edntomas de la neuropat\u00eda. La terapia de luz reduce eficazmente la inflamaci\u00f3n a nivel celular, ayudando a mitigar las molestias.<\/p>\n\n\n\n<p><\/p>\n<\/div>\n\n\n\n<div class=\"wp-block-column is-layout-flow wp-block-column-is-layout-flow\">\n<figure class=\"wp-block-image size-full is-resized\"><img loading=\"lazy\" decoding=\"async\" width=\"500\" height=\"500\" src=\"http:\/\/neuropathyreliefmiami.com\/wp-content\/uploads\/2025\/01\/dr-alfonso-neuropathy-treatment-protocol-health-light-therapy-for-peripheral-neuropathy-7.webp\" alt=\"\" class=\"wp-image-1725\" style=\"width:150px\" srcset=\"https:\/\/neuropathyreliefmiami.com\/wp-content\/uploads\/2025\/01\/dr-alfonso-neuropathy-treatment-protocol-health-light-therapy-for-peripheral-neuropathy-7.webp 500w, https:\/\/neuropathyreliefmiami.com\/wp-content\/uploads\/2025\/01\/dr-alfonso-neuropathy-treatment-protocol-health-light-therapy-for-peripheral-neuropathy-7-300x300.webp 300w, https:\/\/neuropathyreliefmiami.com\/wp-content\/uploads\/2025\/01\/dr-alfonso-neuropathy-treatment-protocol-health-light-therapy-for-peripheral-neuropathy-7-150x150.webp 150w\" sizes=\"auto, (max-width: 500px) 100vw, 500px\" \/><\/figure>\n\n\n\n<div style=\"height:15px\" aria-hidden=\"true\" class=\"wp-block-spacer\"><\/div>\n\n\n\n<h3 class=\"wp-block-heading\"><strong><strong>5. <strong>No Invasiva y Segura<\/strong><\/strong><\/strong><\/h3>\n\n\n\n<p>A diferencia de las intervenciones quir\u00fargicas o los medicamentos, la terapia de luz es completamente no invasiva y tiene efectos secundarios m\u00ednimos, lo que la convierte en una opci\u00f3n segura para el uso a largo plazo.<\/p>\n<\/div>\n\n\n\n<div class=\"wp-block-column is-layout-flow wp-block-column-is-layout-flow\">\n<p><\/p>\n<\/div>\n<\/div>\n\n\n\n<h2 class=\"wp-block-heading\"><strong><strong>C\u00f3mo la Terapia de Luz Act\u00faa sobre la Neuropat\u00eda<\/strong><\/strong><\/h2>\n\n\n\n<p>El enfoque dirigido de la terapia de luz la hace particularmente efectiva para la neuropat\u00eda. A continuaci\u00f3n, se explica c\u00f3mo funciona:<\/p>\n\n\n\n<p><\/p>\n\n\n\n<div class=\"wp-block-columns is-layout-flex wp-container-core-columns-is-layout-4 wp-block-columns-is-layout-flex\">\n<div class=\"wp-block-column is-layout-flow wp-block-column-is-layout-flow\">\n<figure class=\"wp-block-image size-full is-resized\"><img loading=\"lazy\" decoding=\"async\" width=\"500\" height=\"500\" src=\"http:\/\/neuropathyreliefmiami.com\/wp-content\/uploads\/2025\/01\/dr-alfonso-neuropathy-treatment-protocol-health-light-therapy-for-peripheral-neuropathy-8.webp\" alt=\"\" class=\"wp-image-1727\" style=\"width:150px\" srcset=\"https:\/\/neuropathyreliefmiami.com\/wp-content\/uploads\/2025\/01\/dr-alfonso-neuropathy-treatment-protocol-health-light-therapy-for-peripheral-neuropathy-8.webp 500w, https:\/\/neuropathyreliefmiami.com\/wp-content\/uploads\/2025\/01\/dr-alfonso-neuropathy-treatment-protocol-health-light-therapy-for-peripheral-neuropathy-8-300x300.webp 300w, https:\/\/neuropathyreliefmiami.com\/wp-content\/uploads\/2025\/01\/dr-alfonso-neuropathy-treatment-protocol-health-light-therapy-for-peripheral-neuropathy-8-150x150.webp 150w\" sizes=\"auto, (max-width: 500px) 100vw, 500px\" \/><\/figure>\n\n\n\n<div style=\"height:15px\" aria-hidden=\"true\" class=\"wp-block-spacer\"><\/div>\n\n\n\n<h3 class=\"wp-block-heading\"><strong><strong><strong>Luz Roja e Infrarroja Cercana para una Penetraci\u00f3n Profunda<\/strong><\/strong><\/strong><\/h3>\n\n\n\n<p>Las longitudes de onda utilizadas en la terapia Health Light est\u00e1n dise\u00f1adas para alcanzar los tejidos debajo de la superficie de la piel, impactando directamente los nervios afectados y los tejidos circundantes.<\/p>\n\n\n\n<p><\/p>\n<\/div>\n\n\n\n<div class=\"wp-block-column is-layout-flow wp-block-column-is-layout-flow\">\n<figure class=\"wp-block-image size-full is-resized\"><img loading=\"lazy\" decoding=\"async\" width=\"500\" height=\"500\" src=\"http:\/\/neuropathyreliefmiami.com\/wp-content\/uploads\/2025\/01\/dr-alfonso-neuropathy-treatment-protocol-health-light-therapy-for-peripheral-neuropathy-9.webp\" alt=\"\" class=\"wp-image-1729\" style=\"width:150px\" srcset=\"https:\/\/neuropathyreliefmiami.com\/wp-content\/uploads\/2025\/01\/dr-alfonso-neuropathy-treatment-protocol-health-light-therapy-for-peripheral-neuropathy-9.webp 500w, https:\/\/neuropathyreliefmiami.com\/wp-content\/uploads\/2025\/01\/dr-alfonso-neuropathy-treatment-protocol-health-light-therapy-for-peripheral-neuropathy-9-300x300.webp 300w, https:\/\/neuropathyreliefmiami.com\/wp-content\/uploads\/2025\/01\/dr-alfonso-neuropathy-treatment-protocol-health-light-therapy-for-peripheral-neuropathy-9-150x150.webp 150w\" sizes=\"auto, (max-width: 500px) 100vw, 500px\" \/><\/figure>\n\n\n\n<div style=\"height:15px\" aria-hidden=\"true\" class=\"wp-block-spacer\"><\/div>\n\n\n\n<h3 class=\"wp-block-heading\"><strong><strong><strong>Aumento de Energ\u00eda Celular<\/strong><\/strong><\/strong><\/h3>\n\n\n\n<p>Al estimular la funci\u00f3n mitocondrial, la terapia de luz mejora la producci\u00f3n de ATP, esencial para la reparaci\u00f3n celular y la regeneraci\u00f3n nerviosa.<\/p>\n\n\n\n<p><\/p>\n<\/div>\n\n\n\n<div class=\"wp-block-column is-layout-flow wp-block-column-is-layout-flow\">\n<figure class=\"wp-block-image size-full is-resized\"><img loading=\"lazy\" decoding=\"async\" width=\"500\" height=\"500\" src=\"http:\/\/neuropathyreliefmiami.com\/wp-content\/uploads\/2025\/01\/dr-alfonso-neuropathy-treatment-protocol-health-light-therapy-for-peripheral-neuropathy-10.webp\" alt=\"\" class=\"wp-image-1730\" style=\"width:150px\" srcset=\"https:\/\/neuropathyreliefmiami.com\/wp-content\/uploads\/2025\/01\/dr-alfonso-neuropathy-treatment-protocol-health-light-therapy-for-peripheral-neuropathy-10.webp 500w, https:\/\/neuropathyreliefmiami.com\/wp-content\/uploads\/2025\/01\/dr-alfonso-neuropathy-treatment-protocol-health-light-therapy-for-peripheral-neuropathy-10-300x300.webp 300w, https:\/\/neuropathyreliefmiami.com\/wp-content\/uploads\/2025\/01\/dr-alfonso-neuropathy-treatment-protocol-health-light-therapy-for-peripheral-neuropathy-10-150x150.webp 150w\" sizes=\"auto, (max-width: 500px) 100vw, 500px\" \/><\/figure>\n\n\n\n<div style=\"height:15px\" aria-hidden=\"true\" class=\"wp-block-spacer\"><\/div>\n\n\n\n<h3 class=\"wp-block-heading\"><strong><strong><strong>Reducci\u00f3n del Estr\u00e9s Oxidativo<\/strong><\/strong><\/strong><\/h3>\n\n\n\n<p>La terapia de luz ayuda a neutralizar los radicales libres, reduciendo el estr\u00e9s oxidativo que puede da\u00f1ar las c\u00e9lulas nerviosas y agravar la neuropat\u00eda.<\/p>\n<\/div>\n<\/div>\n\n\n\n<h2 class=\"wp-block-heading\"><strong>Evidencia Cient\u00edfica que Respalda la Terapia de Luz para la Neuropat\u00eda<\/strong><\/h2>\n\n\n\n<p><\/p>\n\n\n\n<div class=\"wp-block-columns is-layout-flex wp-container-core-columns-is-layout-5 wp-block-columns-is-layout-flex\">\n<div class=\"wp-block-column is-layout-flow wp-block-column-is-layout-flow\">\n<h3 class=\"wp-block-heading\"><strong><strong><strong>Estudios Cl\u00ednicos<\/strong><br><\/strong><\/strong><\/h3>\n\n\n\n<p>Numerosos estudios han demostrado la eficacia de la terapia de luz para la neuropat\u00eda:<br><\/p>\n\n\n\n<ul class=\"wp-block-list\">\n<li><strong>Neuropat\u00eda Diab\u00e9tica<\/strong>: Investigaciones muestran que las sesiones regulares de terapia de luz pueden reducir significativamente el dolor y mejorar la conducci\u00f3n nerviosa en pacientes diab\u00e9ticos.<\/li>\n\n\n\n<li><strong>Neuropat\u00eda Inducida por Quimioterapia<\/strong>: Pacientes sometidos a quimioterapia han reportado una reducci\u00f3n de los s\u00edntomas neurop\u00e1ticos y una mejora en su calidad de vida tras el uso de la terapia de luz.<br><\/li>\n\n\n\n<li><strong>Neuropat\u00eda General<\/strong>: Estudios indican que la terapia de luz reduce la inflamaci\u00f3n y promueve la reparaci\u00f3n nerviosa en distintos tipos de neuropat\u00eda.<\/li>\n<\/ul>\n<\/div>\n\n\n\n<div class=\"wp-block-column is-layout-flow wp-block-column-is-layout-flow\">\n<figure class=\"wp-block-image size-full is-resized\"><img loading=\"lazy\" decoding=\"async\" width=\"300\" height=\"300\" src=\"http:\/\/neuropathyreliefmiami.com\/wp-content\/uploads\/2024\/12\/health-light-neuropathy-therapy-1.webp\" alt=\"\" class=\"wp-image-964\" style=\"width:379px;height:auto\" srcset=\"https:\/\/neuropathyreliefmiami.com\/wp-content\/uploads\/2024\/12\/health-light-neuropathy-therapy-1.webp 300w, https:\/\/neuropathyreliefmiami.com\/wp-content\/uploads\/2024\/12\/health-light-neuropathy-therapy-1-150x150.webp 150w\" sizes=\"auto, (max-width: 300px) 100vw, 300px\" \/><\/figure>\n<\/div>\n<\/div>\n\n\n\n<h2 class=\"wp-block-heading\"><strong><strong><strong>Terapia Health Light para el Tratamiento de la Neuropat\u00eda<\/strong><br><\/strong><\/strong><\/h2>\n\n\n\n<p>La neuropat\u00eda puede ser dif\u00edcil de manejar, pero la terapia Health Light ofrece una soluci\u00f3n segura, efectiva y no invasiva. Al reducir el dolor, promover la reparaci\u00f3n nerviosa y mejorar el bienestar general, la terapia de luz ayuda a las personas a recuperar el control de sus vidas.<br><\/p>\n\n\n\n<section id=\"wp-block-themeisle-blocks-advanced-columns-cb87630d\" class=\"wp-block-themeisle-blocks-advanced-columns alignfull has-1-columns has-desktop-equal-layout has-tablet-equal-layout has-mobile-equal-layout has-vertical-center has-dark-bg\"><div class=\"wp-block-themeisle-blocks-advanced-columns-overlay\"><\/div><div class=\"innerblocks-wrap\">\n<div id=\"wp-block-themeisle-blocks-advanced-column-a521c34e\" class=\"wp-block-themeisle-blocks-advanced-column\">\n<h2 class=\"wp-block-heading has-text-align-center has-text-color\" style=\"color:#fff200\">Ll\u00e1menos para una consulta gratuita<br><mark style=\"background-color:rgba(0, 0, 0, 0);color:#ffd900\" class=\"has-inline-color\"><br><a title=\"\" href=\"tel:\/\/+13052757475\">(305) 275-7475<\/a><\/mark><\/h2>\n\n\n\n<p class=\"has-text-align-center\">Solicita una consulta gratuita con el <strong><a href=\"\/es\/dr-rodolfo-alfonso\/\">Dr. Alfonso<\/a><\/strong> para saber c\u00f3mo puedes tratar de forma natural tus s\u00edntomas de Neuropat\u00eda sin procedimientos invasivos, cirug\u00eda ni medicamentos perjudiciales.<\/p>\n\n\n\n<p>S\u00edguenos en I<a href=\"https:\/\/www.instagram.com\/neuropathyreliefmiami\/\" target=\"_blank\" rel=\"noreferrer noopener\">nstagram<\/a>, <a href=\"https:\/\/www.facebook.com\/NeuropathyReliefMiami\" target=\"_blank\" rel=\"noreferrer noopener\">Facebook<\/a>, Y <a href=\"https:\/\/www.youtube.com\/channel\/UCYPTI-iMVVuO0uUdIIYD-HQ\" target=\"_blank\" rel=\"noreferrer noopener\">YouTube<\/a> para recibir actualizaciones, historias de \u00e9xito de pacientes y conocimientos expertos sobre el tratamiento de la neuropat\u00eda.<\/p>\n\n\n\n<div class=\"wp-block-buttons is-content-justification-center is-layout-flex wp-container-core-buttons-is-layout-1 wp-block-buttons-is-layout-flex\">\n<div class=\"wp-block-button is-style-primary\"><a class=\"wp-block-button__link has-text-color has-background has-link-color wp-element-button\" href=\"\/es\/mis-citas\/\" style=\"color:#080808;background-color:#ffd20a\">RESERVAR MI CONSULTA GRATUITA<\/a><\/div>\n<\/div>\n<\/div>\n<\/div><\/section>\n","protected":false},"excerpt":{"rendered":"<p>\u00bfQu\u00e9 es la Terapia Health Light? La Terapia Health Light, utilizada en el Protocolo de Tratamiento para la Neuropat\u00eda del Dr. Alfonso, tambi\u00e9n conocida como fotobiomodulaci\u00f3n o terapia de luz roja, emplea longitudes de onda espec\u00edficas de luz para penetrar la piel y estimular la actividad celular. Estas longitudes de onda, generalmente en el espectro&hellip;&nbsp;<a href=\"https:\/\/neuropathyreliefmiami.com\/es\/terapia-health-light\/\" rel=\"bookmark\">Read More &raquo;<span class=\"screen-reader-text\">Protocolo de Tratamiento para la Neuropat\u00eda del Dr. Alfonso: Terapia Health Light para la Neuropat\u00eda Perif\u00e9rica.<\/span><\/a><\/p>\n","protected":false},"author":3,"featured_media":2120,"parent":0,"menu_order":0,"comment_status":"closed","ping_status":"closed","template":"","meta":{"neve_meta_sidebar":"","neve_meta_container":"","neve_meta_enable_content_width":"","neve_meta_content_width":0,"neve_meta_title_alignment":"","neve_meta_author_avatar":"","neve_post_elements_order":"","neve_meta_disable_header":"","neve_meta_disable_footer":"","neve_meta_disable_title":"on","neve_meta_reading_time":"","_themeisle_gutenberg_block_has_review":false,"footnotes":""},"class_list":["post-2416","page","type-page","status-publish","has-post-thumbnail","hentry"],"_links":{"self":[{"href":"https:\/\/neuropathyreliefmiami.com\/es\/wp-json\/wp\/v2\/pages\/2416","targetHints":{"allow":["GET"]}}],"collection":[{"href":"https:\/\/neuropathyreliefmiami.com\/es\/wp-json\/wp\/v2\/pages"}],"about":[{"href":"https:\/\/neuropathyreliefmiami.com\/es\/wp-json\/wp\/v2\/types\/page"}],"author":[{"embeddable":true,"href":"https:\/\/neuropathyreliefmiami.com\/es\/wp-json\/wp\/v2\/users\/3"}],"replies":[{"embeddable":true,"href":"https:\/\/neuropathyreliefmiami.com\/es\/wp-json\/wp\/v2\/comments?post=2416"}],"version-history":[{"count":4,"href":"https:\/\/neuropathyreliefmiami.com\/es\/wp-json\/wp\/v2\/pages\/2416\/revisions"}],"predecessor-version":[{"id":8883,"href":"https:\/\/neuropathyreliefmiami.com\/es\/wp-json\/wp\/v2\/pages\/2416\/revisions\/8883"}],"wp:featuredmedia":[{"embeddable":true,"href":"https:\/\/neuropathyreliefmiami.com\/es\/wp-json\/wp\/v2\/media\/2120"}],"wp:attachment":[{"href":"https:\/\/neuropathyreliefmiami.com\/es\/wp-json\/wp\/v2\/media?parent=2416"}],"curies":[{"name":"wp","href":"https:\/\/api.w.org\/{rel}","templated":true}]}}