{"id":2407,"date":"2024-12-26T13:43:55","date_gmt":"2024-12-26T13:43:55","guid":{"rendered":"https:\/\/neuropathyreliefmiami.com\/dr-alfonso-neuropathy-treatment-protocol-vibration-therapy-for-peripheral-neuropathy\/"},"modified":"2025-03-07T17:13:26","modified_gmt":"2025-03-07T17:13:26","slug":"terapia-de-vibracion","status":"publish","type":"page","link":"https:\/\/neuropathyreliefmiami.com\/es\/terapia-de-vibracion\/","title":{"rendered":"Terapia de vibraci\u00f3n"},"content":{"rendered":"\n<section id=\"wp-block-themeisle-blocks-advanced-columns-03d78f51\" class=\"wp-block-themeisle-blocks-advanced-columns alignfull has-1-columns has-desktop-equal-layout has-tablet-equal-layout has-mobile-equal-layout has-vertical-flex-start has-dark-bg\"><div class=\"wp-block-themeisle-blocks-advanced-columns-overlay\"><\/div><div class=\"innerblocks-wrap\">\n<div id=\"wp-block-themeisle-blocks-advanced-column-f5ef6035\" class=\"wp-block-themeisle-blocks-advanced-column\">\n<section id=\"wp-block-themeisle-blocks-advanced-columns-5822b2d4\" class=\"wp-block-themeisle-blocks-advanced-columns has-2-columns has-desktop-equal-layout has-tablet-equal-layout has-mobile-collapsedRows-layout has-vertical-flex-start\"><div class=\"wp-block-themeisle-blocks-advanced-columns-overlay\"><\/div><div class=\"innerblocks-wrap\">\n<div id=\"wp-block-themeisle-blocks-advanced-column-0cf7416b\" class=\"wp-block-themeisle-blocks-advanced-column\">\n<p><\/p>\n\n\n\n<h2 id=\"wp-block-themeisle-blocks-advanced-heading-347b1fe3\" class=\"wp-block-themeisle-blocks-advanced-heading wp-block-themeisle-blocks-advanced-heading-347b1fe3\">Protocolo de tratamiento de neuropat\u00eda del Dr. Alfonso<br>Terapia de vibraci\u00f3n para la neuropat\u00eda perif\u00e9rica<\/h2>\n\n\n\n<p class=\"has-text-color\" style=\"color:#ffffff\"><\/p>\n<\/div>\n\n\n\n<div id=\"wp-block-themeisle-blocks-advanced-column-5e5524c8\" class=\"wp-block-themeisle-blocks-advanced-column\">\n<p class=\"has-white-color has-text-color\"><\/p>\n\n\n\n<figure class=\"wp-block-embed is-type-video is-provider-youtube wp-block-embed-youtube\"><div class=\"wp-block-embed__wrapper\">\n<div class=\"nv-iframe-embed\"><div class=\"container-lazyload preview-lazyload container-youtube js-lazyload--not-loaded\"><a href=\"https:\/\/www.youtube.com\/watch?v=ffViRaQsvMw\" class=\"lazy-load-youtube preview-lazyload preview-youtube\" data-video-title=\"Dr. Alfonso\u2019s Neuropathy Treatment Protocol 2023, Neuropathy Pain Relief!\" title=\"Play video &quot;Dr. Alfonso\u2019s Neuropathy Treatment Protocol 2023, Neuropathy Pain Relief!&quot;\" target=\"_blank\" rel=\"noopener\">https:\/\/www.youtube.com\/watch?v=ffViRaQsvMw<\/a><noscript>Video can&#8217;t be loaded because JavaScript is disabled: <a href=\"https:\/\/www.youtube.com\/watch?v=ffViRaQsvMw\" title=\"Dr. Alfonso\u2019s Neuropathy Treatment Protocol 2023, Neuropathy Pain Relief!\" target=\"_blank\" rel=\"noopener\">Dr. Alfonso\u2019s Neuropathy Treatment Protocol 2023, Neuropathy Pain Relief! (https:\/\/www.youtube.com\/watch?v=ffViRaQsvMw)<\/a><\/noscript><\/div><\/div>\n<\/div><\/figure>\n<\/div>\n<\/div><\/section>\n<\/div>\n<\/div><\/section>\n\n\n\n<div style=\"height:45px\" aria-hidden=\"true\" class=\"wp-block-spacer\"><\/div>\n\n\n\n<div class=\"wp-block-columns is-layout-flex wp-container-core-columns-is-layout-1 wp-block-columns-is-layout-flex\">\n<div class=\"wp-block-column is-layout-flow wp-block-column-is-layout-flow\">\n<figure class=\"wp-block-embed is-type-video is-provider-youtube wp-block-embed-youtube wp-embed-aspect-16-9 wp-has-aspect-ratio\"><div class=\"wp-block-embed__wrapper\">\n<div class=\"nv-iframe-embed\"><div class=\"container-lazyload preview-lazyload container-youtube js-lazyload--not-loaded\"><a href=\"https:\/\/www.youtube.com\/watch?v=-0BO_mK5-Xw\" class=\"lazy-load-youtube preview-lazyload preview-youtube\" data-video-title=\"The Vibe -Vibration Neuropathy Therapy - Neuropathy Relief Miami\" title=\"Play video &quot;The Vibe -Vibration Neuropathy Therapy - Neuropathy Relief Miami&quot;\" target=\"_blank\" rel=\"noopener\">https:\/\/www.youtube.com\/watch?v=-0BO_mK5-Xw<\/a><noscript>Video can&#8217;t be loaded because JavaScript is disabled: <a href=\"https:\/\/www.youtube.com\/watch?v=-0BO_mK5-Xw\" title=\"The Vibe -Vibration Neuropathy Therapy - Neuropathy Relief Miami\" target=\"_blank\" rel=\"noopener\">The Vibe -Vibration Neuropathy Therapy &#8211; Neuropathy Relief Miami (https:\/\/www.youtube.com\/watch?v=-0BO_mK5-Xw)<\/a><\/noscript><\/div><\/div>\n<\/div><\/figure>\n<\/div>\n\n\n\n<div class=\"wp-block-column is-layout-flow wp-block-column-is-layout-flow\">\n<p>En el Centro de Alivio de la Neuropat\u00eda de Miami, nuestras terapias de vibraci\u00f3n ofrecen m\u00faltiples beneficios rehabilitativos. A continuaci\u00f3n, se presentan algunos de los efectos m\u00e1s terap\u00e9uticos que los pacientes con neuropat\u00eda perif\u00e9rica experimentan al utilizar la terapia de vibraci\u00f3n para la neuropat\u00eda, sin necesidad de f\u00e1rmacos ni cirug\u00eda, dentro del Protocolo de Tratamiento de Neuropat\u00eda del Dr. Alfonso.<\/p>\n\n\n\n<p>La frecuencia vibratoria espec\u00edfica de las vibraciones estimula y promueve la recuperaci\u00f3n de los tejidos blandos y duros da\u00f1ados. La terapia de vibraci\u00f3n mejora la circulaci\u00f3n, estimula las fibras nerviosas da\u00f1adas, aumenta la flexibilidad, fortalece los m\u00fasculos, mejora la densidad \u00f3sea y activa el sistema linf\u00e1tico para eliminar toxinas.<br><\/p>\n<\/div>\n<\/div>\n\n\n\n<p>La terapia de vibraci\u00f3n tambi\u00e9n mejora los problemas de equilibrio, una complicaci\u00f3n com\u00fan y peligrosa asociada con la neuropat\u00eda perif\u00e9rica, que puede provocar ca\u00eddas y fracturas.<\/p>\n\n\n\n<h2 class=\"wp-block-heading\"><strong>\u00bfQu\u00e9 es la terapia de vibraci\u00f3n?<\/strong><\/h2>\n\n\n\n<div class=\"wp-block-columns is-layout-flex wp-container-core-columns-is-layout-2 wp-block-columns-is-layout-flex\">\n<div class=\"wp-block-column is-layout-flow wp-block-column-is-layout-flow\">\n<p>La terapia de vibraci\u00f3n utiliza vibraciones mec\u00e1nicas para estimular los m\u00fasculos y los nervios. Estas vibraciones se aplican a trav\u00e9s de dispositivos especializados, como plataformas vibratorias y herramientas manuales.<\/p>\n\n\n\n<h2 class=\"wp-block-heading\"><strong>C\u00f3mo funciona <\/strong><\/h2>\n\n\n\n<p>Las vibraciones penetran la piel y los tejidos subyacentes para:<\/p>\n\n\n\n<ul class=\"wp-block-list\">\n<li>Estimular el flujo sangu\u00edneo y la entrega de ox\u00edgeno a las \u00e1reas afectadas.<\/li>\n\n\n\n<li>Activar las v\u00edas nerviosas para promover la recuperaci\u00f3n.<\/li>\n\n\n\n<li>Reducir la inflamaci\u00f3n y el dolor al interrumpir las se\u00f1ales de dolor cr\u00f3nico.<\/li>\n\n\n\n<li>Fomentar la contracci\u00f3n muscular, fortaleciendo los m\u00fasculos y reduciendo la atrofia.<\/li>\n<\/ul>\n<\/div>\n\n\n\n<div class=\"wp-block-column is-layout-flow wp-block-column-is-layout-flow\">\n<figure class=\"wp-block-image size-full is-resized\"><img loading=\"lazy\" decoding=\"async\" width=\"300\" height=\"300\" src=\"http:\/\/neuropathyreliefmiami.com\/wp-content\/uploads\/2024\/12\/the-vibe-neuropathy-vibration-therapy-1.webp\" alt=\"\" class=\"wp-image-966\" style=\"width:344px;height:auto\" srcset=\"https:\/\/neuropathyreliefmiami.com\/wp-content\/uploads\/2024\/12\/the-vibe-neuropathy-vibration-therapy-1.webp 300w, https:\/\/neuropathyreliefmiami.com\/wp-content\/uploads\/2024\/12\/the-vibe-neuropathy-vibration-therapy-1-150x150.webp 150w\" sizes=\"auto, (max-width: 300px) 100vw, 300px\" \/><\/figure>\n<\/div>\n<\/div>\n\n\n\n<div style=\"height:23px\" aria-hidden=\"true\" class=\"wp-block-spacer\"><\/div>\n\n\n\n<h2 class=\"wp-block-heading\"><strong>Beneficios para el tratamiento de la neuropat\u00eda<\/strong><\/h2>\n\n\n\n<div style=\"height:23px\" aria-hidden=\"true\" class=\"wp-block-spacer\"><\/div>\n\n\n\n<div class=\"wp-block-columns is-layout-flex wp-container-core-columns-is-layout-3 wp-block-columns-is-layout-flex\">\n<div class=\"wp-block-column is-layout-flow wp-block-column-is-layout-flow\">\n<figure class=\"wp-block-image size-full is-resized\"><img loading=\"lazy\" decoding=\"async\" width=\"500\" height=\"500\" src=\"http:\/\/neuropathyreliefmiami.com\/wp-content\/uploads\/2025\/01\/dr-alfonso-neuropathy-treatment-protocol-vibration-therapy-for-peripheral-neuropathy-3.webp\" alt=\"\" class=\"wp-image-1755\" style=\"width:150px\" srcset=\"https:\/\/neuropathyreliefmiami.com\/wp-content\/uploads\/2025\/01\/dr-alfonso-neuropathy-treatment-protocol-vibration-therapy-for-peripheral-neuropathy-3.webp 500w, https:\/\/neuropathyreliefmiami.com\/wp-content\/uploads\/2025\/01\/dr-alfonso-neuropathy-treatment-protocol-vibration-therapy-for-peripheral-neuropathy-3-300x300.webp 300w, https:\/\/neuropathyreliefmiami.com\/wp-content\/uploads\/2025\/01\/dr-alfonso-neuropathy-treatment-protocol-vibration-therapy-for-peripheral-neuropathy-3-150x150.webp 150w\" sizes=\"auto, (max-width: 500px) 100vw, 500px\" \/><\/figure>\n\n\n\n<div style=\"height:23px\" aria-hidden=\"true\" class=\"wp-block-spacer\"><\/div>\n\n\n\n<h3 class=\"wp-block-heading\"><strong>1. Mejora de la circulaci\u00f3n<\/strong><\/h3>\n\n\n\n<p>La terapia de vibraci\u00f3n aumenta el flujo sangu\u00edneo, asegurando que el ox\u00edgeno y los nutrientes lleguen a los nervios da\u00f1ados. Esta mejor circulaci\u00f3n acelera la reparaci\u00f3n nerviosa y ayuda a reducir el dolor.<\/p>\n<\/div>\n\n\n\n<div class=\"wp-block-column is-layout-flow wp-block-column-is-layout-flow\">\n<figure class=\"wp-block-image size-full is-resized\"><img loading=\"lazy\" decoding=\"async\" width=\"500\" height=\"500\" src=\"http:\/\/neuropathyreliefmiami.com\/wp-content\/uploads\/2025\/01\/dr-alfonso-neuropathy-treatment-protocol-vibration-therapy-for-peripheral-neuropathy-4.webp\" alt=\"\" class=\"wp-image-1757\" style=\"width:150px\" srcset=\"https:\/\/neuropathyreliefmiami.com\/wp-content\/uploads\/2025\/01\/dr-alfonso-neuropathy-treatment-protocol-vibration-therapy-for-peripheral-neuropathy-4.webp 500w, https:\/\/neuropathyreliefmiami.com\/wp-content\/uploads\/2025\/01\/dr-alfonso-neuropathy-treatment-protocol-vibration-therapy-for-peripheral-neuropathy-4-300x300.webp 300w, https:\/\/neuropathyreliefmiami.com\/wp-content\/uploads\/2025\/01\/dr-alfonso-neuropathy-treatment-protocol-vibration-therapy-for-peripheral-neuropathy-4-150x150.webp 150w\" sizes=\"auto, (max-width: 500px) 100vw, 500px\" \/><\/figure>\n\n\n\n<div style=\"height:23px\" aria-hidden=\"true\" class=\"wp-block-spacer\"><\/div>\n\n\n\n<h3 class=\"wp-block-heading\"><strong>2. Alivio del dolor<\/strong><\/h3>\n\n\n\n<p>Al interrumpir las se\u00f1ales de dolor y aumentar la liberaci\u00f3n de endorfinas, la terapia de vibraci\u00f3n proporciona un alivio significativo de las sensaciones de ardor, punzadas o hormigueo causadas por la neuropat\u00eda.<\/p>\n<\/div>\n\n\n\n<div class=\"wp-block-column is-layout-flow wp-block-column-is-layout-flow\">\n<figure class=\"wp-block-image size-full is-resized\"><img loading=\"lazy\" decoding=\"async\" width=\"500\" height=\"500\" src=\"http:\/\/neuropathyreliefmiami.com\/wp-content\/uploads\/2025\/01\/dr-alfonso-neuropathy-treatment-protocol-vibration-therapy-for-peripheral-neuropathy-5.webp\" alt=\"\" class=\"wp-image-1758\" style=\"width:150px\" srcset=\"https:\/\/neuropathyreliefmiami.com\/wp-content\/uploads\/2025\/01\/dr-alfonso-neuropathy-treatment-protocol-vibration-therapy-for-peripheral-neuropathy-5.webp 500w, https:\/\/neuropathyreliefmiami.com\/wp-content\/uploads\/2025\/01\/dr-alfonso-neuropathy-treatment-protocol-vibration-therapy-for-peripheral-neuropathy-5-300x300.webp 300w, https:\/\/neuropathyreliefmiami.com\/wp-content\/uploads\/2025\/01\/dr-alfonso-neuropathy-treatment-protocol-vibration-therapy-for-peripheral-neuropathy-5-150x150.webp 150w\" sizes=\"auto, (max-width: 500px) 100vw, 500px\" \/><\/figure>\n\n\n\n<div style=\"height:23px\" aria-hidden=\"true\" class=\"wp-block-spacer\"><\/div>\n\n\n\n<h3 class=\"wp-block-heading\"><strong>3. Regeneraci\u00f3n nerviosa<\/strong><\/h3>\n\n\n\n<p>La estimulaci\u00f3n mec\u00e1nica de la terapia de vibraci\u00f3n promueve la reparaci\u00f3n celular y la regeneraci\u00f3n, ayudando a los nervios da\u00f1ados a recuperar su funcionalidad.<\/p>\n<\/div>\n<\/div>\n\n\n\n<div class=\"wp-block-columns is-layout-flex wp-container-core-columns-is-layout-4 wp-block-columns-is-layout-flex\">\n<div class=\"wp-block-column is-layout-flow wp-block-column-is-layout-flow\">\n<figure class=\"wp-block-image size-full is-resized\"><img loading=\"lazy\" decoding=\"async\" width=\"500\" height=\"500\" src=\"http:\/\/neuropathyreliefmiami.com\/wp-content\/uploads\/2025\/01\/dr-alfonso-neuropathy-treatment-protocol-vibration-therapy-for-peripheral-neuropathy-6.webp\" alt=\"\" class=\"wp-image-1759\" style=\"width:150px\" srcset=\"https:\/\/neuropathyreliefmiami.com\/wp-content\/uploads\/2025\/01\/dr-alfonso-neuropathy-treatment-protocol-vibration-therapy-for-peripheral-neuropathy-6.webp 500w, https:\/\/neuropathyreliefmiami.com\/wp-content\/uploads\/2025\/01\/dr-alfonso-neuropathy-treatment-protocol-vibration-therapy-for-peripheral-neuropathy-6-300x300.webp 300w, https:\/\/neuropathyreliefmiami.com\/wp-content\/uploads\/2025\/01\/dr-alfonso-neuropathy-treatment-protocol-vibration-therapy-for-peripheral-neuropathy-6-150x150.webp 150w\" sizes=\"auto, (max-width: 500px) 100vw, 500px\" \/><\/figure>\n\n\n\n<div style=\"height:23px\" aria-hidden=\"true\" class=\"wp-block-spacer\"><\/div>\n\n\n\n<h3 class=\"wp-block-heading\"><strong><strong>4. Mayor fuerza muscular<\/strong><\/strong><\/h3>\n\n\n\n<p>La debilidad muscular es un s\u00edntoma com\u00fan de la neuropat\u00eda. La terapia de vibraci\u00f3n ayuda a activar y fortalecer los m\u00fasculos, mejorando la movilidad y reduciendo el riesgo de ca\u00eddas.<\/p>\n<\/div>\n\n\n\n<div class=\"wp-block-column is-layout-flow wp-block-column-is-layout-flow\">\n<figure class=\"wp-block-image size-full is-resized\"><img loading=\"lazy\" decoding=\"async\" width=\"500\" height=\"500\" src=\"http:\/\/neuropathyreliefmiami.com\/wp-content\/uploads\/2025\/01\/dr-alfonso-neuropathy-treatment-protocol-vibration-therapy-for-peripheral-neuropathy-7.webp\" alt=\"\" class=\"wp-image-1760\" style=\"width:150px;height:auto\" srcset=\"https:\/\/neuropathyreliefmiami.com\/wp-content\/uploads\/2025\/01\/dr-alfonso-neuropathy-treatment-protocol-vibration-therapy-for-peripheral-neuropathy-7.webp 500w, https:\/\/neuropathyreliefmiami.com\/wp-content\/uploads\/2025\/01\/dr-alfonso-neuropathy-treatment-protocol-vibration-therapy-for-peripheral-neuropathy-7-300x300.webp 300w, https:\/\/neuropathyreliefmiami.com\/wp-content\/uploads\/2025\/01\/dr-alfonso-neuropathy-treatment-protocol-vibration-therapy-for-peripheral-neuropathy-7-150x150.webp 150w\" sizes=\"auto, (max-width: 500px) 100vw, 500px\" \/><\/figure>\n\n\n\n<div style=\"height:23px\" aria-hidden=\"true\" class=\"wp-block-spacer\"><\/div>\n\n\n\n<h3 class=\"wp-block-heading\"><strong><strong>5. Mejor equilibrio y coordinaci\u00f3n<\/strong><\/strong><\/h3>\n\n\n\n<p>La terapia de vibraci\u00f3n mejora la retroalimentaci\u00f3n sensorial y la propiocepci\u00f3n, ayudando a las personas a recuperar el equilibrio y la coordinaci\u00f3n perdidos debido a la neuropat\u00eda.<\/p>\n<\/div>\n\n\n\n<div class=\"wp-block-column is-layout-flow wp-block-column-is-layout-flow\">\n<figure class=\"wp-block-image size-full is-resized\"><img loading=\"lazy\" decoding=\"async\" width=\"500\" height=\"500\" src=\"http:\/\/neuropathyreliefmiami.com\/wp-content\/uploads\/2025\/01\/dr-alfonso-neuropathy-treatment-protocol-pulsed-electromagnetic-field-therapy-pemf-for-peripheral-neuropathy-7.webp\" alt=\"Terapia de vibraci\u00f3n\" class=\"wp-image-2231\" style=\"width:150px;height:auto\" srcset=\"https:\/\/neuropathyreliefmiami.com\/wp-content\/uploads\/2025\/01\/dr-alfonso-neuropathy-treatment-protocol-pulsed-electromagnetic-field-therapy-pemf-for-peripheral-neuropathy-7.webp 500w, https:\/\/neuropathyreliefmiami.com\/wp-content\/uploads\/2025\/01\/dr-alfonso-neuropathy-treatment-protocol-pulsed-electromagnetic-field-therapy-pemf-for-peripheral-neuropathy-7-300x300.webp 300w, https:\/\/neuropathyreliefmiami.com\/wp-content\/uploads\/2025\/01\/dr-alfonso-neuropathy-treatment-protocol-pulsed-electromagnetic-field-therapy-pemf-for-peripheral-neuropathy-7-150x150.webp 150w\" sizes=\"auto, (max-width: 500px) 100vw, 500px\" \/><\/figure>\n\n\n\n<div style=\"height:23px\" aria-hidden=\"true\" class=\"wp-block-spacer\"><\/div>\n\n\n\n<h3 class=\"wp-block-heading\"><strong><strong>6. No invasiva y segura<\/strong><\/strong><\/h3>\n\n\n\n<p>A diferencia de las opciones quir\u00fargicas o los medicamentos fuertes, la terapia de vibraci\u00f3n es un enfoque no invasivo y libre de f\u00e1rmacos, con efectos secundarios m\u00ednimos, lo que la hace adecuada para un uso a largo plazo.<\/p>\n<\/div>\n<\/div>\n\n\n\n<div style=\"height:23px\" aria-hidden=\"true\" class=\"wp-block-spacer\"><\/div>\n\n\n\n<h2 class=\"wp-block-heading has-text-align-left\"><strong>Evidencia cient\u00edfica que la respalda para la neuropat\u00eda<\/strong><\/h2>\n\n\n\n<h3 class=\"wp-block-heading has-text-align-left\"><strong>Estudios cl\u00ednicos<\/strong><\/h3>\n\n\n\n<p class=\"has-text-align-left\">Las investigaciones han demostrado la efectividad de la terapia de vibraci\u00f3n para la neuropat\u00eda:<\/p>\n\n\n\n<div class=\"wp-block-columns is-layout-flex wp-container-core-columns-is-layout-5 wp-block-columns-is-layout-flex\">\n<div class=\"wp-block-column is-layout-flow wp-block-column-is-layout-flow\">\n<figure class=\"wp-block-image size-full is-resized\"><img loading=\"lazy\" decoding=\"async\" width=\"500\" height=\"500\" src=\"http:\/\/neuropathyreliefmiami.com\/wp-content\/uploads\/2025\/01\/dr-alfonso-neuropathy-treatment-protocol-vibration-therapy-for-peripheral-neuropathy-30.webp\" alt=\"\" class=\"wp-image-2014\" style=\"width:150px\" srcset=\"https:\/\/neuropathyreliefmiami.com\/wp-content\/uploads\/2025\/01\/dr-alfonso-neuropathy-treatment-protocol-vibration-therapy-for-peripheral-neuropathy-30.webp 500w, https:\/\/neuropathyreliefmiami.com\/wp-content\/uploads\/2025\/01\/dr-alfonso-neuropathy-treatment-protocol-vibration-therapy-for-peripheral-neuropathy-30-300x300.webp 300w, https:\/\/neuropathyreliefmiami.com\/wp-content\/uploads\/2025\/01\/dr-alfonso-neuropathy-treatment-protocol-vibration-therapy-for-peripheral-neuropathy-30-150x150.webp 150w\" sizes=\"auto, (max-width: 500px) 100vw, 500px\" \/><\/figure>\n\n\n\n<div style=\"height:23px\" aria-hidden=\"true\" class=\"wp-block-spacer\"><\/div>\n\n\n\n<p class=\"has-text-align-left\"><strong>Neuropat\u00eda diab\u00e9tica<\/strong>: Los estudios muestran que la terapia de vibraci\u00f3n reduce el dolor y mejora la sensibilidad nerviosa en pacientes con neuropat\u00eda diab\u00e9tica.<\/p>\n<\/div>\n\n\n\n<div class=\"wp-block-column is-layout-flow wp-block-column-is-layout-flow\">\n<figure class=\"wp-block-image size-full is-resized\"><img loading=\"lazy\" decoding=\"async\" width=\"500\" height=\"500\" src=\"http:\/\/neuropathyreliefmiami.com\/wp-content\/uploads\/2025\/01\/dr-alfonso-neuropathy-treatment-protocol-vibration-therapy-for-peripheral-neuropathy-31.webp\" alt=\"\" class=\"wp-image-2015\" style=\"width:150px\" srcset=\"https:\/\/neuropathyreliefmiami.com\/wp-content\/uploads\/2025\/01\/dr-alfonso-neuropathy-treatment-protocol-vibration-therapy-for-peripheral-neuropathy-31.webp 500w, https:\/\/neuropathyreliefmiami.com\/wp-content\/uploads\/2025\/01\/dr-alfonso-neuropathy-treatment-protocol-vibration-therapy-for-peripheral-neuropathy-31-300x300.webp 300w, https:\/\/neuropathyreliefmiami.com\/wp-content\/uploads\/2025\/01\/dr-alfonso-neuropathy-treatment-protocol-vibration-therapy-for-peripheral-neuropathy-31-150x150.webp 150w\" sizes=\"auto, (max-width: 500px) 100vw, 500px\" \/><\/figure>\n\n\n\n<div style=\"height:23px\" aria-hidden=\"true\" class=\"wp-block-spacer\"><\/div>\n\n\n\n<p class=\"has-text-align-left\"><strong>Neuropat\u00eda inducida por quimioterapia<\/strong>: Los pacientes en tratamiento contra el c\u00e1ncer han reportado una mejora en los s\u00edntomas y en su calidad de vida despu\u00e9s de utilizar la terapia de vibraci\u00f3n.<\/p>\n<\/div>\n\n\n\n<div class=\"wp-block-column is-layout-flow wp-block-column-is-layout-flow\">\n<figure class=\"wp-block-image size-full is-resized\"><img loading=\"lazy\" decoding=\"async\" width=\"500\" height=\"500\" src=\"http:\/\/neuropathyreliefmiami.com\/wp-content\/uploads\/2025\/01\/dr-alfonso-neuropathy-treatment-protocol-vibration-therapy-for-peripheral-neuropathy-32.webp\" alt=\"\" class=\"wp-image-2016\" style=\"width:150px\" srcset=\"https:\/\/neuropathyreliefmiami.com\/wp-content\/uploads\/2025\/01\/dr-alfonso-neuropathy-treatment-protocol-vibration-therapy-for-peripheral-neuropathy-32.webp 500w, https:\/\/neuropathyreliefmiami.com\/wp-content\/uploads\/2025\/01\/dr-alfonso-neuropathy-treatment-protocol-vibration-therapy-for-peripheral-neuropathy-32-300x300.webp 300w, https:\/\/neuropathyreliefmiami.com\/wp-content\/uploads\/2025\/01\/dr-alfonso-neuropathy-treatment-protocol-vibration-therapy-for-peripheral-neuropathy-32-150x150.webp 150w\" sizes=\"auto, (max-width: 500px) 100vw, 500px\" \/><\/figure>\n\n\n\n<div style=\"height:23px\" aria-hidden=\"true\" class=\"wp-block-spacer\"><\/div>\n\n\n\n<p class=\"has-text-align-left\"><strong>Poblaciones de edad avanzada<\/strong>: Se ha demostrado que la terapia de vibraci\u00f3n de cuerpo completo mejora la circulaci\u00f3n, el equilibrio y la movilidad en adultos mayores con neuropat\u00eda.<\/p>\n<\/div>\n<\/div>\n\n\n\n<div style=\"height:23px\" aria-hidden=\"true\" class=\"wp-block-spacer\"><\/div>\n\n\n\n<h2 class=\"wp-block-heading\"><strong>Experimenta alivio de la neuropat\u00eda perif\u00e9rica<\/strong><\/h2>\n\n\n\n<p>La terapia de vibraci\u00f3n ofrece una soluci\u00f3n prometedora para el manejo de los s\u00edntomas de la neuropat\u00eda, desde el alivio del dolor y la mejora de la circulaci\u00f3n hasta el aumento del equilibrio y la movilidad. Al incorporar este tratamiento no invasivo y libre de f\u00e1rmacos en tu plan de cuidado, puedes dar pasos significativos hacia una mejor calidad de vida.<\/p>\n\n\n\n<p>Los pacientes que han integrado la terapia de vibraci\u00f3n en sus tratamientos a menudo reportan una reducci\u00f3n del dolor, un mejor equilibrio y una mayor movilidad, lo que les permite retomar sus actividades diarias con mayor facilidad.<\/p>\n\n\n\n<section id=\"wp-block-themeisle-blocks-advanced-columns-cb87630d\" class=\"wp-block-themeisle-blocks-advanced-columns alignfull has-1-columns has-desktop-equal-layout has-tablet-equal-layout has-mobile-equal-layout has-vertical-center has-dark-bg\"><div class=\"wp-block-themeisle-blocks-advanced-columns-overlay\"><\/div><div class=\"innerblocks-wrap\">\n<div id=\"wp-block-themeisle-blocks-advanced-column-a521c34e\" class=\"wp-block-themeisle-blocks-advanced-column\">\n<h2 class=\"wp-block-heading has-text-align-center has-text-color\" style=\"color:#fff200\">Ll\u00e1menos para una consulta gratuita<br><mark style=\"background-color:rgba(0, 0, 0, 0);color:#ffd900\" class=\"has-inline-color\"><br><a title=\"\" href=\"tel:\/\/+13052757475\">(305) 275-7475<\/a><\/mark><\/h2>\n\n\n\n<p class=\"has-text-align-center\">Solicita una consulta gratuita con el <strong><a href=\"\/es\/dr-rodolfo-alfonso\/\">Dr. Alfonso<\/a><\/strong> para saber c\u00f3mo puedes tratar de forma natural tus s\u00edntomas de Neuropat\u00eda sin procedimientos invasivos, cirug\u00eda ni medicamentos perjudiciales.<\/p>\n\n\n\n<p>S\u00edguenos en I<a href=\"https:\/\/www.instagram.com\/neuropathyreliefmiami\/\" target=\"_blank\" rel=\"noreferrer noopener\">nstagram<\/a>, <a href=\"https:\/\/www.facebook.com\/NeuropathyReliefMiami\" target=\"_blank\" rel=\"noreferrer noopener\">Facebook<\/a>, Y <a href=\"https:\/\/www.youtube.com\/channel\/UCYPTI-iMVVuO0uUdIIYD-HQ\" target=\"_blank\" rel=\"noreferrer noopener\">YouTube<\/a> para recibir actualizaciones, historias de \u00e9xito de pacientes y conocimientos expertos sobre el tratamiento de la neuropat\u00eda.<\/p>\n\n\n\n<div class=\"wp-block-buttons is-content-justification-center is-layout-flex wp-container-core-buttons-is-layout-1 wp-block-buttons-is-layout-flex\">\n<div class=\"wp-block-button is-style-primary\"><a class=\"wp-block-button__link has-text-color has-background has-link-color wp-element-button\" href=\"\/es\/mis-citas\/\" style=\"color:#080808;background-color:#ffd20a\">RESERVAR MI CONSULTA GRATUITA<\/a><\/div>\n<\/div>\n<\/div>\n<\/div><\/section>\n","protected":false},"excerpt":{"rendered":"<p>En el Centro de Alivio de la Neuropat\u00eda de Miami, nuestras terapias de vibraci\u00f3n ofrecen m\u00faltiples beneficios rehabilitativos. A continuaci\u00f3n, se presentan algunos de los efectos m\u00e1s terap\u00e9uticos que los pacientes con neuropat\u00eda perif\u00e9rica experimentan al utilizar la terapia de vibraci\u00f3n para la neuropat\u00eda, sin necesidad de f\u00e1rmacos ni cirug\u00eda, dentro del Protocolo de Tratamiento&hellip;&nbsp;<a href=\"https:\/\/neuropathyreliefmiami.com\/es\/terapia-de-vibracion\/\" rel=\"bookmark\">Read More &raquo;<span class=\"screen-reader-text\">Terapia de vibraci\u00f3n<\/span><\/a><\/p>\n","protected":false},"author":3,"featured_media":2122,"parent":0,"menu_order":0,"comment_status":"closed","ping_status":"closed","template":"","meta":{"neve_meta_sidebar":"","neve_meta_container":"","neve_meta_enable_content_width":"","neve_meta_content_width":0,"neve_meta_title_alignment":"","neve_meta_author_avatar":"","neve_post_elements_order":"","neve_meta_disable_header":"","neve_meta_disable_footer":"","neve_meta_disable_title":"on","neve_meta_reading_time":"","_themeisle_gutenberg_block_has_review":false,"footnotes":""},"class_list":["post-2407","page","type-page","status-publish","has-post-thumbnail","hentry"],"_links":{"self":[{"href":"https:\/\/neuropathyreliefmiami.com\/es\/wp-json\/wp\/v2\/pages\/2407","targetHints":{"allow":["GET"]}}],"collection":[{"href":"https:\/\/neuropathyreliefmiami.com\/es\/wp-json\/wp\/v2\/pages"}],"about":[{"href":"https:\/\/neuropathyreliefmiami.com\/es\/wp-json\/wp\/v2\/types\/page"}],"author":[{"embeddable":true,"href":"https:\/\/neuropathyreliefmiami.com\/es\/wp-json\/wp\/v2\/users\/3"}],"replies":[{"embeddable":true,"href":"https:\/\/neuropathyreliefmiami.com\/es\/wp-json\/wp\/v2\/comments?post=2407"}],"version-history":[{"count":6,"href":"https:\/\/neuropathyreliefmiami.com\/es\/wp-json\/wp\/v2\/pages\/2407\/revisions"}],"predecessor-version":[{"id":8844,"href":"https:\/\/neuropathyreliefmiami.com\/es\/wp-json\/wp\/v2\/pages\/2407\/revisions\/8844"}],"wp:featuredmedia":[{"embeddable":true,"href":"https:\/\/neuropathyreliefmiami.com\/es\/wp-json\/wp\/v2\/media\/2122"}],"wp:attachment":[{"href":"https:\/\/neuropathyreliefmiami.com\/es\/wp-json\/wp\/v2\/media?parent=2407"}],"curies":[{"name":"wp","href":"https:\/\/api.w.org\/{rel}","templated":true}]}}