{"id":2400,"date":"2024-12-26T12:33:13","date_gmt":"2024-12-26T12:33:13","guid":{"rendered":"https:\/\/neuropathyreliefmiami.com\/dr-alfonso-neuropathy-treatment-protocol-back-on-trac-decompression-therapy-for-compressive-neuropathy-treatment\/"},"modified":"2025-03-07T17:43:33","modified_gmt":"2025-03-07T17:43:33","slug":"back-on-trac","status":"publish","type":"page","link":"https:\/\/neuropathyreliefmiami.com\/es\/back-on-trac\/","title":{"rendered":"Back on Trac: Protocolo de Tratamiento para la Neuropat\u00eda del Dr. Alfonso &#8211; Terapia de Descompresi\u00f3n para el Tratamiento de la Neuropat\u00eda Compresiva."},"content":{"rendered":"\n<section id=\"wp-block-themeisle-blocks-advanced-columns-03d78f51\" class=\"wp-block-themeisle-blocks-advanced-columns alignfull has-1-columns has-desktop-equal-layout has-tablet-equal-layout has-mobile-equal-layout has-vertical-flex-start has-dark-bg\"><div class=\"wp-block-themeisle-blocks-advanced-columns-overlay\"><\/div><div class=\"innerblocks-wrap\">\n<div id=\"wp-block-themeisle-blocks-advanced-column-f5ef6035\" class=\"wp-block-themeisle-blocks-advanced-column\">\n<section id=\"wp-block-themeisle-blocks-advanced-columns-5822b2d4\" class=\"wp-block-themeisle-blocks-advanced-columns has-2-columns has-desktop-equal-layout has-tablet-equal-layout has-mobile-collapsedRows-layout has-vertical-flex-start\"><div class=\"wp-block-themeisle-blocks-advanced-columns-overlay\"><\/div><div class=\"innerblocks-wrap\">\n<div id=\"wp-block-themeisle-blocks-advanced-column-0cf7416b\" class=\"wp-block-themeisle-blocks-advanced-column\">\n<h2 id=\"wp-block-themeisle-blocks-advanced-heading-fb3c7a39\" class=\"wp-block-themeisle-blocks-advanced-heading wp-block-themeisle-blocks-advanced-heading-fb3c7a39\"><strong> Back on Trac: Terapia de Descompresi\u00f3n para el Tratamiento de la Neuropat\u00eda por Compresi\u00f3n<\/strong><\/h2>\n\n\n\n<p class=\"has-text-color\" style=\"color:#ffffff\"><\/p>\n<\/div>\n\n\n\n<div id=\"wp-block-themeisle-blocks-advanced-column-5e5524c8\" class=\"wp-block-themeisle-blocks-advanced-column\">\n<figure class=\"wp-block-embed is-type-video is-provider-youtube wp-block-embed-youtube wp-embed-aspect-16-9 wp-has-aspect-ratio\"><div class=\"wp-block-embed__wrapper\">\n<div class=\"nv-iframe-embed\"><div class=\"container-lazyload preview-lazyload container-youtube js-lazyload--not-loaded\"><a href=\"https:\/\/www.youtube.com\/watch?v=ffViRaQsvMw\" class=\"lazy-load-youtube preview-lazyload preview-youtube\" data-video-title=\"Dr. Alfonso\u2019s Neuropathy Treatment Protocol 2023, Neuropathy Pain Relief!\" title=\"Play video &quot;Dr. Alfonso\u2019s Neuropathy Treatment Protocol 2023, Neuropathy Pain Relief!&quot;\" target=\"_blank\" rel=\"noopener\">https:\/\/www.youtube.com\/watch?v=ffViRaQsvMw<\/a><noscript>Video can&#8217;t be loaded because JavaScript is disabled: <a href=\"https:\/\/www.youtube.com\/watch?v=ffViRaQsvMw\" title=\"Dr. Alfonso\u2019s Neuropathy Treatment Protocol 2023, Neuropathy Pain Relief!\" target=\"_blank\" rel=\"noopener\">Dr. Alfonso\u2019s Neuropathy Treatment Protocol 2023, Neuropathy Pain Relief! (https:\/\/www.youtube.com\/watch?v=ffViRaQsvMw)<\/a><\/noscript><\/div><\/div>\n<\/div><\/figure>\n\n\n\n<p class=\"has-white-color has-text-color\"><\/p>\n<\/div>\n<\/div><\/section>\n<\/div>\n<\/div><\/section>\n\n\n\n<div style=\"height:38px\" aria-hidden=\"true\" class=\"wp-block-spacer\"><\/div>\n\n\n\n<div class=\"wp-block-columns is-layout-flex wp-container-core-columns-is-layout-1 wp-block-columns-is-layout-flex\">\n<div class=\"wp-block-column is-layout-flow wp-block-column-is-layout-flow\">\n<figure class=\"wp-block-embed is-type-video is-provider-youtube wp-block-embed-youtube wp-embed-aspect-16-9 wp-has-aspect-ratio\"><div class=\"wp-block-embed__wrapper\">\n<div class=\"nv-iframe-embed\"><div class=\"container-lazyload preview-lazyload container-youtube js-lazyload--not-loaded\"><a href=\"https:\/\/www.youtube.com\/watch?v=xv-t27rU_wg\" class=\"lazy-load-youtube preview-lazyload preview-youtube\" data-video-title=\"Back on Track Decompression - Neuropathy Relief Miami\" title=\"Play video &quot;Back on Track Decompression - Neuropathy Relief Miami&quot;\" target=\"_blank\" rel=\"noopener\">https:\/\/www.youtube.com\/watch?v=xv-t27rU_wg<\/a><noscript>Video can&#8217;t be loaded because JavaScript is disabled: <a href=\"https:\/\/www.youtube.com\/watch?v=xv-t27rU_wg\" title=\"Back on Track Decompression - Neuropathy Relief Miami\" target=\"_blank\" rel=\"noopener\">Back on Track Decompression &#8211; Neuropathy Relief Miami (https:\/\/www.youtube.com\/watch?v=xv-t27rU_wg)<\/a><\/noscript><\/div><\/div>\n<\/div><\/figure>\n<\/div>\n\n\n\n<div class=\"wp-block-column is-layout-flow wp-block-column-is-layout-flow\">\n<div style=\"height:13px\" aria-hidden=\"true\" class=\"wp-block-spacer\"><\/div>\n\n\n\n<p>La <strong>neuropat\u00eda por compresi\u00f3n<\/strong>\u2014causada por nervios pellizcados o comprimidos\u2014puede generar s\u00edntomas debilitantes, como dolor, entumecimiento, hormigueo y debilidad. Los tratamientos tradicionales a menudo se centran en el manejo de los s\u00edntomas, en lugar de abordar la causa subyacente. El <strong>Protocolo de Tratamiento para la Neuropat\u00eda del Dr. Alfonso<\/strong> utiliza la <strong>terapia de descompresi\u00f3n Back on Trac<\/strong> en las formas de neuropat\u00eda perif\u00e9rica por compresi\u00f3n como una soluci\u00f3n <strong>no invasiva y efectiva<\/strong> para descomprimir los nervios, restaurar la funci\u00f3n y aliviar el dolor.<\/p>\n<\/div>\n<\/div>\n\n\n\n<p>La <strong>terapia de descompresi\u00f3n Back on Trac<\/strong> rehabilita las <strong>protrusiones de discos espinales dolorosas, abultamientos, hernias, degeneraci\u00f3n y estenosis<\/strong> presentes en las formas de neuropat\u00eda perif\u00e9rica por compresi\u00f3n.<\/p>\n\n\n\n<p><strong>Back on Trac<\/strong> aumenta la <strong>nutrici\u00f3n y la hidrataci\u00f3n<\/strong> del disco espinal da\u00f1ado y promueve la <strong>sanaci\u00f3n de los nervios perif\u00e9ricos da\u00f1ados<\/strong> en las formas mec\u00e1nicas o de compresi\u00f3n de la neuropat\u00eda perif\u00e9rica.<\/p>\n\n\n\n<p><\/p>\n\n\n\n<h2 class=\"wp-block-heading\"><strong><strong>Comprendiendo la Neuropat\u00eda por Compresi\u00f3n<\/strong><\/strong><\/h2>\n\n\n\n<p>La <strong>neuropat\u00eda por compresi\u00f3n<\/strong> ocurre cuando un nervio es <strong>pellizcado o comprimido<\/strong> por los tejidos circundantes, como huesos, m\u00fasculos o ligamentos. Esta compresi\u00f3n interrumpe la funci\u00f3n normal del nervio, lo que lleva a <strong>s\u00edntomas inc\u00f3modos<\/strong> y, a veces, <strong>debilitantes<\/strong>.<br><\/p>\n\n\n\n<div class=\"wp-block-columns is-layout-flex wp-container-core-columns-is-layout-2 wp-block-columns-is-layout-flex\">\n<div class=\"wp-block-column is-layout-flow wp-block-column-is-layout-flow\">\n<figure class=\"wp-block-image size-full is-resized\"><img loading=\"lazy\" decoding=\"async\" width=\"500\" height=\"500\" src=\"http:\/\/neuropathyreliefmiami.com\/wp-content\/uploads\/2025\/01\/dr-alfonso-neuropathy-treatment-protocol-back-on-trac-decompression-therapy-for-compressive-neuropathy-treatment-7.webp\" alt=\"\" class=\"wp-image-1687\" style=\"width:200px\" srcset=\"https:\/\/neuropathyreliefmiami.com\/wp-content\/uploads\/2025\/01\/dr-alfonso-neuropathy-treatment-protocol-back-on-trac-decompression-therapy-for-compressive-neuropathy-treatment-7.webp 500w, https:\/\/neuropathyreliefmiami.com\/wp-content\/uploads\/2025\/01\/dr-alfonso-neuropathy-treatment-protocol-back-on-trac-decompression-therapy-for-compressive-neuropathy-treatment-7-300x300.webp 300w, https:\/\/neuropathyreliefmiami.com\/wp-content\/uploads\/2025\/01\/dr-alfonso-neuropathy-treatment-protocol-back-on-trac-decompression-therapy-for-compressive-neuropathy-treatment-7-150x150.webp 150w\" sizes=\"auto, (max-width: 500px) 100vw, 500px\" \/><\/figure>\n\n\n\n<div style=\"height:8px\" aria-hidden=\"true\" class=\"wp-block-spacer\"><\/div>\n\n\n\n<h2 class=\"wp-block-heading has-text-align-left\"><strong><strong>Causas Comunes de la Neuropat\u00eda por Compresi\u00f3n<\/strong><\/strong><\/h2>\n\n\n\n<ul class=\"wp-block-list\">\n<li><strong>Discos Herniados:<\/strong> Material del disco presionando los nervios espinales.<\/li>\n\n\n\n<li><strong>Estenosis Espinal:<\/strong> Estrechamiento del canal espinal que comprime las ra\u00edces nerviosas.<\/li>\n\n\n\n<li><strong>S\u00edndrome del T\u00fanel Carpiano:<\/strong> Compresi\u00f3n del nervio mediano en la mu\u00f1eca.<\/li>\n\n\n\n<li><strong>Ci\u00e1tica:<\/strong> Compresi\u00f3n del nervio ci\u00e1tico, causando dolor en la pierna.<\/li>\n\n\n\n<li><strong>Lesiones por Esfuerzo Repetitivo:<\/strong> Uso excesivo de m\u00fasculos y tendones que lleva a atrapamiento de nervios.<\/li>\n<\/ul>\n<\/div>\n\n\n\n<div class=\"wp-block-column is-layout-flow wp-block-column-is-layout-flow\">\n<figure class=\"wp-block-image size-full is-resized\"><img loading=\"lazy\" decoding=\"async\" width=\"500\" height=\"500\" src=\"http:\/\/neuropathyreliefmiami.com\/wp-content\/uploads\/2025\/01\/dr-alfonso-neuropathy-treatment-protocol-back-on-trac-decompression-therapy-for-compressive-neuropathy-treatment-8.webp\" alt=\"\" class=\"wp-image-1689\" style=\"width:200px\" srcset=\"https:\/\/neuropathyreliefmiami.com\/wp-content\/uploads\/2025\/01\/dr-alfonso-neuropathy-treatment-protocol-back-on-trac-decompression-therapy-for-compressive-neuropathy-treatment-8.webp 500w, https:\/\/neuropathyreliefmiami.com\/wp-content\/uploads\/2025\/01\/dr-alfonso-neuropathy-treatment-protocol-back-on-trac-decompression-therapy-for-compressive-neuropathy-treatment-8-300x300.webp 300w, https:\/\/neuropathyreliefmiami.com\/wp-content\/uploads\/2025\/01\/dr-alfonso-neuropathy-treatment-protocol-back-on-trac-decompression-therapy-for-compressive-neuropathy-treatment-8-150x150.webp 150w\" sizes=\"auto, (max-width: 500px) 100vw, 500px\" \/><\/figure>\n\n\n\n<div style=\"height:8px\" aria-hidden=\"true\" class=\"wp-block-spacer\"><\/div>\n\n\n\n<h2 class=\"wp-block-heading has-text-align-left\"><strong><strong>S\u00edntomas de la Neuropat\u00eda por Compresi\u00f3n<\/strong><\/strong><\/h2>\n\n\n\n<ul class=\"wp-block-list\">\n<li><strong>Dolor persistente o agudo<\/strong> que irradia a lo largo del nervio afectado.<\/li>\n\n\n\n<li><strong>Hormigueo <\/strong>o sensaci\u00f3n de \u00ab<strong>alfileres y agujas\u00bb<\/strong><\/li>\n\n\n\n<li><strong>Entumecimiento<\/strong> en el \u00e1rea afectada.<\/li>\n\n\n\n<li><strong>Debilidad o p\u00e9rdida de funci\u00f3n<\/strong> en los m\u00fasculos servidos por el nervio comprimido.<\/li>\n<\/ul>\n<\/div>\n<\/div>\n\n\n\n<h2 class=\"wp-block-heading\"><strong><strong>\u00bfQu\u00e9 es la Terapia de Descompresi\u00f3n Back on Trac?<\/strong><\/strong><\/h2>\n\n\n\n<h3 class=\"wp-block-heading\"><strong><strong>Una visi\u00f3n general de Back on Trac<\/strong><\/strong><\/h3>\n\n\n\n<p><strong>Back on Trac<\/strong> es un sistema terap\u00e9utico avanzado dise\u00f1ado para <strong>aliviar la compresi\u00f3n nerviosa<\/strong> sin cirug\u00eda ni medicamentos. Este sistema estira y descomprime suavemente la columna vertebral, abordando la <strong>causa ra\u00edz<\/strong> de la <strong>neuropat\u00eda por compresi\u00f3n<\/strong>.<\/p>\n\n\n\n<h3 class=\"wp-block-heading\"><strong><strong>\u00bfC\u00f3mo Funciona?<\/strong><\/strong><\/h3>\n\n\n\n<p><strong>Back on Trac<\/strong> utiliza una combinaci\u00f3n de:<\/p>\n\n\n\n<ul class=\"wp-block-list\">\n<li><strong>Descompresi\u00f3n Espinal Suave:<\/strong> Alivia la presi\u00f3n sobre los nervios comprimidos y mejora la <strong>alineaci\u00f3n de la columna vertebral.<\/strong><\/li>\n\n\n\n<li><strong>Terapia de Tracci\u00f3n Controlada:<\/strong> Estiramiento gradual de la columna para <strong>restaurar los caminos nerviosos.<\/strong><\/li>\n\n\n\n<li><strong>Configuraciones de Tratamiento Personalizables:<\/strong> Garantiza que la terapia se adapte a las <strong>necesidades<\/strong> y <strong>comodidad<\/strong> de cada paciente.<\/li>\n<\/ul>\n\n\n\n<p>Este enfoque hol\u00edstico ayuda a <strong>reducir la inflamaci\u00f3n, mejorar el flujo sangu\u00edneo<\/strong> y promover la <strong>sanaci\u00f3n de los nervios comprimidos.<\/strong><\/p>\n\n\n\n<h2 class=\"wp-block-heading\"><strong><strong><strong>Beneficios de Back on Trac para la Neuropat\u00eda por Compresi\u00f3n<\/strong><\/strong><\/strong><\/h2>\n\n\n\n<div class=\"wp-block-columns is-layout-flex wp-container-core-columns-is-layout-3 wp-block-columns-is-layout-flex\">\n<div class=\"wp-block-column is-layout-flow wp-block-column-is-layout-flow\">\n<figure class=\"wp-block-image size-full is-resized\"><img loading=\"lazy\" decoding=\"async\" width=\"500\" height=\"500\" src=\"http:\/\/neuropathyreliefmiami.com\/wp-content\/uploads\/2025\/01\/dr-alfonso-neuropathy-treatment-protocol-back-on-trac-decompression-therapy-for-compressive-neuropathy-treatment-1.webp\" alt=\"\" class=\"wp-image-1641\" style=\"width:200px\" srcset=\"https:\/\/neuropathyreliefmiami.com\/wp-content\/uploads\/2025\/01\/dr-alfonso-neuropathy-treatment-protocol-back-on-trac-decompression-therapy-for-compressive-neuropathy-treatment-1.webp 500w, https:\/\/neuropathyreliefmiami.com\/wp-content\/uploads\/2025\/01\/dr-alfonso-neuropathy-treatment-protocol-back-on-trac-decompression-therapy-for-compressive-neuropathy-treatment-1-300x300.webp 300w, https:\/\/neuropathyreliefmiami.com\/wp-content\/uploads\/2025\/01\/dr-alfonso-neuropathy-treatment-protocol-back-on-trac-decompression-therapy-for-compressive-neuropathy-treatment-1-150x150.webp 150w\" sizes=\"auto, (max-width: 500px) 100vw, 500px\" \/><\/figure>\n\n\n\n<div style=\"height:8px\" aria-hidden=\"true\" class=\"wp-block-spacer\"><\/div>\n\n\n\n<h3 class=\"wp-block-heading\"><strong>No invasivo y libre de f\u00e1rmacos<\/strong><\/h3>\n\n\n\n<p>Back on Trac proporciona alivio sin los riesgos asociados con la cirug\u00eda o los medicamentos. Los pacientes pueden evitar largos tiempos de recuperaci\u00f3n y posibles efectos secundarios.<\/p>\n<\/div>\n\n\n\n<div class=\"wp-block-column is-layout-flow wp-block-column-is-layout-flow\">\n<figure class=\"wp-block-image size-full is-resized\"><img loading=\"lazy\" decoding=\"async\" width=\"500\" height=\"500\" src=\"http:\/\/neuropathyreliefmiami.com\/wp-content\/uploads\/2025\/01\/dr-alfonso-neuropathy-treatment-protocol-back-on-trac-decompression-therapy-for-compressive-neuropathy-treatment-2.webp\" alt=\"\" class=\"wp-image-1643\" style=\"width:200px\" srcset=\"https:\/\/neuropathyreliefmiami.com\/wp-content\/uploads\/2025\/01\/dr-alfonso-neuropathy-treatment-protocol-back-on-trac-decompression-therapy-for-compressive-neuropathy-treatment-2.webp 500w, https:\/\/neuropathyreliefmiami.com\/wp-content\/uploads\/2025\/01\/dr-alfonso-neuropathy-treatment-protocol-back-on-trac-decompression-therapy-for-compressive-neuropathy-treatment-2-300x300.webp 300w, https:\/\/neuropathyreliefmiami.com\/wp-content\/uploads\/2025\/01\/dr-alfonso-neuropathy-treatment-protocol-back-on-trac-decompression-therapy-for-compressive-neuropathy-treatment-2-150x150.webp 150w\" sizes=\"auto, (max-width: 500px) 100vw, 500px\" \/><\/figure>\n\n\n\n<div style=\"height:8px\" aria-hidden=\"true\" class=\"wp-block-spacer\"><\/div>\n\n\n\n<h3 class=\"wp-block-heading\"><strong>Alivio inmediato de los s\u00edntomas<\/strong><\/h3>\n\n\n\n<p>Muchos pacientes reportan una reducci\u00f3n del dolor y una mejor movilidad despu\u00e9s de solo unas pocas sesiones, lo que lo convierte en una opci\u00f3n efectiva para quienes buscan un alivio r\u00e1pido.<\/p>\n<\/div>\n\n\n\n<div class=\"wp-block-column is-layout-flow wp-block-column-is-layout-flow\">\n<figure class=\"wp-block-image size-full is-resized\"><img loading=\"lazy\" decoding=\"async\" width=\"500\" height=\"500\" src=\"http:\/\/neuropathyreliefmiami.com\/wp-content\/uploads\/2025\/01\/dr-alfonso-neuropathy-treatment-protocol-back-on-trac-decompression-therapy-for-compressive-neuropathy-treatment-3.webp\" alt=\"\" class=\"wp-image-1644\" style=\"width:200px\" srcset=\"https:\/\/neuropathyreliefmiami.com\/wp-content\/uploads\/2025\/01\/dr-alfonso-neuropathy-treatment-protocol-back-on-trac-decompression-therapy-for-compressive-neuropathy-treatment-3.webp 500w, https:\/\/neuropathyreliefmiami.com\/wp-content\/uploads\/2025\/01\/dr-alfonso-neuropathy-treatment-protocol-back-on-trac-decompression-therapy-for-compressive-neuropathy-treatment-3-300x300.webp 300w, https:\/\/neuropathyreliefmiami.com\/wp-content\/uploads\/2025\/01\/dr-alfonso-neuropathy-treatment-protocol-back-on-trac-decompression-therapy-for-compressive-neuropathy-treatment-3-150x150.webp 150w\" sizes=\"auto, (max-width: 500px) 100vw, 500px\" \/><\/figure>\n\n\n\n<div style=\"height:8px\" aria-hidden=\"true\" class=\"wp-block-spacer\"><\/div>\n\n\n\n<h3 class=\"wp-block-heading\"><strong>Aborda las causas ra\u00edz<\/strong><\/h3>\n\n\n\n<p>A diferencia de los tratamientos que ocultan los s\u00edntomas, Back on Trac se enfoca en la compresi\u00f3n subyacente, promoviendo una recuperaci\u00f3n a largo plazo.<\/p>\n<\/div>\n<\/div>\n\n\n\n<div class=\"wp-block-columns is-layout-flex wp-container-core-columns-is-layout-4 wp-block-columns-is-layout-flex\">\n<div class=\"wp-block-column is-layout-flow wp-block-column-is-layout-flow\">\n<figure class=\"wp-block-image size-full is-resized\"><img loading=\"lazy\" decoding=\"async\" width=\"500\" height=\"500\" src=\"http:\/\/neuropathyreliefmiami.com\/wp-content\/uploads\/2025\/01\/dr-alfonso-neuropathy-treatment-protocol-back-on-trac-decompression-therapy-for-compressive-neuropathy-treatment-4.webp\" alt=\"\" class=\"wp-image-1645\" style=\"width:200px\" srcset=\"https:\/\/neuropathyreliefmiami.com\/wp-content\/uploads\/2025\/01\/dr-alfonso-neuropathy-treatment-protocol-back-on-trac-decompression-therapy-for-compressive-neuropathy-treatment-4.webp 500w, https:\/\/neuropathyreliefmiami.com\/wp-content\/uploads\/2025\/01\/dr-alfonso-neuropathy-treatment-protocol-back-on-trac-decompression-therapy-for-compressive-neuropathy-treatment-4-300x300.webp 300w, https:\/\/neuropathyreliefmiami.com\/wp-content\/uploads\/2025\/01\/dr-alfonso-neuropathy-treatment-protocol-back-on-trac-decompression-therapy-for-compressive-neuropathy-treatment-4-150x150.webp 150w\" sizes=\"auto, (max-width: 500px) 100vw, 500px\" \/><\/figure>\n\n\n\n<div style=\"height:8px\" aria-hidden=\"true\" class=\"wp-block-spacer\"><\/div>\n\n\n\n<h3 class=\"wp-block-heading\"><strong><strong>Mejora la circulaci\u00f3n<\/strong><\/strong><\/h3>\n\n\n\n<p>El aumento del flujo sangu\u00edneo en la zona afectada acelera la recuperaci\u00f3n y reduce la inflamaci\u00f3n alrededor de los nervios comprimidos.<\/p>\n<\/div>\n\n\n\n<div class=\"wp-block-column is-layout-flow wp-block-column-is-layout-flow\">\n<figure class=\"wp-block-image size-full is-resized\"><img loading=\"lazy\" decoding=\"async\" width=\"500\" height=\"500\" src=\"http:\/\/neuropathyreliefmiami.com\/wp-content\/uploads\/2025\/01\/dr-alfonso-neuropathy-treatment-protocol-back-on-trac-decompression-therapy-for-compressive-neuropathy-treatment-5.webp\" alt=\"\" class=\"wp-image-1646\" style=\"width:200px;height:auto\" srcset=\"https:\/\/neuropathyreliefmiami.com\/wp-content\/uploads\/2025\/01\/dr-alfonso-neuropathy-treatment-protocol-back-on-trac-decompression-therapy-for-compressive-neuropathy-treatment-5.webp 500w, https:\/\/neuropathyreliefmiami.com\/wp-content\/uploads\/2025\/01\/dr-alfonso-neuropathy-treatment-protocol-back-on-trac-decompression-therapy-for-compressive-neuropathy-treatment-5-300x300.webp 300w, https:\/\/neuropathyreliefmiami.com\/wp-content\/uploads\/2025\/01\/dr-alfonso-neuropathy-treatment-protocol-back-on-trac-decompression-therapy-for-compressive-neuropathy-treatment-5-150x150.webp 150w\" sizes=\"auto, (max-width: 500px) 100vw, 500px\" \/><\/figure>\n\n\n\n<div style=\"height:8px\" aria-hidden=\"true\" class=\"wp-block-spacer\"><\/div>\n\n\n\n<h3 class=\"wp-block-heading\"><strong><strong>Mayor movilidad y flexibilidad<\/strong><\/strong><\/h3>\n\n\n\n<p>La descompresi\u00f3n espinal mejora la salud de la columna, permitiendo un mejor movimiento y reduciendo la rigidez.<\/p>\n<\/div>\n\n\n\n<div class=\"wp-block-column is-layout-flow wp-block-column-is-layout-flow\">\n<figure class=\"wp-block-image size-full is-resized\"><img loading=\"lazy\" decoding=\"async\" width=\"500\" height=\"500\" src=\"http:\/\/neuropathyreliefmiami.com\/wp-content\/uploads\/2025\/01\/dr-alfonso-neuropathy-treatment-protocol-back-on-trac-decompression-therapy-for-compressive-neuropathy-treatment-6.webp\" alt=\"\" class=\"wp-image-1647\" style=\"width:200px\" srcset=\"https:\/\/neuropathyreliefmiami.com\/wp-content\/uploads\/2025\/01\/dr-alfonso-neuropathy-treatment-protocol-back-on-trac-decompression-therapy-for-compressive-neuropathy-treatment-6.webp 500w, https:\/\/neuropathyreliefmiami.com\/wp-content\/uploads\/2025\/01\/dr-alfonso-neuropathy-treatment-protocol-back-on-trac-decompression-therapy-for-compressive-neuropathy-treatment-6-300x300.webp 300w, https:\/\/neuropathyreliefmiami.com\/wp-content\/uploads\/2025\/01\/dr-alfonso-neuropathy-treatment-protocol-back-on-trac-decompression-therapy-for-compressive-neuropathy-treatment-6-150x150.webp 150w\" sizes=\"auto, (max-width: 500px) 100vw, 500px\" \/><\/figure>\n\n\n\n<div style=\"height:8px\" aria-hidden=\"true\" class=\"wp-block-spacer\"><\/div>\n\n\n\n<h3 class=\"wp-block-heading\"><strong><strong>Personalizable para diversas condiciones<\/strong><\/strong><\/h3>\n\n\n\n<p>Ya sea que est\u00e9s lidiando con ci\u00e1tica, hernias discales o estenosis espinal, Back on Trac puede adaptarse a tus necesidades espec\u00edficas.<\/p>\n<\/div>\n<\/div>\n\n\n\n<h2 class=\"wp-block-heading\"><strong>C\u00f3mo Back on Trac trata la neuropat\u00eda compresiva<\/strong><\/h2>\n\n\n\n<section id=\"wp-block-themeisle-blocks-advanced-columns-cb87630d\" class=\"wp-block-themeisle-blocks-advanced-columns alignfull has-1-columns has-desktop-equal-layout has-tablet-equal-layout has-mobile-equal-layout has-vertical-center has-dark-bg\"><div class=\"wp-block-themeisle-blocks-advanced-columns-overlay\"><\/div><div class=\"innerblocks-wrap\">\n<div id=\"wp-block-themeisle-blocks-advanced-column-a521c34e\" class=\"wp-block-themeisle-blocks-advanced-column\">\n<h2 class=\"wp-block-heading has-text-align-center has-text-color\" style=\"color:#fff200\">Ll\u00e1menos para una consulta gratuita<br><mark style=\"background-color:rgba(0, 0, 0, 0);color:#ffd900\" class=\"has-inline-color\"><br><a title=\"\" href=\"tel:\/\/+13052757475\">(305) 275-7475<\/a><\/mark><\/h2>\n\n\n\n<p class=\"has-text-align-center\">Solicita una consulta gratuita con el <strong><a href=\"\/es\/dr-rodolfo-alfonso\/\">Dr. Alfonso<\/a><\/strong> para saber c\u00f3mo puedes tratar de forma natural tus s\u00edntomas de Neuropat\u00eda sin procedimientos invasivos, cirug\u00eda ni medicamentos perjudiciales.<\/p>\n\n\n\n<p>S\u00edguenos en I<a href=\"https:\/\/www.instagram.com\/neuropathyreliefmiami\/\" target=\"_blank\" rel=\"noreferrer noopener\">nstagram<\/a>, <a href=\"https:\/\/www.facebook.com\/NeuropathyReliefMiami\" target=\"_blank\" rel=\"noreferrer noopener\">Facebook<\/a>, Y <a href=\"https:\/\/www.youtube.com\/channel\/UCYPTI-iMVVuO0uUdIIYD-HQ\" target=\"_blank\" rel=\"noreferrer noopener\">YouTube<\/a> para recibir actualizaciones, historias de \u00e9xito de pacientes y conocimientos expertos sobre el tratamiento de la neuropat\u00eda.<\/p>\n\n\n\n<div class=\"wp-block-buttons is-content-justification-center is-layout-flex wp-container-core-buttons-is-layout-1 wp-block-buttons-is-layout-flex\">\n<div class=\"wp-block-button is-style-primary\"><a class=\"wp-block-button__link has-text-color has-background has-link-color wp-element-button\" href=\"\/es\/mis-citas\/\" style=\"color:#080808;background-color:#ffd20a\">RESERVAR MI CONSULTA GRATUITA<\/a><\/div>\n<\/div>\n<\/div>\n<\/div><\/section>\n","protected":false},"excerpt":{"rendered":"<p>La neuropat\u00eda por compresi\u00f3n\u2014causada por nervios pellizcados o comprimidos\u2014puede generar s\u00edntomas debilitantes, como dolor, entumecimiento, hormigueo y debilidad. Los tratamientos tradicionales a menudo se centran en el manejo de los s\u00edntomas, en lugar de abordar la causa subyacente. El Protocolo de Tratamiento para la Neuropat\u00eda del Dr. Alfonso utiliza la terapia de descompresi\u00f3n Back on&hellip;&nbsp;<a href=\"https:\/\/neuropathyreliefmiami.com\/es\/back-on-trac\/\" rel=\"bookmark\">Read More &raquo;<span class=\"screen-reader-text\">Back on Trac: Protocolo de Tratamiento para la Neuropat\u00eda del Dr. Alfonso &#8211; Terapia de Descompresi\u00f3n para el Tratamiento de la Neuropat\u00eda Compresiva.<\/span><\/a><\/p>\n","protected":false},"author":3,"featured_media":2124,"parent":0,"menu_order":0,"comment_status":"closed","ping_status":"closed","template":"","meta":{"neve_meta_sidebar":"","neve_meta_container":"","neve_meta_enable_content_width":"","neve_meta_content_width":0,"neve_meta_title_alignment":"","neve_meta_author_avatar":"","neve_post_elements_order":"","neve_meta_disable_header":"","neve_meta_disable_footer":"","neve_meta_disable_title":"on","neve_meta_reading_time":"","_themeisle_gutenberg_block_has_review":false,"footnotes":""},"class_list":["post-2400","page","type-page","status-publish","has-post-thumbnail","hentry"],"_links":{"self":[{"href":"https:\/\/neuropathyreliefmiami.com\/es\/wp-json\/wp\/v2\/pages\/2400","targetHints":{"allow":["GET"]}}],"collection":[{"href":"https:\/\/neuropathyreliefmiami.com\/es\/wp-json\/wp\/v2\/pages"}],"about":[{"href":"https:\/\/neuropathyreliefmiami.com\/es\/wp-json\/wp\/v2\/types\/page"}],"author":[{"embeddable":true,"href":"https:\/\/neuropathyreliefmiami.com\/es\/wp-json\/wp\/v2\/users\/3"}],"replies":[{"embeddable":true,"href":"https:\/\/neuropathyreliefmiami.com\/es\/wp-json\/wp\/v2\/comments?post=2400"}],"version-history":[{"count":6,"href":"https:\/\/neuropathyreliefmiami.com\/es\/wp-json\/wp\/v2\/pages\/2400\/revisions"}],"predecessor-version":[{"id":8851,"href":"https:\/\/neuropathyreliefmiami.com\/es\/wp-json\/wp\/v2\/pages\/2400\/revisions\/8851"}],"wp:featuredmedia":[{"embeddable":true,"href":"https:\/\/neuropathyreliefmiami.com\/es\/wp-json\/wp\/v2\/media\/2124"}],"wp:attachment":[{"href":"https:\/\/neuropathyreliefmiami.com\/es\/wp-json\/wp\/v2\/media?parent=2400"}],"curies":[{"name":"wp","href":"https:\/\/api.w.org\/{rel}","templated":true}]}}