{"id":2376,"date":"2024-12-26T13:45:36","date_gmt":"2024-12-26T13:45:36","guid":{"rendered":"https:\/\/neuropathyreliefmiami.com\/dr-alfonso-neuropathy-treatment-protocol-pulsed-electromagnetic-field-therapy-pemf-for-peripheral-neuropathy\/"},"modified":"2025-03-07T16:54:00","modified_gmt":"2025-03-07T16:54:00","slug":"terapia-de-campo-electromagnetico-pulsado","status":"publish","type":"page","link":"https:\/\/neuropathyreliefmiami.com\/es\/terapia-de-campo-electromagnetico-pulsado\/","title":{"rendered":"Terapia de Campo Electromagn\u00e9tico Pulsado"},"content":{"rendered":"\n<section id=\"wp-block-themeisle-blocks-advanced-columns-03d78f51\" class=\"wp-block-themeisle-blocks-advanced-columns alignfull has-1-columns has-desktop-equal-layout has-tablet-equal-layout has-mobile-equal-layout has-vertical-flex-start has-dark-bg\"><div class=\"wp-block-themeisle-blocks-advanced-columns-overlay\"><\/div><div class=\"innerblocks-wrap\">\n<div id=\"wp-block-themeisle-blocks-advanced-column-f5ef6035\" class=\"wp-block-themeisle-blocks-advanced-column\">\n<section id=\"wp-block-themeisle-blocks-advanced-columns-5822b2d4\" class=\"wp-block-themeisle-blocks-advanced-columns has-2-columns has-desktop-equal-layout has-tablet-equal-layout has-mobile-collapsedRows-layout has-vertical-flex-start\"><div class=\"wp-block-themeisle-blocks-advanced-columns-overlay\"><\/div><div class=\"innerblocks-wrap\">\n<div id=\"wp-block-themeisle-blocks-advanced-column-0cf7416b\" class=\"wp-block-themeisle-blocks-advanced-column\">\n<h2 id=\"wp-block-themeisle-blocks-advanced-heading-347b1fe3\" class=\"wp-block-themeisle-blocks-advanced-heading wp-block-themeisle-blocks-advanced-heading-347b1fe3\"><strong>Protocolo de Tratamiento para la Neuropat\u00eda del Dr. Alfonso: Terapia de Campo Electromagn\u00e9tico Pulsado (PEMF) para la Neuropat\u00eda Perif\u00e9rica<\/strong><br><\/h2>\n\n\n\n<p class=\"has-text-color\" style=\"color:#ffffff\"><\/p>\n<\/div>\n\n\n\n<div id=\"wp-block-themeisle-blocks-advanced-column-5e5524c8\" class=\"wp-block-themeisle-blocks-advanced-column\">\n<figure class=\"wp-block-embed is-type-video is-provider-youtube wp-block-embed-youtube wp-embed-aspect-16-9 wp-has-aspect-ratio\"><div class=\"wp-block-embed__wrapper\">\n<div class=\"nv-iframe-embed\"><div class=\"container-lazyload preview-lazyload container-youtube js-lazyload--not-loaded\"><a href=\"https:\/\/www.youtube.com\/watch?v=ffViRaQsvMw\" class=\"lazy-load-youtube preview-lazyload preview-youtube\" data-video-title=\"Dr. Alfonso\u2019s Neuropathy Treatment Protocol 2023, Neuropathy Pain Relief!\" title=\"Play video &quot;Dr. Alfonso\u2019s Neuropathy Treatment Protocol 2023, Neuropathy Pain Relief!&quot;\" target=\"_blank\" rel=\"noopener\">https:\/\/www.youtube.com\/watch?v=ffViRaQsvMw<\/a><noscript>Video can&#8217;t be loaded because JavaScript is disabled: <a href=\"https:\/\/www.youtube.com\/watch?v=ffViRaQsvMw\" title=\"Dr. Alfonso\u2019s Neuropathy Treatment Protocol 2023, Neuropathy Pain Relief!\" target=\"_blank\" rel=\"noopener\">Dr. Alfonso\u2019s Neuropathy Treatment Protocol 2023, Neuropathy Pain Relief! (https:\/\/www.youtube.com\/watch?v=ffViRaQsvMw)<\/a><\/noscript><\/div><\/div>\n<\/div><\/figure>\n\n\n\n<p class=\"has-white-color has-text-color\"><\/p>\n<\/div>\n<\/div><\/section>\n<\/div>\n<\/div><\/section>\n\n\n\n<div style=\"height:34px\" aria-hidden=\"true\" class=\"wp-block-spacer\"><\/div>\n\n\n\n<div class=\"wp-block-columns is-layout-flex wp-container-core-columns-is-layout-1 wp-block-columns-is-layout-flex\">\n<div class=\"wp-block-column is-layout-flow wp-block-column-is-layout-flow\">\n<figure class=\"wp-block-embed is-type-video is-provider-youtube wp-block-embed-youtube wp-embed-aspect-16-9 wp-has-aspect-ratio\"><div class=\"wp-block-embed__wrapper\">\n<div class=\"nv-iframe-embed\"><div class=\"container-lazyload preview-lazyload container-youtube js-lazyload--not-loaded\"><a href=\"https:\/\/www.youtube.com\/watch?v=PtfbaCMvQO0\" class=\"lazy-load-youtube preview-lazyload preview-youtube\" data-video-title=\"Pulsed Electromagnetic Field Neuropathy Therapy (PEMF) - Neuropathy Relief Miami\" title=\"Play video &quot;Pulsed Electromagnetic Field Neuropathy Therapy (PEMF) - Neuropathy Relief Miami&quot;\" target=\"_blank\" rel=\"noopener\">https:\/\/www.youtube.com\/watch?v=PtfbaCMvQO0<\/a><noscript>Video can&#8217;t be loaded because JavaScript is disabled: <a href=\"https:\/\/www.youtube.com\/watch?v=PtfbaCMvQO0\" title=\"Pulsed Electromagnetic Field Neuropathy Therapy (PEMF) - Neuropathy Relief Miami\" target=\"_blank\" rel=\"noopener\">Pulsed Electromagnetic Field Neuropathy Therapy (PEMF) &#8211; Neuropathy Relief Miami (https:\/\/www.youtube.com\/watch?v=PtfbaCMvQO0)<\/a><\/noscript><\/div><\/div>\n<\/div><\/figure>\n<\/div>\n\n\n\n<div class=\"wp-block-column is-layout-flow wp-block-column-is-layout-flow\">\n<p><\/p>\n\n\n\n<p>La <strong>Terapia de Campo Electromagn\u00e9tico Pulsado (PEMF)<\/strong> es un tratamiento utilizado en el <strong>Protocolo de Tratamiento para la Neuropat\u00eda del Dr. Alfonso<\/strong>, que dirige <strong>potentes ondas de energ\u00eda pulsada<\/strong> hacia los tejidos da\u00f1ados o lesionados.<\/p>\n\n\n\n<p>Los pulsos de <strong>baja frecuencia<\/strong> atraviesan la piel y penetran profundamente en los m\u00fasculos, huesos, tendones y nervios, aumentando la energ\u00eda celular y estimulando sus mecanismos naturales de reparaci\u00f3n. Estas ondas son <strong>indoloras<\/strong> y pasan r\u00e1pidamente a trav\u00e9s de las c\u00e9lulas en la regi\u00f3n afectada, aumentando el giro de los electrones contenidos en ellas.<\/p>\n\n\n\n<p>Este incremento en la energ\u00eda celular <strong>ayuda a sanar los tejidos da\u00f1ados, aliviar el dolor y estimular el crecimiento celular.<\/strong><\/p>\n<\/div>\n<\/div>\n\n\n\n<h2 class=\"wp-block-heading has-text-align-left\"><strong><strong>Comprendiendo la Terapia de Campo Electromagn\u00e9tico Pulsado<\/strong><\/strong><\/h2>\n\n\n\n<p>La <strong>terapia PEMF<\/strong> es un tratamiento <strong>no invasivo<\/strong> que utiliza <strong>ondas electromagn\u00e9ticas de baja frecuencia<\/strong> para estimular la reparaci\u00f3n celular y mejorar la circulaci\u00f3n. Ha sido reconocida por su capacidad para <strong>potenciar los procesos naturales de curaci\u00f3n del cuerpo<\/strong> sin necesidad de medicamentos ni cirug\u00eda.<\/p>\n\n\n\n<div style=\"height:34px\" aria-hidden=\"true\" class=\"wp-block-spacer\"><\/div>\n\n\n\n<h2 class=\"wp-block-heading\"><strong><strong>\u00bfC\u00f3mo funciona la Terapia de Campo Electromagn\u00e9tico Pulsado<\/strong><\/strong> <strong><strong> para la neuropat\u00eda perif\u00e9rica?<\/strong><\/strong><\/h2>\n\n\n\n<p>Los dispositivos <strong>PEMF<\/strong> emiten <strong>campos electromagn\u00e9ticos<\/strong> que penetran en el cuerpo, actuando sobre las c\u00e9lulas y los tejidos. La terapia promueve:<\/p>\n\n\n\n<ul class=\"wp-block-list\">\n<li><strong>Mejora del flujo sangu\u00edneo<\/strong> en las \u00e1reas con da\u00f1o nervioso<\/li>\n\n\n\n<li>Reducci\u00f3n de la inflamaci\u00f3n<\/li>\n\n\n\n<li>Aumento en la producci\u00f3n de energ\u00eda celular<\/li>\n\n\n\n<li>Estimulaci\u00f3n de la reparaci\u00f3n y regeneraci\u00f3n nerviosa<\/li>\n<\/ul>\n\n\n\n<div style=\"height:34px\" aria-hidden=\"true\" class=\"wp-block-spacer\"><\/div>\n\n\n\n<h2 class=\"wp-block-heading\"><strong><strong>Los beneficios de la Terapia de Campo Electromagn\u00e9tico Pulsado para la neuropat\u00eda perif\u00e9rica<\/strong><\/strong><\/h2>\n\n\n\n<p>La <strong>terapia PEMF<\/strong> ofrece una variedad de beneficios para las personas que padecen <strong>neuropat\u00eda perif\u00e9rica<\/strong>. As\u00ed es como ayuda:<\/p>\n\n\n\n<div class=\"wp-block-columns is-layout-flex wp-container-core-columns-is-layout-2 wp-block-columns-is-layout-flex\">\n<div class=\"wp-block-column is-layout-flow wp-block-column-is-layout-flow\">\n<figure class=\"wp-block-image size-full is-resized\"><img loading=\"lazy\" decoding=\"async\" width=\"500\" height=\"500\" src=\"http:\/\/neuropathyreliefmiami.com\/wp-content\/uploads\/2025\/01\/dr-alfonso-neuropathy-treatment-protocol-pulsed-electromagnetic-field-therapy-pemf-for-peripheral-neuropathy-2.webp\" alt=\"\" class=\"wp-image-1744\" style=\"width:150px\" srcset=\"https:\/\/neuropathyreliefmiami.com\/wp-content\/uploads\/2025\/01\/dr-alfonso-neuropathy-treatment-protocol-pulsed-electromagnetic-field-therapy-pemf-for-peripheral-neuropathy-2.webp 500w, https:\/\/neuropathyreliefmiami.com\/wp-content\/uploads\/2025\/01\/dr-alfonso-neuropathy-treatment-protocol-pulsed-electromagnetic-field-therapy-pemf-for-peripheral-neuropathy-2-300x300.webp 300w, https:\/\/neuropathyreliefmiami.com\/wp-content\/uploads\/2025\/01\/dr-alfonso-neuropathy-treatment-protocol-pulsed-electromagnetic-field-therapy-pemf-for-peripheral-neuropathy-2-150x150.webp 150w\" sizes=\"auto, (max-width: 500px) 100vw, 500px\" \/><\/figure>\n\n\n\n<div style=\"height:11px\" aria-hidden=\"true\" class=\"wp-block-spacer\"><\/div>\n\n\n\n<h3 class=\"wp-block-heading\"><strong>1. Alivio del Dolor<\/strong><\/h3>\n\n\n\n<p>La terapia <strong>PEMF<\/strong> es ampliamente reconocida por su capacidad para <strong>reducir el dolor cr\u00f3nico<\/strong>. Los pulsos electromagn\u00e9ticos ayudan a disminuir las se\u00f1ales de dolor transmitidas por los nervios da\u00f1ados, proporcionando alivio.<\/p>\n<\/div>\n\n\n\n<div class=\"wp-block-column is-layout-flow wp-block-column-is-layout-flow\">\n<figure class=\"wp-block-image size-full is-resized\"><img loading=\"lazy\" decoding=\"async\" width=\"500\" height=\"500\" src=\"http:\/\/neuropathyreliefmiami.com\/wp-content\/uploads\/2025\/01\/dr-alfonso-neuropathy-treatment-protocol-pulsed-electromagnetic-field-therapy-pemf-for-peripheral-neuropathy-3.webp\" alt=\"\" class=\"wp-image-1746\" style=\"width:150px\" srcset=\"https:\/\/neuropathyreliefmiami.com\/wp-content\/uploads\/2025\/01\/dr-alfonso-neuropathy-treatment-protocol-pulsed-electromagnetic-field-therapy-pemf-for-peripheral-neuropathy-3.webp 500w, https:\/\/neuropathyreliefmiami.com\/wp-content\/uploads\/2025\/01\/dr-alfonso-neuropathy-treatment-protocol-pulsed-electromagnetic-field-therapy-pemf-for-peripheral-neuropathy-3-300x300.webp 300w, https:\/\/neuropathyreliefmiami.com\/wp-content\/uploads\/2025\/01\/dr-alfonso-neuropathy-treatment-protocol-pulsed-electromagnetic-field-therapy-pemf-for-peripheral-neuropathy-3-150x150.webp 150w\" sizes=\"auto, (max-width: 500px) 100vw, 500px\" \/><\/figure>\n\n\n\n<div style=\"height:11px\" aria-hidden=\"true\" class=\"wp-block-spacer\"><\/div>\n\n\n\n<h3 class=\"wp-block-heading\"><strong>2. Mejora de la Funci\u00f3n Nerviosa<\/strong><\/h3>\n\n\n\n<p>Al promover la <strong>regeneraci\u00f3n nerviosa<\/strong>, la terapia <strong>PEMF<\/strong> ayuda a restaurar la funci\u00f3n normal de los nervios. Esto es especialmente beneficioso para personas con <strong>neuropat\u00eda diab\u00e9tica<\/strong> o da\u00f1o nervioso inducido por la <strong>quimioterapia<\/strong>.<\/p>\n<\/div>\n\n\n\n<div class=\"wp-block-column is-layout-flow wp-block-column-is-layout-flow\">\n<figure class=\"wp-block-image size-full is-resized\"><img loading=\"lazy\" decoding=\"async\" width=\"500\" height=\"500\" src=\"http:\/\/neuropathyreliefmiami.com\/wp-content\/uploads\/2025\/01\/dr-alfonso-neuropathy-treatment-protocol-pulsed-electromagnetic-field-therapy-pemf-for-peripheral-neuropathy-4.webp\" alt=\"\" class=\"wp-image-1747\" style=\"width:150px\" srcset=\"https:\/\/neuropathyreliefmiami.com\/wp-content\/uploads\/2025\/01\/dr-alfonso-neuropathy-treatment-protocol-pulsed-electromagnetic-field-therapy-pemf-for-peripheral-neuropathy-4.webp 500w, https:\/\/neuropathyreliefmiami.com\/wp-content\/uploads\/2025\/01\/dr-alfonso-neuropathy-treatment-protocol-pulsed-electromagnetic-field-therapy-pemf-for-peripheral-neuropathy-4-300x300.webp 300w, https:\/\/neuropathyreliefmiami.com\/wp-content\/uploads\/2025\/01\/dr-alfonso-neuropathy-treatment-protocol-pulsed-electromagnetic-field-therapy-pemf-for-peripheral-neuropathy-4-150x150.webp 150w\" sizes=\"auto, (max-width: 500px) 100vw, 500px\" \/><\/figure>\n\n\n\n<div style=\"height:11px\" aria-hidden=\"true\" class=\"wp-block-spacer\"><\/div>\n\n\n\n<h3 class=\"wp-block-heading\">Reducci\u00f3n de la Inflamaci\u00f3n<\/h3>\n\n\n\n<p>La <strong>inflamaci\u00f3n<\/strong> suele agravar los s\u00edntomas de la neuropat\u00eda. La terapia <strong>PEMF<\/strong> <strong>reduce la inflamaci\u00f3n<\/strong> al mejorar la circulaci\u00f3n y disminuir la producci\u00f3n de <strong>marcadores inflamatorios<\/strong>.<\/p>\n<\/div>\n<\/div>\n\n\n\n<div class=\"wp-block-columns is-layout-flex wp-container-core-columns-is-layout-3 wp-block-columns-is-layout-flex\">\n<div class=\"wp-block-column is-layout-flow wp-block-column-is-layout-flow\">\n<figure class=\"wp-block-image size-full is-resized\"><img loading=\"lazy\" decoding=\"async\" width=\"500\" height=\"500\" src=\"http:\/\/neuropathyreliefmiami.com\/wp-content\/uploads\/2025\/01\/dr-alfonso-neuropathy-treatment-protocol-pulsed-electromagnetic-field-therapy-pemf-for-peripheral-neuropathy-5.webp\" alt=\"\" class=\"wp-image-1748\" style=\"width:150px\" srcset=\"https:\/\/neuropathyreliefmiami.com\/wp-content\/uploads\/2025\/01\/dr-alfonso-neuropathy-treatment-protocol-pulsed-electromagnetic-field-therapy-pemf-for-peripheral-neuropathy-5.webp 500w, https:\/\/neuropathyreliefmiami.com\/wp-content\/uploads\/2025\/01\/dr-alfonso-neuropathy-treatment-protocol-pulsed-electromagnetic-field-therapy-pemf-for-peripheral-neuropathy-5-300x300.webp 300w, https:\/\/neuropathyreliefmiami.com\/wp-content\/uploads\/2025\/01\/dr-alfonso-neuropathy-treatment-protocol-pulsed-electromagnetic-field-therapy-pemf-for-peripheral-neuropathy-5-150x150.webp 150w\" sizes=\"auto, (max-width: 500px) 100vw, 500px\" \/><\/figure>\n\n\n\n<div style=\"height:11px\" aria-hidden=\"true\" class=\"wp-block-spacer\"><\/div>\n\n\n\n<h3 class=\"wp-block-heading\">4<strong>. Mejora de la Circulaci\u00f3n<\/strong><\/h3>\n\n\n\n<p>Un mejor <strong>flujo sangu\u00edneo<\/strong> es esencial para suministrar <strong>nutrientes y ox\u00edgeno<\/strong> a los nervios da\u00f1ados. La terapia <strong>PEMF<\/strong> estimula la <strong>dilataci\u00f3n de los vasos sangu\u00edneos<\/strong>, favoreciendo el proceso de recuperaci\u00f3n.<\/p>\n<\/div>\n\n\n\n<div class=\"wp-block-column is-layout-flow wp-block-column-is-layout-flow\">\n<figure class=\"wp-block-image size-full is-resized\"><img loading=\"lazy\" decoding=\"async\" width=\"500\" height=\"500\" src=\"http:\/\/neuropathyreliefmiami.com\/wp-content\/uploads\/2025\/01\/dr-alfonso-neuropathy-treatment-protocol-pulsed-electromagnetic-field-therapy-pemf-for-peripheral-neuropathy-6.webp\" alt=\"\" class=\"wp-image-1749\" style=\"width:150px\" srcset=\"https:\/\/neuropathyreliefmiami.com\/wp-content\/uploads\/2025\/01\/dr-alfonso-neuropathy-treatment-protocol-pulsed-electromagnetic-field-therapy-pemf-for-peripheral-neuropathy-6.webp 500w, https:\/\/neuropathyreliefmiami.com\/wp-content\/uploads\/2025\/01\/dr-alfonso-neuropathy-treatment-protocol-pulsed-electromagnetic-field-therapy-pemf-for-peripheral-neuropathy-6-300x300.webp 300w, https:\/\/neuropathyreliefmiami.com\/wp-content\/uploads\/2025\/01\/dr-alfonso-neuropathy-treatment-protocol-pulsed-electromagnetic-field-therapy-pemf-for-peripheral-neuropathy-6-150x150.webp 150w\" sizes=\"auto, (max-width: 500px) 100vw, 500px\" \/><\/figure>\n\n\n\n<div style=\"height:11px\" aria-hidden=\"true\" class=\"wp-block-spacer\"><\/div>\n\n\n\n<h3 class=\"wp-block-heading\">5. <strong>No invasiva y libre de medicamentos<\/strong><\/h3>\n\n\n\n<p>A diferencia de los medicamentos, que pueden tener efectos secundarios, la terapia <strong>PEMF<\/strong> es una alternativa <strong>segura y libre de f\u00e1rmacos<\/strong> para el manejo de la neuropat\u00eda perif\u00e9rica.<\/p>\n<\/div>\n\n\n\n<div class=\"wp-block-column is-layout-flow wp-block-column-is-layout-flow\">\n<h3 class=\"wp-block-heading\"><\/h3>\n\n\n\n<p><\/p>\n<\/div>\n<\/div>\n\n\n\n<h2 class=\"wp-block-heading\"><strong><strong>Estudios cl\u00ednicos sobre la Terapia de Campo Electromagn\u00e9tico Pulsado para la neuropat\u00eda perif\u00e9rica<\/strong><\/strong><\/h2>\n\n\n\n<div class=\"wp-block-columns is-layout-flex wp-container-core-columns-is-layout-4 wp-block-columns-is-layout-flex\">\n<div class=\"wp-block-column is-layout-flow wp-block-column-is-layout-flow\">\n<p>Numerosos <strong>estudios cl\u00ednicos<\/strong> han destacado la <strong>eficacia de la terapia PEMF<\/strong> para la <strong>neuropat\u00eda perif\u00e9rica<\/strong>:<\/p>\n\n\n\n<p><strong>Estudios sobre Neuropat\u00eda Diab\u00e9tica:<\/strong> La investigaci\u00f3n demuestra que los tratamientos regulares con <strong>PEMF<\/strong> pueden <strong>reducir significativamente el dolor<\/strong> y mejorar la <strong>conducci\u00f3n nerviosa<\/strong> en pacientes con neuropat\u00eda diab\u00e9tica.<\/p>\n\n\n\n<p><strong>Recuperaci\u00f3n Post-Quimioterapia:<\/strong> Los pacientes que reciben <strong>terapia PEMF<\/strong> despu\u00e9s de la quimioterapia han reportado una <strong>disminuci\u00f3n del dolor neurop\u00e1tico<\/strong> y una <strong>recuperaci\u00f3n nerviosa m\u00e1s r\u00e1pida<\/strong>.<\/p>\n\n\n\n<p><strong>Investigaciones sobre Neuropat\u00eda General:<\/strong> Los estudios confirman que la <strong>terapia PEMF<\/strong> <strong>reduce la inflamaci\u00f3n<\/strong> y promueve la <strong>regeneraci\u00f3n nerviosa<\/strong> en diversos tipos de neuropat\u00eda.<\/p>\n<\/div>\n\n\n\n<div class=\"wp-block-column is-layout-flow wp-block-column-is-layout-flow\">\n<figure class=\"wp-block-image size-full is-resized\"><img loading=\"lazy\" decoding=\"async\" width=\"300\" height=\"300\" src=\"http:\/\/neuropathyreliefmiami.com\/wp-content\/uploads\/2024\/12\/pulsed-electromagnetic-field-therapy-pemf-1.webp\" alt=\"\" class=\"wp-image-965\" style=\"width:350px;height:auto\" srcset=\"https:\/\/neuropathyreliefmiami.com\/wp-content\/uploads\/2024\/12\/pulsed-electromagnetic-field-therapy-pemf-1.webp 300w, https:\/\/neuropathyreliefmiami.com\/wp-content\/uploads\/2024\/12\/pulsed-electromagnetic-field-therapy-pemf-1-150x150.webp 150w\" sizes=\"auto, (max-width: 300px) 100vw, 300px\" \/><\/figure>\n<\/div>\n<\/div>\n\n\n\n<h2 class=\"wp-block-heading\"><strong><strong>Adoptando la Terapia de Campo Electromagn\u00e9tico Pulsado para la Neuropat\u00eda Perif\u00e9rica<\/strong><\/strong><\/h2>\n\n\n\n<p>a <strong>neuropat\u00eda perif\u00e9rica<\/strong> puede afectar significativamente su calidad de vida, pero la <strong>terapia PEMF<\/strong> ofrece una alternativa esperanzadora. Al <strong>reducir el dolor, promover la reparaci\u00f3n nerviosa y mejorar la funci\u00f3n general de los nervios<\/strong>, la terapia <strong>PEMF<\/strong> representa una opci\u00f3n de tratamiento <strong>hol\u00edstica y efectiva<\/strong>.<\/p>\n\n\n\n<p>Ya sea que est\u00e9 enfrentando <strong>neuropat\u00eda diab\u00e9tica, da\u00f1o nervioso inducido por la quimioterapia<\/strong> u otras formas de neuropat\u00eda perif\u00e9rica, la <strong>terapia PEMF<\/strong> combinada con el <strong>Protocolo de Tratamiento para la Neuropat\u00eda del Dr. Alfonso<\/strong> podr\u00eda ser la soluci\u00f3n que ha estado buscando.<\/p>\n\n\n\n<section id=\"wp-block-themeisle-blocks-advanced-columns-cb87630d\" class=\"wp-block-themeisle-blocks-advanced-columns alignfull has-1-columns has-desktop-equal-layout has-tablet-equal-layout has-mobile-equal-layout has-vertical-center has-dark-bg\"><div class=\"wp-block-themeisle-blocks-advanced-columns-overlay\"><\/div><div class=\"innerblocks-wrap\">\n<div id=\"wp-block-themeisle-blocks-advanced-column-a521c34e\" class=\"wp-block-themeisle-blocks-advanced-column\">\n<h2 class=\"wp-block-heading has-text-align-center has-text-color\" style=\"color:#fff200\">Ll\u00e1menos para una consulta gratuita<br><mark style=\"background-color:rgba(0, 0, 0, 0);color:#ffd900\" class=\"has-inline-color\"><br><a title=\"\" href=\"tel:\/\/+13052757475\">(305) 275-7475<\/a><\/mark><\/h2>\n\n\n\n<p class=\"has-text-align-center\">Solicita una consulta gratuita con el <strong><a href=\"\/es\/dr-rodolfo-alfonso\/\">Dr. Alfonso<\/a><\/strong> para saber c\u00f3mo puedes tratar de forma natural tus s\u00edntomas de Neuropat\u00eda sin procedimientos invasivos, cirug\u00eda ni medicamentos perjudiciales.<\/p>\n\n\n\n<p>S\u00edguenos en I<a href=\"https:\/\/www.instagram.com\/neuropathyreliefmiami\/\" target=\"_blank\" rel=\"noreferrer noopener\">nstagram<\/a>, <a href=\"https:\/\/www.facebook.com\/NeuropathyReliefMiami\" target=\"_blank\" rel=\"noreferrer noopener\">Facebook<\/a>, Y <a href=\"https:\/\/www.youtube.com\/channel\/UCYPTI-iMVVuO0uUdIIYD-HQ\" target=\"_blank\" rel=\"noreferrer noopener\">YouTube<\/a> para recibir actualizaciones, historias de \u00e9xito de pacientes y conocimientos expertos sobre el tratamiento de la neuropat\u00eda.<\/p>\n\n\n\n<div class=\"wp-block-buttons is-content-justification-center is-layout-flex wp-container-core-buttons-is-layout-1 wp-block-buttons-is-layout-flex\">\n<div class=\"wp-block-button is-style-primary\"><a class=\"wp-block-button__link has-text-color has-background has-link-color wp-element-button\" href=\"\/es\/mis-citas\/\" style=\"color:#080808;background-color:#ffd20a\">RESERVAR MI CONSULTA GRATUITA<\/a><\/div>\n<\/div>\n<\/div>\n<\/div><\/section>\n","protected":false},"excerpt":{"rendered":"<p>La Terapia de Campo Electromagn\u00e9tico Pulsado (PEMF) es un tratamiento utilizado en el Protocolo de Tratamiento para la Neuropat\u00eda del Dr. Alfonso, que dirige potentes ondas de energ\u00eda pulsada hacia los tejidos da\u00f1ados o lesionados. Los pulsos de baja frecuencia atraviesan la piel y penetran profundamente en los m\u00fasculos, huesos, tendones y nervios, aumentando la&hellip;&nbsp;<a href=\"https:\/\/neuropathyreliefmiami.com\/es\/terapia-de-campo-electromagnetico-pulsado\/\" rel=\"bookmark\">Read More &raquo;<span class=\"screen-reader-text\">Terapia de Campo Electromagn\u00e9tico Pulsado<\/span><\/a><\/p>\n","protected":false},"author":3,"featured_media":2121,"parent":0,"menu_order":0,"comment_status":"closed","ping_status":"closed","template":"","meta":{"neve_meta_sidebar":"","neve_meta_container":"","neve_meta_enable_content_width":"","neve_meta_content_width":0,"neve_meta_title_alignment":"","neve_meta_author_avatar":"","neve_post_elements_order":"","neve_meta_disable_header":"","neve_meta_disable_footer":"","neve_meta_disable_title":"on","neve_meta_reading_time":"","_themeisle_gutenberg_block_has_review":false,"footnotes":""},"class_list":["post-2376","page","type-page","status-publish","has-post-thumbnail","hentry"],"_links":{"self":[{"href":"https:\/\/neuropathyreliefmiami.com\/es\/wp-json\/wp\/v2\/pages\/2376","targetHints":{"allow":["GET"]}}],"collection":[{"href":"https:\/\/neuropathyreliefmiami.com\/es\/wp-json\/wp\/v2\/pages"}],"about":[{"href":"https:\/\/neuropathyreliefmiami.com\/es\/wp-json\/wp\/v2\/types\/page"}],"author":[{"embeddable":true,"href":"https:\/\/neuropathyreliefmiami.com\/es\/wp-json\/wp\/v2\/users\/3"}],"replies":[{"embeddable":true,"href":"https:\/\/neuropathyreliefmiami.com\/es\/wp-json\/wp\/v2\/comments?post=2376"}],"version-history":[{"count":7,"href":"https:\/\/neuropathyreliefmiami.com\/es\/wp-json\/wp\/v2\/pages\/2376\/revisions"}],"predecessor-version":[{"id":8849,"href":"https:\/\/neuropathyreliefmiami.com\/es\/wp-json\/wp\/v2\/pages\/2376\/revisions\/8849"}],"wp:featuredmedia":[{"embeddable":true,"href":"https:\/\/neuropathyreliefmiami.com\/es\/wp-json\/wp\/v2\/media\/2121"}],"wp:attachment":[{"href":"https:\/\/neuropathyreliefmiami.com\/es\/wp-json\/wp\/v2\/media?parent=2376"}],"curies":[{"name":"wp","href":"https:\/\/api.w.org\/{rel}","templated":true}]}}