{"id":2354,"date":"2021-12-16T08:31:23","date_gmt":"2021-12-16T08:31:23","guid":{"rendered":"https:\/\/neuropathyreliefmiami.com\/contact-us\/"},"modified":"2025-03-10T12:01:27","modified_gmt":"2025-03-10T12:01:27","slug":"contactenos","status":"publish","type":"page","link":"https:\/\/neuropathyreliefmiami.com\/es\/contactenos\/","title":{"rendered":"Cont\u00e1ctenos"},"content":{"rendered":"\n<div class=\"wp-block-cover alignfull is-repeated\" style=\"min-height:20em;aspect-ratio:unset;\"><span aria-hidden=\"true\" class=\"wp-block-cover__background has-background-dim-100 has-background-dim\" style=\"background-color:#263469\"><\/span><div class=\"wp-block-cover__inner-container is-layout-flow wp-block-cover-is-layout-flow\">\n<div style=\"height:12px\" aria-hidden=\"true\" class=\"wp-block-spacer\"><\/div>\n\n\n\n<h1 class=\"wp-block-heading has-text-align-center has-nv-text-dark-bg-color has-text-color\">Cont\u00e1ctenos en Neuropathy Relief Miami<\/h1>\n\n\n\n<div style=\"height:20px\" aria-hidden=\"true\" class=\"wp-block-spacer\"><\/div>\n\n\n\n<div style=\"height:9px\" aria-hidden=\"true\" class=\"wp-block-spacer\"><\/div>\n<\/div><\/div>\n\n\n\n<p><\/p>\n\n\n\n<h3 class=\"wp-block-heading has-text-align-center has-nv-dark-bg-color has-text-color has-link-color wp-elements-dd31747a1517e0dfea909863f1495750\"><strong>Su Camino hacia el Alivio de la Neuropat\u00eda Comienza Aqu\u00ed<\/strong><\/h3>\n\n\n\n<p class=\"has-text-align-center has-nv-dark-bg-color has-text-color\">Programe su consulta gratuita con el Dr. Alfonso hoy mismo y descubra c\u00f3mo puede abordar sus s\u00edntomas de neuropat\u00eda de forma natural, sin recurrir a cirug\u00eda ni medicamentos da\u00f1inos.<\/p>\n\n\n\n<section id=\"wp-block-themeisle-blocks-advanced-columns-6013fee3\" class=\"wp-block-themeisle-blocks-advanced-columns alignfull has-3-columns has-desktop-equal-layout has-tablet-equal-layout has-mobile-collapsedRows-layout has-vertical-flex-start has-light-bg\"><div class=\"wp-block-themeisle-blocks-advanced-columns-overlay\"><\/div><div class=\"innerblocks-wrap\">\n<div id=\"wp-block-themeisle-blocks-advanced-column-1a42e736\" class=\"wp-block-themeisle-blocks-advanced-column\">\n<div id=\"wp-block-themeisle-blocks-font-awesome-icons-620480cc\" class=\"wp-block-themeisle-blocks-font-awesome-icons\"><span class=\"wp-block-themeisle-blocks-font-awesome-icons-container\"><i class=\"fas fa-map-marker-alt\"><\/i><\/span><\/div>\n\n\n\n<h3 class=\"wp-block-heading has-text-align-center\">Vis\u00edtenos<\/h3>\n\n\n\n<p class=\"has-text-align-center\"><strong><a href=\"https:\/\/maps.app.goo.gl\/AUVTYBsMs8UMMGtW6\" target=\"_blank\" rel=\"noopener\">8585 Sunset Dr, Ste 104, Miami, FL 33143<\/a><\/strong><\/p>\n<\/div>\n\n\n\n<div id=\"wp-block-themeisle-blocks-advanced-column-ea6d1956\" class=\"wp-block-themeisle-blocks-advanced-column\">\n<div id=\"wp-block-themeisle-blocks-font-awesome-icons-532d4370\" class=\"wp-block-themeisle-blocks-font-awesome-icons\"><span class=\"wp-block-themeisle-blocks-font-awesome-icons-container\"><i class=\"fas fa-phone-square-alt\"><\/i><\/span><\/div>\n\n\n\n<h3 class=\"wp-block-heading has-text-align-center\"><strong>Ll\u00e1menos<\/strong><\/h3>\n\n\n\n<p class=\"has-text-align-center\">Call us now at <br><strong><a href=\"tel:%2013052757475\">(305) 275-7475<\/a><\/strong><\/p>\n<\/div>\n\n\n\n<div id=\"wp-block-themeisle-blocks-advanced-column-86cb75d0\" class=\"wp-block-themeisle-blocks-advanced-column\">\n<div id=\"wp-block-themeisle-blocks-font-awesome-icons-f16d3a97\" class=\"wp-block-themeisle-blocks-font-awesome-icons\"><span class=\"wp-block-themeisle-blocks-font-awesome-icons-container\"><i class=\"fas fa-calendar-check\"><\/i><\/span><\/div>\n\n\n\n<h3 class=\"wp-block-heading has-text-align-center\"><strong>Reserve una cita<\/strong><\/h3>\n\n\n\n<p class=\"has-text-align-center\"><a><strong>info@neuropathyreliefmiami.com<\/strong><\/a><\/p>\n<\/div>\n<\/div><\/section>\n\n\n\n<div id=\"wp-block-themeisle-blocks-advanced-columns-a2946a77\" class=\"wp-block-themeisle-blocks-advanced-columns alignfull has-2-columns has-desktop-equal-layout has-tablet-equal-layout has-mobile-collapsedRows-layout has-vertical-center ticss-a2946a77 has-dark-bg\"><div class=\"wp-block-themeisle-blocks-advanced-columns-overlay\"><\/div><div class=\"innerblocks-wrap\">\n<div id=\"wp-block-themeisle-blocks-advanced-column-bbddf55b\" class=\"wp-block-themeisle-blocks-advanced-column\">\n<figure class=\"wp-block-image size-full is-resized\"><img decoding=\"async\" src=\"https:\/\/mycustomerdemo.com\/NRM2024\/wp-content\/uploads\/2024\/04\/contact-3.jpg\" alt=\"\" class=\"wp-image-818\" style=\"width:559px;height:auto\"\/><\/figure>\n<\/div>\n\n\n\n<div id=\"wp-block-themeisle-blocks-advanced-column-92b2db05\" class=\"wp-block-themeisle-blocks-advanced-column\">\n<h2 id=\"wp-block-themeisle-blocks-advanced-heading-8f1f2647\" class=\"wp-block-themeisle-blocks-advanced-heading wp-block-themeisle-blocks-advanced-heading-8f1f2647\"><strong>Agende en l\u00ednea:<\/strong><\/h2>\n\n\n\n<p class=\"has-white-color has-text-color\">Solicite una consulta gratuita con el Dr. Alfonso para aprender c\u00f3mo puede tratar de forma natural sus s\u00edntomas de neuropat\u00eda sin procedimientos invasivos, cirug\u00eda ni medicamentos perjudiciales.<\/p>\n\n\n\n<p class=\"has-white-color has-text-color\"><strong>Lunes:<\/strong> 8:30 AM \u2013 6:30 PM<br><strong>Martes:<\/strong> 1:30 PM \u2013 6:30 PM<br><strong>Mi\u00e9rcoles:<\/strong> 8:30 AM \u2013 6:30 PM<br><strong>Jueves:<\/strong> 8:30 AM \u2013 6:30 PM<br><strong>Viernes:<\/strong> 8:30 AM \u2013 12:30 PM<br><strong>S\u00e1bado:<\/strong> 8:30 AM \u2013 12:30 PM<br><strong>Domingo:<\/strong> Cerrado<\/p>\n\n\n\n<div class=\"wp-block-buttons is-layout-flex wp-block-buttons-is-layout-flex\">\n<div class=\"wp-block-button is-style-primary\"><a class=\"wp-block-button__link has-nv-dark-bg-color has-text-color has-background has-link-color wp-element-button\" style=\"background-color:#fec700\">AGENDAR CITA<\/a><\/div>\n<\/div>\n<\/div>\n<\/div><\/div>\n\n\n\n<p><\/p>\n\n\n\n<p>Ofrecemos nuestros Tratamientos para el Alivio del Dolor de Neuropat\u00eda en todo el sur de la Florida, atendiendo los condados de Miami-Dade y Broward, incluyendo South Miami, Kendall, Sunset, Pinecrest, Coral Gables, Doral, Sweetwater, Hialeah, Miami Beach, North Miami, Aventura, Hollywood, Miramar, Pembroke Pines y m\u00e1s. Tambi\u00e9n atendemos a pacientes de fuera de la ciudad o visitantes internacionales. Experimente un alivio efectivo del dolor y una mejor calidad de vida con nuestra atenci\u00f3n especializada.<strong> \u00a1Cont\u00e1ctenos hoy para agendar su visita!<\/strong><\/p>\n\n\n\n<section id=\"wp-block-themeisle-blocks-advanced-columns-cb87630d\" class=\"wp-block-themeisle-blocks-advanced-columns alignfull has-1-columns has-desktop-equal-layout has-tablet-equal-layout has-mobile-equal-layout has-vertical-center has-dark-bg\"><div class=\"wp-block-themeisle-blocks-advanced-columns-overlay\"><\/div><div class=\"innerblocks-wrap\">\n<div id=\"wp-block-themeisle-blocks-advanced-column-a521c34e\" class=\"wp-block-themeisle-blocks-advanced-column\">\n<h2 class=\"wp-block-heading has-text-align-center has-text-color\" style=\"color:#fff200\">Ll\u00e1menos para una consulta gratuita<br><mark style=\"background-color:rgba(0, 0, 0, 0);color:#ffd900\" class=\"has-inline-color\"><br><a title=\"\" href=\"tel:\/\/+13052757475\">(305) 275-7475<\/a><\/mark><\/h2>\n\n\n\n<p class=\"has-text-align-center\">Solicita una consulta gratuita con el Dr. Alfonso para saber c\u00f3mo puedes tratar de forma natural tus s\u00edntomas de Neuropat\u00eda sin procedimientos invasivos, cirug\u00eda ni medicamentos perjudiciales.<\/p>\n\n\n\n<div class=\"wp-block-buttons is-content-justification-center is-layout-flex wp-container-core-buttons-is-layout-2 wp-block-buttons-is-layout-flex\">\n<div class=\"wp-block-button is-style-primary\"><a class=\"wp-block-button__link has-text-color has-background has-link-color wp-element-button\" href=\"https:\/\/neuropathyreliefmiami.com\/appointment\/\" style=\"color:#080808;background-color:#ffd20a\">RESERVAR MI CONSULTA GRATUITA<\/a><\/div>\n<\/div>\n<\/div>\n<\/div><\/section>\n","protected":false},"excerpt":{"rendered":"<p>Su Camino hacia el Alivio de la Neuropat\u00eda Comienza Aqu\u00ed Programe su consulta gratuita con el Dr. Alfonso hoy mismo y descubra c\u00f3mo puede abordar sus s\u00edntomas de neuropat\u00eda de forma natural, sin recurrir a cirug\u00eda ni medicamentos da\u00f1inos. Ofrecemos nuestros Tratamientos para el Alivio del Dolor de Neuropat\u00eda en todo el sur de la&hellip;&nbsp;<a href=\"https:\/\/neuropathyreliefmiami.com\/es\/contactenos\/\" rel=\"bookmark\">Read More &raquo;<span class=\"screen-reader-text\">Cont\u00e1ctenos<\/span><\/a><\/p>\n","protected":false},"author":3,"featured_media":0,"parent":0,"menu_order":0,"comment_status":"closed","ping_status":"closed","template":"","meta":{"neve_meta_sidebar":"","neve_meta_container":"","neve_meta_enable_content_width":"","neve_meta_content_width":0,"neve_meta_title_alignment":"","neve_meta_author_avatar":"","neve_post_elements_order":"","neve_meta_disable_header":"off","neve_meta_disable_footer":"","neve_meta_disable_title":"on","neve_meta_reading_time":"","_themeisle_gutenberg_block_has_review":false,"footnotes":""},"class_list":["post-2354","page","type-page","status-publish","hentry"],"_links":{"self":[{"href":"https:\/\/neuropathyreliefmiami.com\/es\/wp-json\/wp\/v2\/pages\/2354","targetHints":{"allow":["GET"]}}],"collection":[{"href":"https:\/\/neuropathyreliefmiami.com\/es\/wp-json\/wp\/v2\/pages"}],"about":[{"href":"https:\/\/neuropathyreliefmiami.com\/es\/wp-json\/wp\/v2\/types\/page"}],"author":[{"embeddable":true,"href":"https:\/\/neuropathyreliefmiami.com\/es\/wp-json\/wp\/v2\/users\/3"}],"replies":[{"embeddable":true,"href":"https:\/\/neuropathyreliefmiami.com\/es\/wp-json\/wp\/v2\/comments?post=2354"}],"version-history":[{"count":3,"href":"https:\/\/neuropathyreliefmiami.com\/es\/wp-json\/wp\/v2\/pages\/2354\/revisions"}],"predecessor-version":[{"id":8866,"href":"https:\/\/neuropathyreliefmiami.com\/es\/wp-json\/wp\/v2\/pages\/2354\/revisions\/8866"}],"wp:attachment":[{"href":"https:\/\/neuropathyreliefmiami.com\/es\/wp-json\/wp\/v2\/media?parent=2354"}],"curies":[{"name":"wp","href":"https:\/\/api.w.org\/{rel}","templated":true}]}}