{"id":2348,"date":"2025-01-07T13:06:49","date_gmt":"2025-01-07T13:06:49","guid":{"rendered":"https:\/\/neuropathyreliefmiami.com\/intensive-neuropathy-care\/"},"modified":"2025-03-10T11:56:11","modified_gmt":"2025-03-10T11:56:11","slug":"atencion-intensiva-para-la-neuropatia","status":"publish","type":"page","link":"https:\/\/neuropathyreliefmiami.com\/es\/atencion-intensiva-para-la-neuropatia\/","title":{"rendered":"Atenci\u00f3n Intensiva para la Neuropat\u00eda"},"content":{"rendered":"\n<div id=\"wp-block-themeisle-blocks-advanced-columns-678cc482\" class=\"wp-block-themeisle-blocks-advanced-columns alignfull has-1-columns has-desktop-equal-layout has-tablet-equal-layout has-mobile-collapsedRows-layout has-reverse-columns-mobile has-vertical-bottom ticss-c00aadba has-dark-bg\"><div class=\"wp-block-themeisle-blocks-advanced-columns-overlay\"><\/div><div class=\"innerblocks-wrap\">\n<div id=\"wp-block-themeisle-blocks-advanced-column-4d412c51\" class=\"wp-block-themeisle-blocks-advanced-column\">\n<h2 id=\"wp-block-themeisle-blocks-advanced-heading-fb3c7a39\" class=\"wp-block-themeisle-blocks-advanced-heading wp-block-themeisle-blocks-advanced-heading-fb3c7a39\">Atenci\u00f3n Intensiva para la Neuropat\u00eda<\/h2>\n<\/div>\n<\/div><\/div>\n\n\n\n<div style=\"height:52px\" aria-hidden=\"true\" class=\"wp-block-spacer\"><\/div>\n\n\n\n<div class=\"wp-block-columns is-layout-flex wp-container-core-columns-is-layout-1 wp-block-columns-is-layout-flex\">\n<div class=\"wp-block-column is-layout-flow wp-block-column-is-layout-flow\" style=\"flex-basis:50%\">\n<figure class=\"wp-block-image size-full\"><img decoding=\"async\" src=\"https:\/\/mycustomerdemo.com\/NRM2024\/wp-content\/uploads\/2024\/06\/international-and-out-of-town-neuropathy-patients-6.webp\" alt=\"Intensive Neuropathy Care is a specialized treatment regimen designed for individuals suffering from Peripheral Neuropathy.\" class=\"wp-image-8727\"\/><\/figure>\n<\/div>\n\n\n\n<div class=\"wp-block-column is-vertically-aligned-center is-layout-flow wp-block-column-is-layout-flow\" style=\"flex-basis:50%\">\n<h2 class=\"wp-block-heading\"><strong>\u00bfQu\u00e9 es la Atenci\u00f3n Intensiva para la Neuropat\u00eda?<\/strong><\/h2>\n\n\n\n<p>La Atenci\u00f3n Intensiva para la Neuropat\u00eda consiste en tratar a un paciente durante 2 semanas, 2 veces al d\u00eda, 5 d\u00edas a la semana, para un total de 20 visitas de tratamiento. Los tiempos de tratamiento pueden variar entre 1 y 3 horas por sesi\u00f3n.  Atenci\u00f3n Intensiva para la Neuropat\u00eda<\/p>\n\n\n\n<p>El primer d\u00eda de la visita consistir\u00e1 en una consulta integral, examen especializado de neuropat\u00eda, radiograf\u00edas est\u00e1ticas y\/o de movimiento digital y un informe de los resultados.<\/p>\n<\/div>\n<\/div>\n\n\n\n<p>Despu\u00e9s de completar el tratamiento intensivo de atenci\u00f3n para la neuropat\u00eda en la cl\u00ednica, el paciente regresar\u00e1 a su hogar para realizar un programa de rehabilitaci\u00f3n en casa para la neuropat\u00eda durante 90-120 d\u00edas y luego regresar\u00e1 al Neuropathy Relief Center de Miami para un examen de seguimiento de neuropat\u00eda y, en algunos casos, posiblemente otra ronda de tratamiento.<\/p>\n\n\n\n<div style=\"height:29px\" aria-hidden=\"true\" class=\"wp-block-spacer\"><\/div>\n\n\n\n<div class=\"wp-block-columns is-layout-flex wp-container-core-columns-is-layout-2 wp-block-columns-is-layout-flex\">\n<div class=\"wp-block-column is-vertically-aligned-center is-layout-flow wp-block-column-is-layout-flow\" style=\"flex-basis:50%\">\n<h2 class=\"wp-block-heading\"><strong>\u00bfQui\u00e9n es un candidato para la Atenci\u00f3n Intensiva de Neuropat\u00eda?<\/strong><\/h2>\n\n\n\n<p>La Atenci\u00f3n Intensiva de la Columna fue desarrollada y dise\u00f1ada para ayudar a los pacientes que no viven localmente en Miami o dentro de 1 hora de nuestra cl\u00ednica. Tratamos a pacientes de todo Estados Unidos e internacionalmente. Todos los pacientes potenciales completar\u00e1n una consulta gratuita por Zoom y\/o una consulta telef\u00f3nica con el doctor para discutir su caso individual y revisar los diagn\u00f3sticos y registros necesarios. Dependiendo del caso, es posible que deba enviar registros y\/o diagn\u00f3sticos (radiograf\u00edas, resonancias magn\u00e9ticas, tomograf\u00edas) por correo electr\u00f3nico o correo postal antes de su consulta. Las instrucciones ser\u00e1n proporcionadas por un especialista en nuevos pacientes cuando llame al <strong><a href=\"tel:3052757474\">305-275-7474<\/a><\/strong> para programar o complete un formulario de solicitud de cita en l\u00ednea a trav\u00e9s de nuestro sitio web. Atenci\u00f3n Intensiva para la Neuropat\u00eda<\/p>\n<\/div>\n\n\n\n<div class=\"wp-block-column is-layout-flow wp-block-column-is-layout-flow\" style=\"flex-basis:50%\">\n<figure class=\"wp-block-image size-full\"><img decoding=\"async\" src=\"https:\/\/mycustomerdemo.com\/NRM2024\/wp-content\/uploads\/2024\/06\/international-and-out-of-town-neuropathy-patients-5.webp\" alt=\"Atenci\u00f3n Intensiva para la Neuropat\u00eda\n\" class=\"wp-image-8725\"\/><\/figure>\n<\/div>\n<\/div>\n\n\n\n<section id=\"services\" class=\"wp-block-themeisle-blocks-advanced-columns alignfull has-1-columns has-desktop-equal-layout has-tablet-equal-layout has-mobile-equal-layout has-vertical-flex-start has-dark-bg\"><div class=\"wp-block-themeisle-blocks-advanced-columns-overlay\"><\/div><div class=\"innerblocks-wrap\">\n<div id=\"wp-block-themeisle-blocks-advanced-column-9642dc3f\" class=\"wp-block-themeisle-blocks-advanced-column\">\n<section id=\"wp-block-themeisle-blocks-advanced-columns-62d68e08\" class=\"wp-block-themeisle-blocks-advanced-columns has-1-columns has-desktop-equal-layout has-tablet-equal-layout has-mobile-equal-layout has-vertical-flex-start\"><div class=\"wp-block-themeisle-blocks-advanced-columns-overlay\"><\/div><div class=\"innerblocks-wrap\">\n<div id=\"wp-block-themeisle-blocks-advanced-column-ba020b38\" class=\"wp-block-themeisle-blocks-advanced-column\">\n<h2 class=\"wp-block-heading has-text-align-center has-white-color has-text-color\"><strong>\u00bfQu\u00e9 s\u00edntomas se tratan con \u00e9xito con la Atenci\u00f3n Intensiva para la Neuropat\u00eda?<\/strong><\/h2>\n<\/div>\n<\/div><\/section>\n\n\n\n<div style=\"height:20px\" aria-hidden=\"true\" class=\"wp-block-spacer\"><\/div>\n\n\n\n<section id=\"wp-block-themeisle-blocks-advanced-columns-c568fbc0\" class=\"wp-block-themeisle-blocks-advanced-columns has-3-columns has-desktop-equal-layout has-tablet-equal-layout has-mobile-collapsedRows-layout has-vertical-flex-start\"><div class=\"wp-block-themeisle-blocks-advanced-columns-overlay\"><\/div><div class=\"innerblocks-wrap\">\n<div id=\"wp-block-themeisle-blocks-advanced-column-645429cb\" class=\"wp-block-themeisle-blocks-advanced-column\">\n<ul class=\"wp-block-list\">\n<li><strong>Dolores ardientes<\/strong><\/li>\n\n\n\n<li><strong>Dolores agudos<\/strong><\/li>\n\n\n\n<li><strong>Entumecimiento y hormigueo<\/strong><\/li>\n\n\n\n<li><strong>Incapacidad para sentir dolor o cambios de temperatura<\/strong><\/li>\n<\/ul>\n<\/div>\n\n\n\n<div id=\"wp-block-themeisle-blocks-advanced-column-46197171\" class=\"wp-block-themeisle-blocks-advanced-column\">\n<ul class=\"wp-block-list\">\n<li><strong>Mayor sensibilidad al tacto ligero<\/strong><\/li>\n\n\n\n<li><strong>Calambres y rigidez<\/strong><\/li>\n\n\n\n<li><strong>Pie ca\u00eddo<\/strong><\/li>\n\n\n\n<li><strong>Dificultad para mantenerse de pie y caminar<\/strong><\/li>\n<\/ul>\n<\/div>\n\n\n\n<div id=\"wp-block-themeisle-blocks-advanced-column-7465c66f\" class=\"wp-block-themeisle-blocks-advanced-column\">\n<ul class=\"wp-block-list\">\n<li><strong>P\u00e9rdida de equilibrio<\/strong><\/li>\n\n\n\n<li><strong>Debilidad muscular y atrofia<\/strong><\/li>\n\n\n\n<li><strong>\u00dalceras en los pies y descoloraci\u00f3n<\/strong><\/li>\n\n\n\n<li><strong>S\u00edndrome de piernas inquietas<\/strong><\/li>\n<\/ul>\n<\/div>\n<\/div><\/section>\n<\/div>\n<\/div><\/section>\n\n\n\n<section id=\"wp-block-themeisle-blocks-advanced-columns-ef44fa04\" class=\"wp-block-themeisle-blocks-advanced-columns alignfull has-1-columns has-desktop-equal-layout has-tablet-equal-layout has-mobile-equal-layout has-vertical-flex-start has-dark-bg\"><div class=\"wp-block-themeisle-blocks-advanced-columns-overlay\"><\/div><div class=\"innerblocks-wrap\">\n<div id=\"wp-block-themeisle-blocks-advanced-column-9c3707c9\" class=\"wp-block-themeisle-blocks-advanced-column\">\n<section id=\"wp-block-themeisle-blocks-advanced-columns-1ef5cf67\" class=\"wp-block-themeisle-blocks-advanced-columns has-1-columns has-desktop-equal-layout has-tablet-equal-layout has-mobile-equal-layout has-vertical-flex-start\"><div class=\"wp-block-themeisle-blocks-advanced-columns-overlay\"><\/div><div class=\"innerblocks-wrap\">\n<div id=\"wp-block-themeisle-blocks-advanced-column-d35f6af1\" class=\"wp-block-themeisle-blocks-advanced-column\">\n<h2 class=\"wp-block-heading has-text-align-center has-white-color has-text-color\"><strong><strong><strong><strong><strong><strong>\u00bfCu\u00e1l es el costo de la Atenci\u00f3n Intensiva para la Neuropat\u00eda?<\/strong><\/strong><\/strong><\/strong><\/strong><\/strong><\/h2>\n\n\n\n<p class=\"has-text-align-center\">El costo depende de la cantidad y tipo de atenci\u00f3n necesaria en su caso individual, diagn\u00f3stico, gravedad y otros posibles factores complicantes. Esta informaci\u00f3n se discutir\u00e1 durante su consulta gratuita. El tratamiento de Atenci\u00f3n Intensiva para la Neuropat\u00eda puede variar desde<br><\/p>\n\n\n\n<h2 class=\"wp-block-heading has-text-align-center has-white-color has-text-color\"><strong><strong><strong><strong><strong><strong>$5000 y $10,000<\/strong> en la mayor\u00eda de los casos.<\/strong><\/strong><\/strong><\/strong><\/strong><\/h2>\n\n\n\n<div style=\"height:20px\" aria-hidden=\"true\" class=\"wp-block-spacer\"><\/div>\n<\/div>\n<\/div><\/section>\n<\/div>\n<\/div><\/section>\n\n\n\n<div style=\"height:39px\" aria-hidden=\"true\" class=\"wp-block-spacer\"><\/div>\n\n\n\n<h2 class=\"wp-block-heading\"><strong><strong><strong>\u00bfQu\u00e9 es el Tratamiento de Atenci\u00f3n Intensiva para la Neuropat\u00eda?<\/strong><\/strong><\/strong><\/h2>\n\n\n\n<p><\/p>\n\n\n\n<div class=\"wp-block-columns is-layout-flex wp-container-core-columns-is-layout-3 wp-block-columns-is-layout-flex\">\n<div class=\"wp-block-column is-layout-flow wp-block-column-is-layout-flow\">\n<p>En el Neuropathy Relief Center de Miami, los pacientes aprender\u00e1n sobre nuestro innovador tratamiento para la neuropat\u00eda perif\u00e9rica que ha mejorado significativamente la vida de personas no solo en Miami, Florida, sino tambi\u00e9n en todo el mundo. Hay esperanza para mejoras con este exitoso protocolo de tratamiento para la neuropat\u00eda sin medicamentos ni procedimientos quir\u00fargicos.<\/p>\n\n\n\n<p>El primer paso para recuperar su salud es determinar la causa de sus s\u00edntomas, identificar la gravedad del da\u00f1o nervioso actual y dise\u00f1ar un plan de tratamiento personalizado para la neuropat\u00eda perif\u00e9rica que le ayude a vencer la neuropat\u00eda perif\u00e9rica. Atenci\u00f3n Intensiva para la Neuropat\u00eda <br><\/p>\n<\/div>\n\n\n\n<div class=\"wp-block-column is-layout-flow wp-block-column-is-layout-flow\">\n<figure class=\"wp-block-embed is-type-video is-provider-youtube wp-block-embed-youtube wp-embed-aspect-16-9 wp-has-aspect-ratio\"><div class=\"wp-block-embed__wrapper\">\n<div class=\"nv-iframe-embed\"><div class=\"container-lazyload preview-lazyload container-youtube js-lazyload--not-loaded\"><a href=\"https:\/\/www.youtube.com\/watch?v=ffViRaQsvMw\" class=\"lazy-load-youtube preview-lazyload preview-youtube\" data-video-title=\"Dr. Alfonso\u2019s Neuropathy Treatment Protocol 2023, Neuropathy Pain Relief!\" title=\"Play video &quot;Dr. Alfonso\u2019s Neuropathy Treatment Protocol 2023, Neuropathy Pain Relief!&quot;\" target=\"_blank\" rel=\"noopener\">https:\/\/www.youtube.com\/watch?v=ffViRaQsvMw<\/a><noscript>Video can&#8217;t be loaded because JavaScript is disabled: <a href=\"https:\/\/www.youtube.com\/watch?v=ffViRaQsvMw\" title=\"Dr. Alfonso\u2019s Neuropathy Treatment Protocol 2023, Neuropathy Pain Relief!\" target=\"_blank\" rel=\"noopener\">Dr. Alfonso\u2019s Neuropathy Treatment Protocol 2023, Neuropathy Pain Relief! (https:\/\/www.youtube.com\/watch?v=ffViRaQsvMw)<\/a><\/noscript><\/div><\/div>\n<\/div><\/figure>\n<\/div>\n<\/div>\n\n\n\n<div class=\"wp-block-columns is-layout-flex wp-container-core-columns-is-layout-5 wp-block-columns-is-layout-flex\">\n<div class=\"wp-block-column is-layout-flow wp-block-column-is-layout-flow\">\n<p>El <strong>Protocolo de Tratamiento para la Neuropat\u00eda del Dr. Alfonso<\/strong> utiliza 8 tratamientos especializados dise\u00f1ados para mejorar el suministro de ox\u00edgeno, eliminar desechos y mejorar la nutrici\u00f3n de los nervios da\u00f1ados. La circulaci\u00f3n aumentada hacia los nervios perif\u00e9ricos da\u00f1ados, combinada con tratamientos para estimular la regeneraci\u00f3n celular de los nervios perif\u00e9ricos y la reparaci\u00f3n, forman parte de este enfoque.<br><br><strong>Protocolo de Tratamiento para la Neuropat\u00eda del Dr. Alfonso<\/strong><\/p>\n\n\n\n<p>\u2981 Mejora e incrementa el suministro de ox\u00edgeno y nutrici\u00f3n a trav\u00e9s del aumento de la circulaci\u00f3n hacia los nervios da\u00f1ados.<br>\u2981 Repara las fibras perif\u00e9ricas estimulando la regeneraci\u00f3n de nuevas c\u00e9lulas nerviosas.<br>\u2981 Elimina y alivia los atrapamientos mec\u00e1nicos de los nervios perif\u00e9ricos y las compresiones en la columna vertebral y las extremidades.<br>\u2981 Protocolo de tratamiento individualizado para cada paciente que se adapta a su horario y necesidades de atenci\u00f3n m\u00e9dica.<br>\u2981 Programa individualizado de rehabilitaci\u00f3n de neuropat\u00eda en casa y equipo para cada paciente, para facilitar la continuaci\u00f3n de la curaci\u00f3n fuera de la cl\u00ednica.<br>\u2981 Individualized home neuropathy rehabilitation program and equipment for every patient to perform at home to facilitate continued healing while outside of the clinic. Atenci\u00f3n Intensiva para la Neuropat\u00eda <\/p>\n\n\n\n<p>\u201cFinalmente hemos desarrollado un protocolo de atenci\u00f3n prometedor para el tratamiento de pacientes que brinda esperanza y posiblemente una soluci\u00f3n a estas condiciones f\u00edsicamente debilitantes de la neuropat\u00eda perif\u00e9rica para todos los pacientes alrededor del mundo.\u201d \u2013 Dr. Alfonso<\/p>\n\n\n\n<p>Para m\u00e1s informaci\u00f3n, fotos y videos sobre nuestros tratamientos \u00fanicos, por favor visite el siguiente enlace:<br><a href=\"https:\/\/neuropathyreliefmiami.com\/treatment\/\">https:\/\/neuropathyreliefmiami.com\/treatment\/<\/a><\/p>\n\n\n\n<h2 class=\"wp-block-heading\"><strong><strong>\u00bfCu\u00e1les son las acomodos para la Atenci\u00f3n Intensiva de Neuropat\u00eda?<\/strong><\/strong><\/h2>\n\n\n\n<div class=\"wp-block-columns is-layout-flex wp-container-core-columns-is-layout-4 wp-block-columns-is-layout-flex\">\n<div class=\"wp-block-column is-layout-flow wp-block-column-is-layout-flow\">\n<figure class=\"wp-block-image size-full is-resized\"><img decoding=\"async\" src=\"https:\/\/mycustomerdemo.com\/NRM2024\/wp-content\/uploads\/2024\/06\/international-and-out-of-town-neuropathy-patients-1.webp\" alt=\"Must mention you are a patient of Dr. Alfonso at Neuropathy Relief Center of Miami when placing your reservation to receive the discounted patient rates\" class=\"wp-image-8720\" style=\"width:568px;height:auto\"\/><\/figure>\n\n\n\n<h3 class=\"wp-block-heading\" style=\"font-size:23px\"><strong>Hampton Inn Dadeland<\/strong><\/h3>\n\n\n\n<p class=\"has-neve-link-color-color has-text-color has-link-color wp-elements-81e4163572633ac75f6f00df43829eed\"><strong>$119 + tax per night<\/strong><br><strong>$139 + tax per night<\/strong><\/p>\n\n\n\n<p>*Must mention you are a patient of Dr. Alfonso at Neuropathy Relief Center of Miami when placing your reservation to receive the discounted patient rates*<br><strong>8200 SW 70th Ave, Miami, FL 33143<\/strong><br><strong>+1 305-269-0072<\/strong><br><a href=\"https:\/\/www.hilton.com\/en\/hotels\/miadlhx-hampton-miami-dadeland\/?SEO_id=GMB-HX-MIADLHX&amp;y_source=1_MjA4NTA5OS03MTUtbG9jYXRpb24uZ29vZ2xlX3dlYnNpdGVfb3ZlcnJpZGU%3D\" target=\"_blank\" rel=\"noreferrer noopener\">https:\/\/www.hilton.com\/<\/a><\/p>\n\n\n\n<p>Bus 87 28 min $5.75 unlimited rides<br>Uber $9 per trip or $36 per day<\/p>\n<\/div>\n\n\n\n<div class=\"wp-block-column is-layout-flow wp-block-column-is-layout-flow\">\n<figure class=\"wp-block-image size-full is-resized\"><img decoding=\"async\" src=\"https:\/\/mycustomerdemo.com\/NRM2024\/wp-content\/uploads\/2024\/06\/international-and-out-of-town-neuropathy-patients-2.webp\" alt=\"Intensive Neuropathy Care is a specialized treatment regimen designed for individuals suffering from Peripheral Neuropathy.\" class=\"wp-image-8721\" style=\"width:565px;height:auto\"\/><\/figure>\n\n\n\n<h3 class=\"wp-block-heading\" style=\"font-size:23px\"><strong>AC Hotel by Marriott (Dadeland Mall)<\/strong><\/h3>\n\n\n\n<p class=\"has-neve-link-color-color has-text-color has-link-color wp-elements-d1b84cabfafa81f3496056f3c4bb3a8b\"><strong>15% off Best Available Rate<\/strong><\/p>\n\n\n\n<p>*Must mention you are a patient of Dr. Alfonso at Neuropathy Relief Center of Miami when placing your reservation to receive the discounted patient rates*<\/p>\n\n\n\n<p><strong>7695 N Kendall Dr, Miami, FL 33156<\/strong><br><strong>+1 305-668-4490<\/strong><br><a href=\"https:\/\/www.marriott.com\/hotels\/travel\/miacd-ac-hotel-miami-dadeland\/\" target=\"_blank\" rel=\"noreferrer noopener\">https:\/\/www.marriott.com<\/a><br>Clinic Transportation:<br>Bus 87 22 min $5.75 unlimited rides<br>Uber $9 per trip or $36 per day<br>Car rental:&nbsp;<a href=\"https:\/\/www.expedia.com\/\" target=\"_blank\" rel=\"noreferrer noopener\">https:\/\/www.expedia.com<\/a><\/p>\n<\/div>\n<\/div>\n<\/div>\n<\/div>\n\n\n\n<div class=\"wp-block-columns is-layout-flex wp-container-core-columns-is-layout-6 wp-block-columns-is-layout-flex\">\n<div class=\"wp-block-column is-layout-flow wp-block-column-is-layout-flow\">\n<figure class=\"wp-block-image size-full is-resized\"><img decoding=\"async\" src=\"https:\/\/mycustomerdemo.com\/NRM2024\/wp-content\/uploads\/2024\/06\/international-and-out-of-town-neuropathy-patients-3.webp\" alt=\"Intensive Neuropathy Care is a specialized treatment regimen designed for individuals suffering from Peripheral Neuropathy.\" class=\"wp-image-8722\" style=\"width:567px;height:auto\"\/><\/figure>\n\n\n\n<h3 class=\"wp-block-heading\" style=\"font-size:23px\"><strong>Rodeway Inn South Miami<\/strong><\/h3>\n\n\n\n<p><strong>5959 SW 71st St, South Miami, FL 33143<\/strong><br><strong>+1 305-667-6664<\/strong><\/p>\n\n\n\n<p class=\"has-neve-link-color-color has-text-color has-link-color wp-elements-6349724de5ba1ed0bea165c90a431ec8\">Monday \u2013 Thursday<br>$69 + 13% tax per night<br>Friday \u2013 Saturday<br>$79+13% tax per night<\/p>\n\n\n\n<p><strong>For reservations,&nbsp;<a href=\"https:\/\/www.choicehotels.com\/florida\/south-miami\/rodeway-inn-hotels\/fl645\/rates?ratePlanCode=LDRBER\" target=\"_blank\" rel=\"noreferrer noopener\">please click here<\/a><\/strong><br><a href=\"https:\/\/www.choicehotels.com\/florida\/south-miami\/rodeway-inn-hotels\/fl645\/rates?ratePlanCode=LDRBER\" target=\"_blank\" rel=\"noreferrer noopener\">http:\/\/www.rodewayinn.com\/<\/a><\/p>\n\n\n\n<p>*Must mention you are a patient of Dr. Alfonso at Neuropathy<br>Relief Center of Miami when placing your reservation<br>to receive the discounted patient rates*<\/p>\n\n\n\n<p><a href=\"https:\/\/www.choicehotels.com\/florida\/south-miami\/rodeway-inn-hotels\/fl645?mc=llgoxxpx\" target=\"_blank\" rel=\"noreferrer noopener\">https:\/\/www.choicehotels.com<\/a><br>Clinic Transportation:<br>Bus 72 20min $5.75 unlimited rides<br>Uber $9 per trip or $36 per day<br>Car rental:&nbsp;<a href=\"https:\/\/www.expedia.com\/\" target=\"_blank\" rel=\"noreferrer noopener\">https:\/\/www.expedia.com<\/a><\/p>\n<\/div>\n\n\n\n<div class=\"wp-block-column is-layout-flow wp-block-column-is-layout-flow\">\n<figure class=\"wp-block-image size-full is-resized\"><img decoding=\"async\" src=\"https:\/\/mycustomerdemo.com\/NRM2024\/wp-content\/uploads\/2024\/06\/international-and-out-of-town-neuropathy-patients-4.webp\" alt=\"Intensive Neuropathy Care is a specialized treatment regimen designed for individuals suffering from Peripheral Neuropathy.\" class=\"wp-image-8723\" style=\"width:568px;height:auto\"\/><\/figure>\n\n\n\n<h3 class=\"wp-block-heading\" style=\"font-size:23px\"><strong>Ronald McDonald House Charities of South Florida<\/strong><\/h3>\n\n\n\n<p><strong>1145 NW 14th Terrace, Miami, FL 33136<\/strong><br><strong>+130532456838<\/strong><\/p>\n\n\n\n<p><strong>Domestic and International Patients 21 and younger***<\/strong><\/p>\n\n\n\n<p class=\"has-neve-link-color-color has-text-color has-link-color wp-elements-a8c09d55be7a845f67de68a14aed4b23\"><strong>No cost for accomodation and food is often donated daily for guests *** Contact Ronald McDonald House for more information***<\/strong><\/p>\n\n\n\n<p><br><a href=\"https:\/\/rmhcsouthflorida.org\/\" target=\"_blank\" rel=\"noreferrer noopener\">https:\/\/rmhcsouthflorida.org\/<\/a><br>Clinic Transportation:<br>Dadeland South Train and Bus 87 $5.75 unlimited rides<br>Uber $25 per trip<br>Car rental:&nbsp;<a href=\"https:\/\/www.expedia.com\/\" target=\"_blank\" rel=\"noreferrer noopener\">https:\/\/www.expedia.com<\/a><\/p>\n<\/div>\n<\/div>\n\n\n\n<section id=\"wp-block-themeisle-blocks-advanced-columns-cb87630d\" class=\"wp-block-themeisle-blocks-advanced-columns alignfull has-1-columns has-desktop-equal-layout has-tablet-equal-layout has-mobile-equal-layout has-vertical-center has-dark-bg\"><div class=\"wp-block-themeisle-blocks-advanced-columns-overlay\"><\/div><div class=\"innerblocks-wrap\">\n<div id=\"wp-block-themeisle-blocks-advanced-column-a521c34e\" class=\"wp-block-themeisle-blocks-advanced-column\">\n<h2 class=\"wp-block-heading has-text-align-center has-text-color\" style=\"color:#fff200\">Ll\u00e1menos para una consulta gratuita<br><mark style=\"background-color:rgba(0, 0, 0, 0);color:#ffd900\" class=\"has-inline-color\"><br><a title=\"\" href=\"tel:\/\/+13052757475\">(305) 275-7475<\/a><\/mark><\/h2>\n\n\n\n<p class=\"has-text-align-center\">Solicita una consulta gratuita con el <strong><a href=\"\/es\/dr-rodolfo-alfonso\/\">Dr. Alfonso<\/a><\/strong> para saber c\u00f3mo puedes tratar de forma natural tus s\u00edntomas de Neuropat\u00eda sin procedimientos invasivos, cirug\u00eda ni medicamentos perjudiciales.<\/p>\n\n\n\n<p>S\u00edguenos en I<a href=\"https:\/\/www.instagram.com\/neuropathyreliefmiami\/\" target=\"_blank\" rel=\"noreferrer noopener\">nstagram<\/a>, <a href=\"https:\/\/www.facebook.com\/NeuropathyReliefMiami\" target=\"_blank\" rel=\"noreferrer noopener\">Facebook<\/a>, Y <a href=\"https:\/\/www.youtube.com\/channel\/UCYPTI-iMVVuO0uUdIIYD-HQ\" target=\"_blank\" rel=\"noreferrer noopener\">YouTube<\/a> para recibir actualizaciones, historias de \u00e9xito de pacientes y conocimientos expertos sobre el tratamiento de la neuropat\u00eda.<\/p>\n\n\n\n<div class=\"wp-block-buttons is-content-justification-center is-layout-flex wp-container-core-buttons-is-layout-1 wp-block-buttons-is-layout-flex\">\n<div class=\"wp-block-button is-style-primary\"><a class=\"wp-block-button__link has-text-color has-background has-link-color wp-element-button\" href=\"\/es\/citas\/\" style=\"color:#080808;background-color:#ffd20a\">RESERVAR MI CONSULTA GRATUITA<\/a><\/div>\n<\/div>\n<\/div>\n<\/div><\/section>\n","protected":false},"excerpt":{"rendered":"<p>\u00bfQu\u00e9 es la Atenci\u00f3n Intensiva para la Neuropat\u00eda? La Atenci\u00f3n Intensiva para la Neuropat\u00eda consiste en tratar a un paciente durante 2 semanas, 2 veces al d\u00eda, 5 d\u00edas a la semana, para un total de 20 visitas de tratamiento. Los tiempos de tratamiento pueden variar entre 1 y 3 horas por sesi\u00f3n. Atenci\u00f3n Intensiva&hellip;&nbsp;<a href=\"https:\/\/neuropathyreliefmiami.com\/es\/atencion-intensiva-para-la-neuropatia\/\" rel=\"bookmark\">Read More &raquo;<span class=\"screen-reader-text\">Atenci\u00f3n Intensiva para la Neuropat\u00eda<\/span><\/a><\/p>\n","protected":false},"author":3,"featured_media":0,"parent":0,"menu_order":0,"comment_status":"closed","ping_status":"closed","template":"","meta":{"neve_meta_sidebar":"","neve_meta_container":"","neve_meta_enable_content_width":"","neve_meta_content_width":0,"neve_meta_title_alignment":"","neve_meta_author_avatar":"","neve_post_elements_order":"","neve_meta_disable_header":"off","neve_meta_disable_footer":"","neve_meta_disable_title":"on","neve_meta_reading_time":"","_themeisle_gutenberg_block_has_review":false,"footnotes":""},"class_list":["post-2348","page","type-page","status-publish","hentry"],"_links":{"self":[{"href":"https:\/\/neuropathyreliefmiami.com\/es\/wp-json\/wp\/v2\/pages\/2348","targetHints":{"allow":["GET"]}}],"collection":[{"href":"https:\/\/neuropathyreliefmiami.com\/es\/wp-json\/wp\/v2\/pages"}],"about":[{"href":"https:\/\/neuropathyreliefmiami.com\/es\/wp-json\/wp\/v2\/types\/page"}],"author":[{"embeddable":true,"href":"https:\/\/neuropathyreliefmiami.com\/es\/wp-json\/wp\/v2\/users\/3"}],"replies":[{"embeddable":true,"href":"https:\/\/neuropathyreliefmiami.com\/es\/wp-json\/wp\/v2\/comments?post=2348"}],"version-history":[{"count":7,"href":"https:\/\/neuropathyreliefmiami.com\/es\/wp-json\/wp\/v2\/pages\/2348\/revisions"}],"predecessor-version":[{"id":8864,"href":"https:\/\/neuropathyreliefmiami.com\/es\/wp-json\/wp\/v2\/pages\/2348\/revisions\/8864"}],"wp:attachment":[{"href":"https:\/\/neuropathyreliefmiami.com\/es\/wp-json\/wp\/v2\/media?parent=2348"}],"curies":[{"name":"wp","href":"https:\/\/api.w.org\/{rel}","templated":true}]}}