{"id":2344,"date":"2024-12-23T14:49:19","date_gmt":"2024-12-23T14:49:19","guid":{"rendered":"https:\/\/neuropathyreliefmiami.com\/faq\/"},"modified":"2025-03-10T14:12:08","modified_gmt":"2025-03-10T14:12:08","slug":"preguntas-frecuentes","status":"publish","type":"page","link":"https:\/\/neuropathyreliefmiami.com\/es\/preguntas-frecuentes\/","title":{"rendered":"Preguntas Frecuentes"},"content":{"rendered":"\n<div id=\"wp-block-themeisle-blocks-advanced-columns-678cc482\" class=\"wp-block-themeisle-blocks-advanced-columns alignfull has-1-columns has-desktop-equal-layout has-tablet-equal-layout has-mobile-collapsedRows-layout has-reverse-columns-mobile has-vertical-bottom ticss-c00aadba has-dark-bg\"><div class=\"wp-block-themeisle-blocks-advanced-columns-overlay\"><\/div><div class=\"innerblocks-wrap\">\n<div id=\"wp-block-themeisle-blocks-advanced-column-4d412c51\" class=\"wp-block-themeisle-blocks-advanced-column\">\n<h1 id=\"wp-block-themeisle-blocks-advanced-heading-fb3c7a39\" class=\"wp-block-themeisle-blocks-advanced-heading wp-block-themeisle-blocks-advanced-heading-fb3c7a39\"><mark style=\"background-color:rgba(0, 0, 0, 0)\" class=\"has-inline-color has-nv-site-bg-color\">Preguntas Frecuentes<\/mark><\/h1>\n<\/div>\n<\/div><\/div>\n\n\n\n<h2 class=\"wp-block-heading has-text-align-center\"><mark style=\"background-color:rgba(0, 0, 0, 0)\" class=\"has-inline-color has-nv-site-bg-color\">Preguntas Frecuentes<\/mark><\/h2>\n\n\n\n<h2 class=\"wp-block-heading has-text-align-center\"><strong><strong><strong><strong>Protocolo de Tratamiento para la Neuropat\u00eda del Dr. Alfonso<\/strong><\/strong><\/strong><\/strong><\/h2>\n\n\n\n<p class=\"has-text-align-center\"><strong><br>\u00bfEst\u00e1 sufriendo los efectos debilitantes de la neuropat\u00eda? <\/strong>En el Neuropathy Relief Center de Miami, ofrecemos un enfoque innovador, seguro, libre de medicamentos y sin cirug\u00eda para tratar la neuropat\u00eda. Con una tasa de \u00e9xito comprobada de m\u00e1s del <strong>88%,<\/strong> nuestro protocolo ha brindado alivio y restaurado la calidad de vida a innumerables pacientes en todo el mundo.<\/p>\n\n\n\n<h2 class=\"wp-block-heading\"><strong><strong>Sus Principales Preguntas Respondidas<\/strong><\/strong><\/h2>\n\n\n\n<div class=\"wp-block-columns is-layout-flex wp-container-core-columns-is-layout-1 wp-block-columns-is-layout-flex\">\n<div class=\"wp-block-column is-layout-flow wp-block-column-is-layout-flow\">\n<div id=\"wp-block-themeisle-blocks-accordion-5bf37eab\" class=\"wp-block-themeisle-blocks-accordion exclusive has-icon has-open-icon is-style-default has-light-title-bg has-light-content-bg\">\n<details class=\"wp-block-themeisle-blocks-accordion-item\"><summary class=\"wp-block-themeisle-blocks-accordion-item__title\"><div><strong><strong><strong><strong>\u00bfFuncionar\u00e1 el tratamiento para m\u00ed? \u00bfCu\u00e1l es la tasa de \u00e9xito?<\/strong><\/strong><\/strong><\/strong><\/div><\/summary><div class=\"wp-block-themeisle-blocks-accordion-item__content\">\n<p>El <strong>Protocolo de Tratamiento para la Neuropat\u00eda del Dr. Alfonso<\/strong> ha ayudado a muchos pacientes a recuperar sus vidas de los s\u00edntomas de la neuropat\u00eda, como el dolor, el entumecimiento y la dificultad para caminar.<\/p>\n\n\n\n<ul class=\"wp-block-list\">\n<li><strong>Tasa de \u00e9xito:<\/strong> M\u00e1s del 88%.<\/li>\n\n\n\n<li><strong>Atenci\u00f3n personalizada:<\/strong> No todos los pacientes califican para este tratamiento. El Dr. Alfonso realiza un examen especializado de neuropat\u00eda para determinar si usted es un buen candidato.<\/li>\n<\/ul>\n\n\n\n<p>Si es aceptado, recibir\u00e1 un plan de tratamiento personalizado que incluir\u00e1 la combinaci\u00f3n de terapias, la duraci\u00f3n del tratamiento y la inversi\u00f3n necesaria para lograr los mejores resultados.<br><\/p>\n<\/div><\/details>\n\n\n\n<details class=\"wp-block-themeisle-blocks-accordion-item\"><summary class=\"wp-block-themeisle-blocks-accordion-item__title\"><div><strong><strong><strong>\u00bfCu\u00e1nto cuesta el tratamiento?<\/strong><\/strong><\/strong><\/div><\/summary><div class=\"wp-block-themeisle-blocks-accordion-item__content\">\n<p>El costo exacto var\u00eda seg\u00fan su condici\u00f3n \u00fanica y plan de tratamiento.<\/p>\n\n\n\n<ul class=\"wp-block-list\">\n<li><strong>Paso 1:<\/strong> Programe su consulta y examen de neuropat\u00eda.<\/li>\n\n\n\n<li><strong>Paso 2:<\/strong> Reciba una evaluaci\u00f3n integral para confirmar su elegibilidad.<\/li>\n\n\n\n<li><strong>Paso 3:<\/strong> Conozca los detalles de su plan de tratamiento personalizado, incluyendo el tiempo estimado y el costo.<\/li>\n<\/ul>\n\n\n\n<p>Si bien entendemos que el costo es una preocupaci\u00f3n, ofrecemos opciones de pago flexibles a trav\u00e9s de nuestros socios financieros de confianza, como Care Credit, incluyendo planes con <strong>0% de inter\u00e9s<\/strong> por hasta <strong>18 meses<\/strong>.<\/p>\n<\/div><\/details>\n\n\n\n<details class=\"wp-block-themeisle-blocks-accordion-item\"><summary class=\"wp-block-themeisle-blocks-accordion-item__title\"><div><strong><strong><strong><strong><strong>Is treatment covered by insurance?<\/strong><\/strong><\/strong><\/strong><\/strong><\/div><\/summary><div class=\"wp-block-themeisle-blocks-accordion-item__content\">\n<p>Lamentablemente, la mayor\u00eda de los planes de seguro no cubren la atenci\u00f3n integral necesaria para rehabilitar la neuropat\u00eda de manera efectiva.<\/p>\n\n\n\n<ul class=\"wp-block-list\">\n<li>Los seguros suelen centrarse en un modelo de atenci\u00f3n limitado: <strong>medicamentos &gt; inyecciones &gt; cirug\u00eda &gt; manejo del dolor<\/strong>.<\/li>\n\n\n\n<li>Nosotros creemos en un est\u00e1ndar de atenci\u00f3n m\u00e1s alto: abordar la <strong>causa ra\u00edz<\/strong>, no solo enmascarar los s\u00edntomas.<\/li>\n<\/ul>\n\n\n\n<p>Nos hemos asociado con empresas financieras para hacer que nuestro tratamiento sea accesible, ayudando a los pacientes a invertir en su salud sin compromisos. Si bien entendemos que el costo es una preocupaci\u00f3n, ofrecemos opciones de pago flexibles a trav\u00e9s de socios financieros de confianza.<\/p>\n<\/div><\/details>\n<\/div>\n<\/div>\n\n\n\n<div class=\"wp-block-column is-layout-flow wp-block-column-is-layout-flow\">\n<div id=\"wp-block-themeisle-blocks-accordion-0154747b\" class=\"wp-block-themeisle-blocks-accordion exclusive has-icon has-open-icon is-style-default has-light-title-bg\">\n<details class=\"wp-block-themeisle-blocks-accordion-item\"><summary class=\"wp-block-themeisle-blocks-accordion-item__title\"><div><strong><strong><strong>\u00bfQu\u00e9 es el Protocolo de Tratamiento para la Neuropat\u00eda del Dr. Alfonso?<\/strong><\/strong><\/strong><\/div><\/summary><div class=\"wp-block-themeisle-blocks-accordion-item__content\">\n<figure class=\"wp-block-embed is-type-video is-provider-youtube wp-block-embed-youtube wp-embed-aspect-16-9 wp-has-aspect-ratio\"><div class=\"wp-block-embed__wrapper\">\n<div class=\"nv-iframe-embed\"><div class=\"container-lazyload preview-lazyload container-youtube js-lazyload--not-loaded\"><a href=\"https:\/\/www.youtube.com\/watch?v=ffViRaQsvMw\" class=\"lazy-load-youtube preview-lazyload preview-youtube\" data-video-title=\"Dr. Alfonso\u2019s Neuropathy Treatment Protocol 2023, Neuropathy Pain Relief!\" title=\"Play video &quot;Dr. Alfonso\u2019s Neuropathy Treatment Protocol 2023, Neuropathy Pain Relief!&quot;\" target=\"_blank\" rel=\"noopener\">https:\/\/www.youtube.com\/watch?v=ffViRaQsvMw<\/a><noscript>Video can&#8217;t be loaded because JavaScript is disabled: <a href=\"https:\/\/www.youtube.com\/watch?v=ffViRaQsvMw\" title=\"Dr. Alfonso\u2019s Neuropathy Treatment Protocol 2023, Neuropathy Pain Relief!\" target=\"_blank\" rel=\"noopener\">Dr. Alfonso\u2019s Neuropathy Treatment Protocol 2023, Neuropathy Pain Relief! (https:\/\/www.youtube.com\/watch?v=ffViRaQsvMw)<\/a><\/noscript><\/div><\/div>\n<\/div><\/figure>\n\n\n\n<p>Nuestro protocolo es un enfoque multifac\u00e9tico que aborda las causas ra\u00edz de la neuropat\u00eda perif\u00e9rica. Usando tecnolog\u00eda de vanguardia y terapias, el Dr. Alfonso crea un plan individualizado adaptado a las necesidades de cada paciente.<\/p>\n\n\n\n<p><strong><strong>Los principales beneficios incluyen:<\/strong><\/strong><\/p>\n\n\n\n<ul class=\"wp-block-list\">\n<li><strong>Mejora de la circulaci\u00f3n:<\/strong> Mejora la entrega de ox\u00edgeno y nutrientes a los nervios perif\u00e9ricos da\u00f1ados.<\/li>\n\n\n\n<li><strong>Regeneraci\u00f3n nerviosa:<\/strong> Estimula la reparaci\u00f3n de los nervios da\u00f1ados y fomenta el crecimiento de nuevas c\u00e9lulas nerviosas perif\u00e9ricas.<\/li>\n\n\n\n<li><strong>Alivio del dolor y compresi\u00f3n:<\/strong> Alivia la atrapamiento mec\u00e1nica de los nervios en la columna vertebral y las extremidades.<\/li>\n<\/ul>\n\n\n\n<p>Nuestro programa integra terapias en la cl\u00ednica, orientaci\u00f3n nutricional y apoyo en casa para garantizar un alivio duradero.<\/p>\n<\/div><\/details>\n\n\n\n<details class=\"wp-block-themeisle-blocks-accordion-item\"><summary class=\"wp-block-themeisle-blocks-accordion-item__title\"><div><strong><strong><strong>S\u00edntomas que tratamos<\/strong><\/strong><\/strong><\/div><\/summary><div class=\"wp-block-themeisle-blocks-accordion-item__content\">\n<p>Si experimenta alguno de los siguientes s\u00edntomas, nuestro tratamiento podr\u00eda ser adecuado para usted:<\/p>\n\n\n\n<ul class=\"wp-block-list\">\n<li>Dolor ardiente, hormigueo o punzante.<\/li>\n\n\n\n<li>Entumecimiento o sensaci\u00f3n de frialdad en las extremidades.<\/li>\n\n\n\n<li>Descoloraci\u00f3n o heridas en las manos, pies, piernas o brazos.<\/li>\n\n\n\n<li>Problemas de equilibrio y dificultad para caminar.<\/li>\n<\/ul>\n\n\n\n<p>No deje que la neuropat\u00eda le impida disfrutar de la vida. Cont\u00e1ctenos hoy para aprender c\u00f3mo el Protocolo de Tratamiento para la Neuropat\u00eda del Dr. Alfonso puede ayudarle.<br><br><\/p>\n<\/div><\/details>\n<\/div>\n<\/div>\n<\/div>\n\n\n\n<section id=\"wp-block-themeisle-blocks-advanced-columns-cb87630d\" class=\"wp-block-themeisle-blocks-advanced-columns alignfull has-1-columns has-desktop-equal-layout has-tablet-equal-layout has-mobile-equal-layout has-vertical-center has-dark-bg\"><div class=\"wp-block-themeisle-blocks-advanced-columns-overlay\"><\/div><div class=\"innerblocks-wrap\">\n<div id=\"wp-block-themeisle-blocks-advanced-column-a521c34e\" class=\"wp-block-themeisle-blocks-advanced-column\">\n<h2 class=\"wp-block-heading has-text-align-center has-text-color\" style=\"color:#fff200\">Ll\u00e1menos para una consulta gratuita<br><mark style=\"background-color:rgba(0, 0, 0, 0);color:#ffd900\" class=\"has-inline-color\"><br><a title=\"\" href=\"tel:\/\/+13052757475\">(305) 275-7475<\/a><\/mark><\/h2>\n\n\n\n<p class=\"has-text-align-center\">Solicita una consulta gratuita con el <strong><a href=\"\/es\/dr-rodolfo-alfonso\/\">Dr. Alfonso<\/a><\/strong> para saber c\u00f3mo puedes tratar de forma natural tus s\u00edntomas de Neuropat\u00eda sin procedimientos invasivos, cirug\u00eda ni medicamentos perjudiciales.<\/p>\n\n\n\n<p>S\u00edguenos en I<a href=\"https:\/\/www.instagram.com\/neuropathyreliefmiami\/\" target=\"_blank\" rel=\"noreferrer noopener\">nstagram<\/a>, <a href=\"https:\/\/www.facebook.com\/NeuropathyReliefMiami\" target=\"_blank\" rel=\"noreferrer noopener\">Facebook<\/a>, Y <a href=\"https:\/\/www.youtube.com\/channel\/UCYPTI-iMVVuO0uUdIIYD-HQ\" target=\"_blank\" rel=\"noreferrer noopener\">YouTube<\/a> para recibir actualizaciones, historias de \u00e9xito de pacientes y conocimientos expertos sobre el tratamiento de la neuropat\u00eda.<\/p>\n\n\n\n<div class=\"wp-block-buttons is-content-justification-center is-layout-flex wp-container-core-buttons-is-layout-1 wp-block-buttons-is-layout-flex\">\n<div class=\"wp-block-button is-style-primary\"><a class=\"wp-block-button__link has-text-color has-background has-link-color wp-element-button\" href=\"\/es\/mis-citas\/\" style=\"color:#080808;background-color:#ffd20a\">RESERVAR MI CONSULTA GRATUITA<\/a><\/div>\n<\/div>\n<\/div>\n<\/div><\/section>\n","protected":false},"excerpt":{"rendered":"<p>Preguntas Frecuentes Protocolo de Tratamiento para la Neuropat\u00eda del Dr. Alfonso \u00bfEst\u00e1 sufriendo los efectos debilitantes de la neuropat\u00eda? En el Neuropathy Relief Center de Miami, ofrecemos un enfoque innovador, seguro, libre de medicamentos y sin cirug\u00eda para tratar la neuropat\u00eda. Con una tasa de \u00e9xito comprobada de m\u00e1s del 88%, nuestro protocolo ha brindado&hellip;&nbsp;<a href=\"https:\/\/neuropathyreliefmiami.com\/es\/preguntas-frecuentes\/\" rel=\"bookmark\">Read More &raquo;<span class=\"screen-reader-text\">Preguntas Frecuentes<\/span><\/a><\/p>\n","protected":false},"author":3,"featured_media":0,"parent":0,"menu_order":0,"comment_status":"closed","ping_status":"closed","template":"","meta":{"neve_meta_sidebar":"","neve_meta_container":"","neve_meta_enable_content_width":"","neve_meta_content_width":0,"neve_meta_title_alignment":"","neve_meta_author_avatar":"","neve_post_elements_order":"","neve_meta_disable_header":"","neve_meta_disable_footer":"","neve_meta_disable_title":"on","neve_meta_reading_time":"","_themeisle_gutenberg_block_has_review":false,"footnotes":""},"class_list":["post-2344","page","type-page","status-publish","hentry"],"_links":{"self":[{"href":"https:\/\/neuropathyreliefmiami.com\/es\/wp-json\/wp\/v2\/pages\/2344","targetHints":{"allow":["GET"]}}],"collection":[{"href":"https:\/\/neuropathyreliefmiami.com\/es\/wp-json\/wp\/v2\/pages"}],"about":[{"href":"https:\/\/neuropathyreliefmiami.com\/es\/wp-json\/wp\/v2\/types\/page"}],"author":[{"embeddable":true,"href":"https:\/\/neuropathyreliefmiami.com\/es\/wp-json\/wp\/v2\/users\/3"}],"replies":[{"embeddable":true,"href":"https:\/\/neuropathyreliefmiami.com\/es\/wp-json\/wp\/v2\/comments?post=2344"}],"version-history":[{"count":3,"href":"https:\/\/neuropathyreliefmiami.com\/es\/wp-json\/wp\/v2\/pages\/2344\/revisions"}],"predecessor-version":[{"id":8886,"href":"https:\/\/neuropathyreliefmiami.com\/es\/wp-json\/wp\/v2\/pages\/2344\/revisions\/8886"}],"wp:attachment":[{"href":"https:\/\/neuropathyreliefmiami.com\/es\/wp-json\/wp\/v2\/media?parent=2344"}],"curies":[{"name":"wp","href":"https:\/\/api.w.org\/{rel}","templated":true}]}}