{"id":2339,"date":"2025-01-08T17:36:39","date_gmt":"2025-01-08T17:36:39","guid":{"rendered":"https:\/\/neuropathyreliefmiami.com\/financing-plan\/"},"modified":"2025-03-10T13:44:20","modified_gmt":"2025-03-10T13:44:20","slug":"financiando-su-tratamiento","status":"publish","type":"page","link":"https:\/\/neuropathyreliefmiami.com\/es\/financiando-su-tratamiento\/","title":{"rendered":"Financiando su Tratamiento en Neuropathy Relief Miami"},"content":{"rendered":"\n<div class=\"wp-block-cover alignfull\" style=\"min-height:234px;aspect-ratio:unset;\"><span aria-hidden=\"true\" class=\"wp-block-cover__background has-neve-link-color-background-color has-background-dim-100 has-background-dim\"><\/span><img decoding=\"async\" class=\"wp-block-cover__image-background wp-image-800\" alt=\"\" src=\"https:\/\/mycustomerdemo.com\/NRM2024\/wp-content\/uploads\/2024\/04\/Financing-plan-3.jpg\" style=\"object-position:26% 45%\" data-object-fit=\"cover\" data-object-position=\"26% 45%\"\/><div class=\"wp-block-cover__inner-container is-layout-flow wp-block-cover-is-layout-flow\">\n<div class=\"wp-block-cover aligncenter is-light\" style=\"min-height:194px;aspect-ratio:unset;\"><span aria-hidden=\"true\" class=\"wp-block-cover__background has-neve-link-hover-color-background-color has-background-dim-100 has-background-dim\"><\/span><div class=\"wp-block-cover__inner-container is-layout-flow wp-block-cover-is-layout-flow\">\n<h1 class=\"wp-block-heading has-text-align-center has-nv-text-dark-bg-color has-text-color\" style=\"font-size:40px\">Financiando su Tratamiento en Neuropathy Relief Miami<\/h1>\n<\/div><\/div>\n<\/div><\/div>\n\n\n\n<div style=\"height:23px\" aria-hidden=\"true\" class=\"wp-block-spacer\"><\/div>\n\n\n\n<p class=\"has-text-align-left has-neve-text-color-color has-text-color\">En el Neuropathy Relief Center de Miami, entendemos que el costo puede ser una preocupaci\u00f3n importante al buscar atenci\u00f3n a largo plazo para la neuropat\u00eda. Es por eso que hemos dise\u00f1ado un proceso simple y accesible para asegurarnos de que reciba el tratamiento que necesita sin estr\u00e9s financiero:<\/p>\n\n\n\n<div class=\"wp-block-columns is-layout-flex wp-container-core-columns-is-layout-1 wp-block-columns-is-layout-flex\">\n<div class=\"wp-block-column is-layout-flow wp-block-column-is-layout-flow\">\n<figure class=\"wp-block-image size-full is-resized\"><img loading=\"lazy\" decoding=\"async\" width=\"500\" height=\"500\" src=\"http:\/\/neuropathyreliefmiami.com\/wp-content\/uploads\/2025\/01\/financing-plan-2.webp\" alt=\"Financiando su Tratamiento en Neuropathy Relief Miami\" class=\"wp-image-1846\" style=\"width:150px\" srcset=\"https:\/\/neuropathyreliefmiami.com\/wp-content\/uploads\/2025\/01\/financing-plan-2.webp 500w, https:\/\/neuropathyreliefmiami.com\/wp-content\/uploads\/2025\/01\/financing-plan-2-300x300.webp 300w, https:\/\/neuropathyreliefmiami.com\/wp-content\/uploads\/2025\/01\/financing-plan-2-150x150.webp 150w\" sizes=\"auto, (max-width: 500px) 100vw, 500px\" \/><\/figure>\n\n\n\n<p><\/p>\n\n\n\n<p><strong>Paso 1:<\/strong> Programe su consulta y examen integral de neuropat\u00eda.<br><\/p>\n<\/div>\n\n\n\n<div class=\"wp-block-column is-layout-flow wp-block-column-is-layout-flow\">\n<figure class=\"wp-block-image size-full is-resized\"><img loading=\"lazy\" decoding=\"async\" width=\"500\" height=\"500\" src=\"http:\/\/neuropathyreliefmiami.com\/wp-content\/uploads\/2025\/01\/financing-plan-3.webp\" alt=\"\" class=\"wp-image-1847\" style=\"width:150px\" srcset=\"https:\/\/neuropathyreliefmiami.com\/wp-content\/uploads\/2025\/01\/financing-plan-3.webp 500w, https:\/\/neuropathyreliefmiami.com\/wp-content\/uploads\/2025\/01\/financing-plan-3-300x300.webp 300w, https:\/\/neuropathyreliefmiami.com\/wp-content\/uploads\/2025\/01\/financing-plan-3-150x150.webp 150w\" sizes=\"auto, (max-width: 500px) 100vw, 500px\" \/><\/figure>\n\n\n\n<p><\/p>\n\n\n\n<p><strong>Paso 2:<\/strong> Reciba una evaluaci\u00f3n detallada para determinar su elegibilidad para el tratamiento.<\/p>\n<\/div>\n\n\n\n<div class=\"wp-block-column is-layout-flow wp-block-column-is-layout-flow\">\n<figure class=\"wp-block-image size-full is-resized\"><img loading=\"lazy\" decoding=\"async\" width=\"500\" height=\"500\" src=\"http:\/\/neuropathyreliefmiami.com\/wp-content\/uploads\/2025\/01\/financing-plan-4.webp\" alt=\"\" class=\"wp-image-1848\" style=\"width:150px\" srcset=\"https:\/\/neuropathyreliefmiami.com\/wp-content\/uploads\/2025\/01\/financing-plan-4.webp 500w, https:\/\/neuropathyreliefmiami.com\/wp-content\/uploads\/2025\/01\/financing-plan-4-300x300.webp 300w, https:\/\/neuropathyreliefmiami.com\/wp-content\/uploads\/2025\/01\/financing-plan-4-150x150.webp 150w\" sizes=\"auto, (max-width: 500px) 100vw, 500px\" \/><\/figure>\n\n\n\n<p><\/p>\n\n\n\n<p><strong>Paso 3:<\/strong> Conozca todos los detalles de su plan de tratamiento personalizado, incluyendo el tiempo estimado y el costo.<\/p>\n<\/div>\n<\/div>\n\n\n\n<h2 class=\"wp-block-heading has-text-align-center has-nv-text-dark-bg-color has-text-color\" style=\"font-size:40px\"><mark style=\"background-color:rgba(0, 0, 0, 0)\" class=\"has-inline-color has-neve-link-hover-color-color\">Financiando su Tratamiento en Neuropathy Relief Miami<\/mark><\/h2>\n\n\n\n<p>Para hacer el tratamiento m\u00e1s accesible, nos hemos asociado con empresas financieras de confianza, como Care Credit, para ofrecer opciones de pago flexibles. Una de nuestras opciones m\u00e1s populares es un plan con <strong>0% de inter\u00e9s<\/strong> por hasta <strong>18 meses<\/strong>, lo que le permite invertir en su salud sin una carga financiera inmediata.<\/p>\n\n\n\n<p>Aunque la mayor\u00eda de los planes de seguro no cubren la atenci\u00f3n integral necesaria para una rehabilitaci\u00f3n efectiva de la neuropat\u00eda\u2014y se enfocan m\u00e1s en medicamentos, inyecciones o cirug\u00edas\u2014nosotros creemos en abordar la <strong>causa ra\u00edz<\/strong> de su condici\u00f3n para un alivio duradero. Nuestras opciones de financiamiento hacen posible que priorice su salud y reciba la atenci\u00f3n que se merece, sin importar su presupuesto.<\/p>\n\n\n\n<p>D\u00e9 el primer paso hacia una vida libre de dolor hoy mismo\u2014\u00a1cont\u00e1ctenos para conocer m\u00e1s sobre nuestros planes de pago y comience su camino hacia la recuperaci\u00f3n!<\/p>\n\n\n\n<div style=\"height:55px\" aria-hidden=\"true\" class=\"wp-block-spacer\"><\/div>\n\n\n\n<section id=\"wp-block-themeisle-blocks-advanced-columns-cb87630d\" class=\"wp-block-themeisle-blocks-advanced-columns alignfull has-1-columns has-desktop-equal-layout has-tablet-equal-layout has-mobile-equal-layout has-vertical-center has-dark-bg\"><div class=\"wp-block-themeisle-blocks-advanced-columns-overlay\"><\/div><div class=\"innerblocks-wrap\">\n<div id=\"wp-block-themeisle-blocks-advanced-column-a521c34e\" class=\"wp-block-themeisle-blocks-advanced-column\">\n<h2 class=\"wp-block-heading has-text-align-center has-text-color\" style=\"color:#fff200\">Ll\u00e1menos para una consulta gratuita<br><mark style=\"background-color:rgba(0, 0, 0, 0);color:#ffd900\" class=\"has-inline-color\"><br><a title=\"\" href=\"tel:\/\/+13052757475\">(305) 275-7475<\/a><\/mark><\/h2>\n\n\n\n<p class=\"has-text-align-center\">Solicita una consulta gratuita con el <strong><a href=\"\/es\/dr-rodolfo-alfonso\/\">Dr. Alfonso<\/a><\/strong> para saber c\u00f3mo puedes tratar de forma natural tus s\u00edntomas de Neuropat\u00eda sin procedimientos invasivos, cirug\u00eda ni medicamentos perjudiciales.<\/p>\n\n\n\n<div class=\"wp-block-buttons is-content-justification-center is-layout-flex wp-container-core-buttons-is-layout-1 wp-block-buttons-is-layout-flex\">\n<div class=\"wp-block-button is-style-primary\"><a class=\"wp-block-button__link has-text-color has-background has-link-color wp-element-button\" href=\"\/es\/citas\/\" style=\"color:#080808;background-color:#ffd20a\">RESERVAR MI CONSULTA GRATUITA<\/a><\/div>\n<\/div>\n<\/div>\n<\/div><\/section>\n","protected":false},"excerpt":{"rendered":"<p>En el Neuropathy Relief Center de Miami, entendemos que el costo puede ser una preocupaci\u00f3n importante al buscar atenci\u00f3n a largo plazo para la neuropat\u00eda. Es por eso que hemos dise\u00f1ado un proceso simple y accesible para asegurarnos de que reciba el tratamiento que necesita sin estr\u00e9s financiero: Paso 1: Programe su consulta y examen&hellip;&nbsp;<a href=\"https:\/\/neuropathyreliefmiami.com\/es\/financiando-su-tratamiento\/\" rel=\"bookmark\">Read More &raquo;<span class=\"screen-reader-text\">Financiando su Tratamiento en Neuropathy Relief Miami<\/span><\/a><\/p>\n","protected":false},"author":3,"featured_media":0,"parent":0,"menu_order":0,"comment_status":"closed","ping_status":"closed","template":"","meta":{"neve_meta_sidebar":"","neve_meta_container":"","neve_meta_enable_content_width":"","neve_meta_content_width":0,"neve_meta_title_alignment":"","neve_meta_author_avatar":"","neve_post_elements_order":"","neve_meta_disable_header":"","neve_meta_disable_footer":"","neve_meta_disable_title":"on","neve_meta_reading_time":"","_themeisle_gutenberg_block_has_review":false,"footnotes":""},"class_list":["post-2339","page","type-page","status-publish","hentry"],"_links":{"self":[{"href":"https:\/\/neuropathyreliefmiami.com\/es\/wp-json\/wp\/v2\/pages\/2339","targetHints":{"allow":["GET"]}}],"collection":[{"href":"https:\/\/neuropathyreliefmiami.com\/es\/wp-json\/wp\/v2\/pages"}],"about":[{"href":"https:\/\/neuropathyreliefmiami.com\/es\/wp-json\/wp\/v2\/types\/page"}],"author":[{"embeddable":true,"href":"https:\/\/neuropathyreliefmiami.com\/es\/wp-json\/wp\/v2\/users\/3"}],"replies":[{"embeddable":true,"href":"https:\/\/neuropathyreliefmiami.com\/es\/wp-json\/wp\/v2\/comments?post=2339"}],"version-history":[{"count":5,"href":"https:\/\/neuropathyreliefmiami.com\/es\/wp-json\/wp\/v2\/pages\/2339\/revisions"}],"predecessor-version":[{"id":8875,"href":"https:\/\/neuropathyreliefmiami.com\/es\/wp-json\/wp\/v2\/pages\/2339\/revisions\/8875"}],"wp:attachment":[{"href":"https:\/\/neuropathyreliefmiami.com\/es\/wp-json\/wp\/v2\/media?parent=2339"}],"curies":[{"name":"wp","href":"https:\/\/api.w.org\/{rel}","templated":true}]}}