{"id":2303,"date":"2021-12-16T08:14:47","date_gmt":"2021-12-16T08:14:47","guid":{"rendered":"https:\/\/neuropathyreliefmiami.com\/acerca-de\/"},"modified":"2025-03-06T20:08:49","modified_gmt":"2025-03-06T20:08:49","slug":"dr-rodolfo-alfonso-especialista-en-neuropatia-en-miami","status":"publish","type":"page","link":"https:\/\/neuropathyreliefmiami.com\/es\/dr-rodolfo-alfonso-especialista-en-neuropatia-en-miami\/","title":{"rendered":"Dr Rodolfo Alfonso Especialista en Neuropat\u00eda en Miami"},"content":{"rendered":"\n<div id=\"wp-block-themeisle-blocks-advanced-columns-a2946a77\" class=\"wp-block-themeisle-blocks-advanced-columns alignfull has-2-columns has-desktop-equal-layout has-tablet-equal-layout has-mobile-collapsedRows-layout has-vertical-center ticss-a2946a77 has-dark-bg\"><div class=\"wp-block-themeisle-blocks-advanced-columns-overlay\"><\/div><div class=\"innerblocks-wrap\">\n<div id=\"wp-block-themeisle-blocks-advanced-column-bbddf55b\" class=\"wp-block-themeisle-blocks-advanced-column\"><div class=\"wp-block-image\">\n<figure class=\"aligncenter size-full\"><img loading=\"lazy\" decoding=\"async\" width=\"399\" height=\"476\" src=\"http:\/\/neuropathyreliefmiami.com\/wp-content\/uploads\/2025\/02\/image.webp\" alt=\"El Dr. Rodolfo Alfonso, especialista en neuropat\u00eda en Miami,\" class=\"wp-image-8561\" srcset=\"https:\/\/neuropathyreliefmiami.com\/wp-content\/uploads\/2025\/02\/image.webp 399w, https:\/\/neuropathyreliefmiami.com\/wp-content\/uploads\/2025\/02\/image-251x300.webp 251w\" sizes=\"auto, (max-width: 399px) 100vw, 399px\" \/><\/figure><\/div><\/div>\n\n\n\n<div id=\"wp-block-themeisle-blocks-advanced-column-92b2db05\" class=\"wp-block-themeisle-blocks-advanced-column\">\n<h2 id=\"wp-block-themeisle-blocks-advanced-heading-8f1f2647\" class=\"wp-block-themeisle-blocks-advanced-heading wp-block-themeisle-blocks-advanced-heading-8f1f2647\"><strong>Dr Rodolfo Alfonso Especialista en Neuropat\u00eda en Miami<\/strong><\/h2>\n\n\n\n<p class=\"has-white-color has-text-color\">La pasi\u00f3n del Dr. Rodolfo Alfonso por ayudar a los pacientes a superar la neuropat\u00eda tiene su origen en una experiencia profundamente personal. Tras presenciar la batalla de su padre contra la neuropat\u00eda perif\u00e9rica causada por la diabetes de tipo 2, el Dr. Alfonso vio de primera mano los efectos devastadores de esta enfermedad. El dolor ardiente, el entumecimiento y el hormigueo de su padre le obligaron a retirarse de su exitoso negocio de la construcci\u00f3n, rob\u00e1ndole la movilidad, la independencia y la capacidad de disfrutar de la jubilaci\u00f3n con su familia. Las limitadas opciones de tratamiento y la falta de soluciones eficaces inspiraron al Dr. Alfonso a buscar una forma mejor.   <\/p>\n<\/div>\n<\/div><\/div>\n\n\n\n<div style=\"height:38px\" aria-hidden=\"true\" class=\"wp-block-spacer\"><\/div>\n\n\n\n<div class=\"wp-block-columns is-layout-flex wp-container-core-columns-is-layout-1 wp-block-columns-is-layout-flex\">\n<div class=\"wp-block-column is-layout-flow wp-block-column-is-layout-flow\">\n<div style=\"height:29px\" aria-hidden=\"true\" class=\"wp-block-spacer\"><\/div>\n\n\n\n<p>Impulsado por la creencia de que la neuropat\u00eda puede tratarse sin recurrir a medicamentos ni a cirug\u00eda invasiva, el Dr. Alfonso dedic\u00f3 a\u00f1os a investigar, aprender y perfeccionar t\u00e9cnicas avanzadas. Asisti\u00f3 a seminarios de formaci\u00f3n de posgrado, trabaj\u00f3 con destacados especialistas en neuropat\u00eda e integr\u00f3 tecnolog\u00eda punta en su consulta. Este viaje condujo al desarrollo del <strong>Protocolo de Tratamiento de la Neuropat\u00eda del Dr.<\/strong> Alfonso, una soluci\u00f3n probada y sin f\u00e1rmacos que ha ayudado a innumerables pacientes a encontrar un alivio duradero y recuperar sus vidas.  <\/p>\n<\/div>\n\n\n\n<div class=\"wp-block-column is-layout-flow wp-block-column-is-layout-flow\">\n<figure class=\"wp-block-embed is-type-video is-provider-youtube wp-block-embed-youtube wp-embed-aspect-16-9 wp-has-aspect-ratio\"><div class=\"wp-block-embed__wrapper\">\n<div class=\"nv-iframe-embed\"><div class=\"container-lazyload preview-lazyload container-youtube js-lazyload--not-loaded\"><a href=\"https:\/\/www.youtube.com\/watch?v=ffViRaQsvMw\" class=\"lazy-load-youtube preview-lazyload preview-youtube\" data-video-title=\"Dr. Alfonso\u2019s Neuropathy Treatment Protocol 2023, Neuropathy Pain Relief!\" title=\"Play video &quot;Dr. Alfonso\u2019s Neuropathy Treatment Protocol 2023, Neuropathy Pain Relief!&quot;\" target=\"_blank\" rel=\"noopener\">https:\/\/www.youtube.com\/watch?v=ffViRaQsvMw<\/a><noscript>Video can&#8217;t be loaded because JavaScript is disabled: <a href=\"https:\/\/www.youtube.com\/watch?v=ffViRaQsvMw\" title=\"Dr. Alfonso\u2019s Neuropathy Treatment Protocol 2023, Neuropathy Pain Relief!\" target=\"_blank\" rel=\"noopener\">Dr. Alfonso\u2019s Neuropathy Treatment Protocol 2023, Neuropathy Pain Relief! (https:\/\/www.youtube.com\/watch?v=ffViRaQsvMw)<\/a><\/noscript><\/div><\/div>\n<\/div><\/figure>\n<\/div>\n<\/div>\n\n\n\n<p>El Dr. Alfonso comprende el dolor y la frustraci\u00f3n que experimentan los pacientes de neuropat\u00eda porque la vivi\u00f3 junto a su padre. Esta conexi\u00f3n personal alimenta su compromiso de proporcionar una atenci\u00f3n compasiva e individualizada a cada paciente. Su protocolo de tratamiento se centra en abordar las causas profundas de la neuropat\u00eda, mejorar la circulaci\u00f3n, regenerar los nervios da\u00f1ados y restablecer la movilidad y la independencia.  <\/p>\n\n\n\n<div class=\"wp-block-columns is-layout-flex wp-container-core-columns-is-layout-2 wp-block-columns-is-layout-flex\">\n<div class=\"wp-block-column is-layout-flow wp-block-column-is-layout-flow\">\n<h4 class=\"wp-block-heading has-neve-link-hover-color-color has-text-color has-link-color wp-elements-690916dac1a8e6ad3cac4073d334cd63\">Educaci\u00f3n y Formaci\u00f3n en Neuropat\u00eda:<\/h4>\n\n\n\n<ul class=\"wp-block-list\">\n<li>American Functional Neurology Institute.<br>Neurology and Neuropathy.<br>Chiropractic Neurology Center of Tupelo, Tupelo, MS.<\/li>\n\n\n\n<li>Instituto Americano de Neurolog\u00eda Funcional y Formaci\u00f3n en Equipo Total .Clase Magistral sobre Neuropat\u00eda. Denver, Colorado.<\/li>\n\n\n\n<li>Neuropathy Research, Diagnosis, and Treatment Protocols.<br>McPhail Clinic for Regenerative Medicine. Summerville, South Carolina.<\/li>\n<\/ul>\n<\/div>\n\n\n\n<div class=\"wp-block-column is-layout-flow wp-block-column-is-layout-flow\">\n<h4 class=\"wp-block-heading has-neve-link-hover-color-color has-text-color has-link-color wp-elements-f8387a8cbb5dad4f2f1a28c777dfb2ba\">La experiencia:<\/h4>\n\n\n\n<ul class=\"wp-block-list\">\n<li>Hialeah Wellness Rehab, Hialeah, FL 33156 (2002-2005)<\/li>\n\n\n\n<li>Affiliated Healthcare, Miami, FL 33143 (2005-2008)<\/li>\n\n\n\n<li>Neuropathy Relief Miami, Miami, FL 33143 (2008- Presente)<\/li>\n\n\n\n<li>Sunset Chiropractic &amp; Wellness, Miami, FL 33143 (2008- Presente)<\/li>\n<\/ul>\n<\/div>\n<\/div>\n\n\n\n<h3 class=\"wp-block-heading has-text-align-center has-neve-link-hover-color-color has-text-color has-link-color wp-elements-b055c57203b62c09a97939cef58a571d\">Si est\u00e1s luchando contra una neuropat\u00eda, el Dr. Alfonso te ofrece esperanza y un camino hacia la recuperaci\u00f3n. Su enfoque innovador ha transformado la vida de muchas personas, y tambi\u00e9n puede ayudarte a ti. Deja que la experiencia y dedicaci\u00f3n del Dr. Alfonso te gu\u00eden hacia una vida plena y sin dolor.<\/h3>\n\n\n\n<section id=\"wp-block-themeisle-blocks-advanced-columns-cb87630d\" class=\"wp-block-themeisle-blocks-advanced-columns alignfull has-1-columns has-desktop-equal-layout has-tablet-equal-layout has-mobile-equal-layout has-vertical-center has-dark-bg\"><div class=\"wp-block-themeisle-blocks-advanced-columns-overlay\"><\/div><div class=\"innerblocks-wrap\">\n<div id=\"wp-block-themeisle-blocks-advanced-column-a521c34e\" class=\"wp-block-themeisle-blocks-advanced-column\">\n<h2 class=\"wp-block-heading has-text-align-center has-text-color\" style=\"color:#fff200\">Ll\u00e1menos para una consulta gratuita<br><mark style=\"background-color:rgba(0, 0, 0, 0);color:#ffd900\" class=\"has-inline-color\"><br><a title=\"\" href=\"tel:\/\/+13052757475\">(305) 275-7475<\/a><\/mark><\/h2>\n\n\n\n<p class=\"has-text-align-center\">Solicita una consulta gratuita con el <strong><a href=\"\/es\/dr-rodolfo-alfonso\/\">Dr. Alfonso<\/a><\/strong> para saber c\u00f3mo puedes tratar de forma natural tus s\u00edntomas de Neuropat\u00eda sin procedimientos invasivos, cirug\u00eda ni medicamentos perjudiciales.<\/p>\n\n\n\n<p>S\u00edguenos en I<a href=\"https:\/\/www.instagram.com\/neuropathyreliefmiami\/\" target=\"_blank\" rel=\"noreferrer noopener\">nstagram<\/a>, <a href=\"https:\/\/www.facebook.com\/NeuropathyReliefMiami\" target=\"_blank\" rel=\"noreferrer noopener\">Facebook<\/a>, Y <a href=\"https:\/\/www.youtube.com\/channel\/UCYPTI-iMVVuO0uUdIIYD-HQ\" target=\"_blank\" rel=\"noreferrer noopener\">YouTube<\/a> para recibir actualizaciones, historias de \u00e9xito de pacientes y conocimientos expertos sobre el tratamiento de la neuropat\u00eda.<\/p>\n\n\n\n<div class=\"wp-block-buttons is-content-justification-center is-layout-flex wp-container-core-buttons-is-layout-1 wp-block-buttons-is-layout-flex\">\n<div class=\"wp-block-button is-style-primary\"><a class=\"wp-block-button__link has-text-color has-background has-link-color wp-element-button\" href=\"\/es\/citas\/\" style=\"color:#080808;background-color:#ffd20a\">RESERVAR MI CONSULTA GRATUITA<\/a><\/div>\n<\/div>\n<\/div>\n<\/div><\/section>\n","protected":false},"excerpt":{"rendered":"<p>Impulsado por la creencia de que la neuropat\u00eda puede tratarse sin recurrir a medicamentos ni a cirug\u00eda invasiva, el Dr. Alfonso dedic\u00f3 a\u00f1os a investigar, aprender y perfeccionar t\u00e9cnicas avanzadas. Asisti\u00f3 a seminarios de formaci\u00f3n de posgrado, trabaj\u00f3 con destacados especialistas en neuropat\u00eda e integr\u00f3 tecnolog\u00eda punta en su consulta. Este viaje condujo al desarrollo&hellip;&nbsp;<a href=\"https:\/\/neuropathyreliefmiami.com\/es\/dr-rodolfo-alfonso-especialista-en-neuropatia-en-miami\/\" rel=\"bookmark\">Read More &raquo;<span class=\"screen-reader-text\">Dr Rodolfo Alfonso Especialista en Neuropat\u00eda en Miami<\/span><\/a><\/p>\n","protected":false},"author":3,"featured_media":0,"parent":0,"menu_order":0,"comment_status":"closed","ping_status":"closed","template":"","meta":{"neve_meta_sidebar":"","neve_meta_container":"","neve_meta_enable_content_width":"","neve_meta_content_width":0,"neve_meta_title_alignment":"","neve_meta_author_avatar":"","neve_post_elements_order":"","neve_meta_disable_header":"off","neve_meta_disable_footer":"","neve_meta_disable_title":"on","neve_meta_reading_time":"","_themeisle_gutenberg_block_has_review":false,"footnotes":""},"class_list":["post-2303","page","type-page","status-publish","hentry"],"_links":{"self":[{"href":"https:\/\/neuropathyreliefmiami.com\/es\/wp-json\/wp\/v2\/pages\/2303","targetHints":{"allow":["GET"]}}],"collection":[{"href":"https:\/\/neuropathyreliefmiami.com\/es\/wp-json\/wp\/v2\/pages"}],"about":[{"href":"https:\/\/neuropathyreliefmiami.com\/es\/wp-json\/wp\/v2\/types\/page"}],"author":[{"embeddable":true,"href":"https:\/\/neuropathyreliefmiami.com\/es\/wp-json\/wp\/v2\/users\/3"}],"replies":[{"embeddable":true,"href":"https:\/\/neuropathyreliefmiami.com\/es\/wp-json\/wp\/v2\/comments?post=2303"}],"version-history":[{"count":12,"href":"https:\/\/neuropathyreliefmiami.com\/es\/wp-json\/wp\/v2\/pages\/2303\/revisions"}],"predecessor-version":[{"id":8805,"href":"https:\/\/neuropathyreliefmiami.com\/es\/wp-json\/wp\/v2\/pages\/2303\/revisions\/8805"}],"wp:attachment":[{"href":"https:\/\/neuropathyreliefmiami.com\/es\/wp-json\/wp\/v2\/media?parent=2303"}],"curies":[{"name":"wp","href":"https:\/\/api.w.org\/{rel}","templated":true}]}}